{"id":742317,"date":"2025-08-28T01:08:58","date_gmt":"2025-08-27T22:08:58","guid":{"rendered":"https:\/\/roveyayinevi.com.tr\/index.php\/urun\/postmodernizm\/"},"modified":"2025-11-08T08:10:00","modified_gmt":"2025-11-08T05:10:00","slug":"postmodernizm","status":"publish","type":"product","link":"https:\/\/roveyayinevi.com.tr\/index.php\/urun\/postmodernizm\/","title":{"rendered":"Postmodernizm"},"content":{"rendered":"<p>Postmodernizm, g\u00fcn\u00fcm\u00fczde \u00e7ok\u00e7a telaffuz edilen, ama \u00e7o\u011fu ki\u015fi i\u00e7in ne oldu\u011fu tam olarak kavran\u0131p tan\u0131mlanamayan belirsiz bir kavram. Bir f\u0131rsat\u0131 m\u0131, yoksa bir erozyonu mu; bir dayatmay\u0131 m\u0131, yoksa \u00f6zg\u00fcrle\u015fmeyi mi temsil etti\u011fi konusunda da bir fikir birli\u011fi oldu\u011funu s\u00f6ylemek g\u00fc\u00e7. Postmodernizm tart\u0131\u015fmalar\u0131nda \u00f6nc\u00fc bir yere sahip bulunan Amerika\u2019n\u0131n en dikkate de\u011fer entelekt\u00fceli ve uluslararas\u0131 alanda tan\u0131nan edebiyat kuramc\u0131s\u0131 Fredric Jameson, bu zor konuyu Marksist bir ele\u015ftirel mesafeyle ele al\u0131yor. Jameson postmodernizmin, kapitalizm taraf\u0131ndan y\u00f6nlendirilen bir kitle k\u00fclt\u00fcr\u00fc olarak g\u00fcnl\u00fck hayat\u0131m\u0131z\u0131n her y\u00f6n\u00fcne n\u00fcfuz etti\u011fini ileri s\u00fcr\u00fcyor. Bu \u00f6zelli\u011fiyle ideolojileri \u015fekillendirmesi ve bunu da medya k\u00fclt\u00fcr\u00fc \u00fczerinden bir hegemonyaya d\u00f6n\u00fc\u015ft\u00fcrmesi ise postmodern d\u00fcnyada insanlar\u0131n ya\u015fama bi\u00e7imlerinin belirlenmesinde i\u015fleyen s\u00fcreci yans\u0131t\u0131yor. Sanat eserlerinden mimariye, teorik tart\u0131\u015fmalardan ekonomiye dek pek \u00e7ok ayr\u0131nt\u0131ya yer veren Jameson\u2019\u0131n bu kitab\u0131, postmodernizm konusunda \u00e7arp\u0131c\u0131 ve derinlikli bir tart\u0131\u015fma.<\/p>\n","protected":false},"excerpt":{"rendered":"<p>Postmodernizm, g\u00fcn\u00fcm\u00fczde \u00e7ok\u00e7a telaffuz edilen, ama \u00e7o\u011fu ki\u015fi i\u00e7in ne oldu\u011fu tam olarak kavran\u0131p tan\u0131mlanamayan belirsiz bir kavram. Bir f\u0131rsat\u0131 m\u0131, yoksa bir erozyonu mu; bir<span class=\"excerpt-hellip\"> [\u2026]<\/span><\/p>\n","protected":false},"featured_media":0,"template":"","meta":{"_monsterinsights_skip_tracking":false,"_monsterinsights_sitenote_active":false,"_monsterinsights_sitenote_note":"","_monsterinsights_sitenote_category":0},"product_brand":[],"product_cat":[16038,12388],"product_tag":[],"class_list":{"0":"post-742317","1":"product","2":"type-product","3":"status-publish","5":"product_cat-arastirma-inceleme-referans-felsefe","6":"product_cat-felsefe","7":"pa_cilt-ciltsiz","8":"pa_tur-kitap","9":"pa_yayinevi-alfa-yayinlari","10":"pa_yazar-fredric-jameson","12":"first","13":"instock","14":"sale","15":"shipping-taxable","16":"purchasable","17":"product-type-simple"},"_links":{"self":[{"href":"https:\/\/roveyayinevi.com.tr\/index.php\/wp-json\/wp\/v2\/product\/742317","targetHints":{"allow":["GET"]}}],"collection":[{"href":"https:\/\/roveyayinevi.com.tr\/index.php\/wp-json\/wp\/v2\/product"}],"about":[{"href":"https:\/\/roveyayinevi.com.tr\/index.php\/wp-json\/wp\/v2\/types\/product"}],"wp:attachment":[{"href":"https:\/\/roveyayinevi.com.tr\/index.php\/wp-json\/wp\/v2\/media?parent=742317"}],"wp:term":[{"taxonomy":"product_brand","embeddable":true,"href":"https:\/\/roveyayinevi.com.tr\/index.php\/wp-json\/wp\/v2\/product_brand?post=742317"},{"taxonomy":"product_cat","embeddable":true,"href":"https:\/\/roveyayinevi.com.tr\/index.php\/wp-json\/wp\/v2\/product_cat?post=742317"},{"taxonomy":"product_tag","embeddable":true,"href":"https:\/\/roveyayinevi.com.tr\/index.php\/wp-json\/wp\/v2\/product_tag?post=742317"}],"curies":[{"name":"wp","href":"https:\/\/api.w.org\/{rel}","templated":true}]}}