{"id":742316,"date":"2025-08-28T01:08:56","date_gmt":"2025-08-27T22:08:56","guid":{"rendered":"https:\/\/roveyayinevi.com.tr\/index.php\/urun\/sadece-bes-dakika-daha\/"},"modified":"2026-04-16T02:53:24","modified_gmt":"2026-04-15T23:53:24","slug":"sadece-bes-dakika-daha","status":"publish","type":"product","link":"https:\/\/roveyayinevi.com.tr\/index.php\/urun\/sadece-bes-dakika-daha\/","title":{"rendered":"Sadece Be\u015f Dakika Daha"},"content":{"rendered":"<p>D\u00fcnyay\u0131 bir \u00e7ocu\u011fun g\u00f6z\u00fcnden g\u00f6rmek, yazarl\u0131\u011f\u0131n ula\u015faca\u011f\u0131 en tepe noktalardand\u0131r. Patricija Per\u0161olja, bunu ba\u015far\u0131yor.Yeti\u015fkinlerin d\u00fcnyas\u0131, \u00e7ocuklar\u0131n zihinlerine dayat\u0131l\u0131r. \u00c7ocuklar, onlar\u0131n ald\u0131\u011f\u0131 kararlar\u0131n sonu\u00e7lar\u0131n\u0131 ya\u015farlar. Duygu d\u00fcnyalar\u0131 bi\u00e7imlenirken, bu zor ya\u015fam deneyimini de g\u00f6\u011f\u00fcslemeleri beklenir.Sadece Be\u015f Dakika Daha; bir \u00e7ocu\u011fun yakar\u0131\u015f\u0131, ebevenlerine i\u00e7ten bir sesleni\u015fi ve duygular\u0131n\u0131 ifade edi\u015f bi\u00e7imi. Yeti\u015fkinler i\u00e7in \u00e7ok \u00f6nemsiz bu s\u00fcre, bazen bir \u00e7ocu\u011fun g\u00f6z\u00fcnde d\u00fcnyaya bedel.Kitaplar bir g\u00f6l gibi b\u00fct\u00fcn hayat\u0131 yans\u0131t\u0131rlar. Belki de insanl\u0131k tarihinde ilk defa bu nesil, yeti\u015fkinlerden farkl\u0131 bir \u00f6\u011frenme ve dil i\u00e7ine do\u011fup b\u00fcy\u00fcyorlar ve elbette kitaplar\u0131n bu yeni nesile, onlara \u00f6zg\u00fc bir dinamikle e\u015flik etmesi gerekiyor.Sadece Be\u015f Dakika Daha, bu \u00f6zlemle kaleme al\u0131nd\u0131.<\/p>\n","protected":false},"excerpt":{"rendered":"<p>D\u00fcnyay\u0131 bir \u00e7ocu\u011fun g\u00f6z\u00fcnden g\u00f6rmek, yazarl\u0131\u011f\u0131n ula\u015faca\u011f\u0131 en tepe noktalardand\u0131r. Patricija Per\u0161olja, bunu ba\u015far\u0131yor.Yeti\u015fkinlerin d\u00fcnyas\u0131, \u00e7ocuklar\u0131n zihinlerine dayat\u0131l\u0131r. \u00c7ocuklar, onlar\u0131n ald\u0131\u011f\u0131 kararlar\u0131n sonu\u00e7lar\u0131n\u0131 ya\u015farlar. Duygu d\u00fcnyalar\u0131<span class=\"excerpt-hellip\"> [\u2026]<\/span><\/p>\n","protected":false},"featured_media":0,"template":"","meta":{"_monsterinsights_skip_tracking":false,"_monsterinsights_sitenote_active":false,"_monsterinsights_sitenote_note":"","_monsterinsights_sitenote_category":0},"product_brand":[],"product_cat":[12689,12274],"product_tag":[],"class_list":{"0":"post-742316","1":"product","2":"type-product","3":"status-publish","5":"product_cat-cizgi-roman-cocuk-ve-genclik-kitaplari","6":"product_cat-cocuk-ve-genclik-kitaplari","7":"pa_cilt-ciltsiz","8":"pa_tur-kitap","9":"pa_yayinevi-yeni-insan-yayinlari","10":"pa_yazar-patricija-persolja","12":"first","13":"instock","14":"sale","15":"shipping-taxable","16":"purchasable","17":"product-type-simple"},"_links":{"self":[{"href":"https:\/\/roveyayinevi.com.tr\/index.php\/wp-json\/wp\/v2\/product\/742316","targetHints":{"allow":["GET"]}}],"collection":[{"href":"https:\/\/roveyayinevi.com.tr\/index.php\/wp-json\/wp\/v2\/product"}],"about":[{"href":"https:\/\/roveyayinevi.com.tr\/index.php\/wp-json\/wp\/v2\/types\/product"}],"wp:attachment":[{"href":"https:\/\/roveyayinevi.com.tr\/index.php\/wp-json\/wp\/v2\/media?parent=742316"}],"wp:term":[{"taxonomy":"product_brand","embeddable":true,"href":"https:\/\/roveyayinevi.com.tr\/index.php\/wp-json\/wp\/v2\/product_brand?post=742316"},{"taxonomy":"product_cat","embeddable":true,"href":"https:\/\/roveyayinevi.com.tr\/index.php\/wp-json\/wp\/v2\/product_cat?post=742316"},{"taxonomy":"product_tag","embeddable":true,"href":"https:\/\/roveyayinevi.com.tr\/index.php\/wp-json\/wp\/v2\/product_tag?post=742316"}],"curies":[{"name":"wp","href":"https:\/\/api.w.org\/{rel}","templated":true}]}}