{"id":742313,"date":"2025-08-28T01:08:53","date_gmt":"2025-08-27T22:08:53","guid":{"rendered":"https:\/\/roveyayinevi.com.tr\/index.php\/urun\/evrenin-koruyucu-baliklari\/"},"modified":"2026-04-16T02:53:24","modified_gmt":"2026-04-15T23:53:24","slug":"evrenin-koruyucu-baliklari","status":"publish","type":"product","link":"https:\/\/roveyayinevi.com.tr\/index.php\/urun\/evrenin-koruyucu-baliklari\/","title":{"rendered":"Evrenin Koruyucu Bal\u0131klar\u0131"},"content":{"rendered":"<p>Bal\u0131klar\u0131n yan\u0131nda m\u00fcthi\u015f bir maceraya haz\u0131r m\u0131s\u0131n\u0131z?Denizler i\u00e7inde bar\u0131nd\u0131rd\u0131klar\u0131 binbir \u00e7e\u015fit canl\u0131yla benzersiz bir evren, u\u00e7suz bucaks\u0131z bir diyar ve masmavi bir d\u00fc\u015fler \u00fclkesi gibi uzan\u0131yor. Bu sessiz ileti\u015fimin alt\u0131nda bamba\u015fka bir d\u00fcnya yatt\u0131\u011f\u0131n\u0131 biliyor musunuz?\u00c7ocuklar i\u00e7in hayal g\u00fcc\u00fc; her g\u00fcn peki\u015ftirmeleri gereken, onlar\u0131 mutlu ve huzurlu hissettiren harikalar d\u00fcnyas\u0131d\u0131r. Onlar\u0131n hayal g\u00fc\u00e7lerine gem vurmak yerine \u00f6zg\u00fcr b\u0131rakmak, yar\u0131n kuracaklar\u0131 d\u00fcnyada \u00e7ocuklara k\u0131lavuz olacak, ilham verecek ve ba\u015far\u0131l\u0131 k\u0131lacakt\u0131r.Sekiz aya\u011f\u0131na sekiz ayakkab\u0131 giyen ahtapot, neler ba\u015faraca\u011f\u0131n\u0131 gayet iyi bilen dikenli bal\u0131k, bir araya gelerek g\u00fc\u00e7lenen k\u00fc\u00e7\u00fck bal\u0131klar ve her \u015feyi bilen ak\u0131ll\u0131 kurdele bal\u0131\u011f\u0131. Kitab\u0131n enfes \u00e7izimleri aras\u0131nda sizinle maceraya at\u0131lmak i\u00e7in heyecanla bekliyorlar.<\/p>\n","protected":false},"excerpt":{"rendered":"<p>Bal\u0131klar\u0131n yan\u0131nda m\u00fcthi\u015f bir maceraya haz\u0131r m\u0131s\u0131n\u0131z?Denizler i\u00e7inde bar\u0131nd\u0131rd\u0131klar\u0131 binbir \u00e7e\u015fit canl\u0131yla benzersiz bir evren, u\u00e7suz bucaks\u0131z bir diyar ve masmavi bir d\u00fc\u015fler \u00fclkesi gibi uzan\u0131yor.<span class=\"excerpt-hellip\"> [\u2026]<\/span><\/p>\n","protected":false},"featured_media":0,"template":"","meta":{"_monsterinsights_skip_tracking":false,"_monsterinsights_sitenote_active":false,"_monsterinsights_sitenote_note":"","_monsterinsights_sitenote_category":0},"product_brand":[],"product_cat":[12913,12274],"product_tag":[],"class_list":{"0":"post-742313","1":"product","2":"type-product","3":"status-publish","5":"product_cat-3-6-yas-kitaplari","6":"product_cat-cocuk-ve-genclik-kitaplari","7":"pa_cilt-ciltsiz","8":"pa_tur-kitap","9":"pa_yayinevi-yeni-insan-yayinlari","10":"pa_yazar-kestutis-kasparavicius","12":"first","13":"instock","14":"sale","15":"shipping-taxable","16":"purchasable","17":"product-type-simple"},"_links":{"self":[{"href":"https:\/\/roveyayinevi.com.tr\/index.php\/wp-json\/wp\/v2\/product\/742313","targetHints":{"allow":["GET"]}}],"collection":[{"href":"https:\/\/roveyayinevi.com.tr\/index.php\/wp-json\/wp\/v2\/product"}],"about":[{"href":"https:\/\/roveyayinevi.com.tr\/index.php\/wp-json\/wp\/v2\/types\/product"}],"wp:attachment":[{"href":"https:\/\/roveyayinevi.com.tr\/index.php\/wp-json\/wp\/v2\/media?parent=742313"}],"wp:term":[{"taxonomy":"product_brand","embeddable":true,"href":"https:\/\/roveyayinevi.com.tr\/index.php\/wp-json\/wp\/v2\/product_brand?post=742313"},{"taxonomy":"product_cat","embeddable":true,"href":"https:\/\/roveyayinevi.com.tr\/index.php\/wp-json\/wp\/v2\/product_cat?post=742313"},{"taxonomy":"product_tag","embeddable":true,"href":"https:\/\/roveyayinevi.com.tr\/index.php\/wp-json\/wp\/v2\/product_tag?post=742313"}],"curies":[{"name":"wp","href":"https:\/\/api.w.org\/{rel}","templated":true}]}}