{"id":742311,"date":"2025-08-28T01:08:50","date_gmt":"2025-08-27T22:08:50","guid":{"rendered":"https:\/\/roveyayinevi.com.tr\/index.php\/urun\/kiraat-tefsir-iliskisi-acisindan-nisaburinin-tefsir-yonteminde-kiraat-olgusu\/"},"modified":"2026-04-16T02:53:24","modified_gmt":"2026-04-15T23:53:24","slug":"kiraat-tefsir-iliskisi-acisindan-nisaburinin-tefsir-yonteminde-kiraat-olgusu","status":"publish","type":"product","link":"https:\/\/roveyayinevi.com.tr\/index.php\/urun\/kiraat-tefsir-iliskisi-acisindan-nisaburinin-tefsir-yonteminde-kiraat-olgusu\/","title":{"rendered":"K\u0131raat-Tefsir \u0130li\u015fkisi A\u00e7\u0131s\u0131ndan N\u00ees\u00e2b\u00fbr\u00ee\u2019nin Tefsir Y\u00f6nteminde K\u0131raat Olgusu"},"content":{"rendered":"<p>K\u0131raat-Tefsir \u0130li\u015fkisi A\u00e7\u0131s\u0131ndan N\u00ees\u00e2b\u00fbr\u00ee\u2019nin Tefsir Y\u00f6nteminde K\u0131raat Olgusu <\/p>\n","protected":false},"excerpt":{"rendered":"<p>K\u0131raat-Tefsir \u0130li\u015fkisi A\u00e7\u0131s\u0131ndan N\u00ees\u00e2b\u00fbr\u00ee\u2019nin Tefsir Y\u00f6nteminde K\u0131raat Olgusu<\/p>\n","protected":false},"featured_media":0,"template":"","meta":{"_monsterinsights_skip_tracking":false,"_monsterinsights_sitenote_active":false,"_monsterinsights_sitenote_note":"","_monsterinsights_sitenote_category":0},"product_brand":[],"product_cat":[12573,12566],"product_tag":[],"class_list":{"0":"post-742311","1":"product","2":"type-product","3":"status-publish","5":"product_cat-akademik-kitaplar","6":"product_cat-egitim","7":"pa_cilt-ciltsiz","8":"pa_tur-kitap","9":"pa_yayinevi-soncag-akademik-kitaplar","10":"pa_yazar-yunus-iseri","12":"first","13":"instock","14":"sale","15":"shipping-taxable","16":"purchasable","17":"product-type-simple"},"_links":{"self":[{"href":"https:\/\/roveyayinevi.com.tr\/index.php\/wp-json\/wp\/v2\/product\/742311","targetHints":{"allow":["GET"]}}],"collection":[{"href":"https:\/\/roveyayinevi.com.tr\/index.php\/wp-json\/wp\/v2\/product"}],"about":[{"href":"https:\/\/roveyayinevi.com.tr\/index.php\/wp-json\/wp\/v2\/types\/product"}],"wp:attachment":[{"href":"https:\/\/roveyayinevi.com.tr\/index.php\/wp-json\/wp\/v2\/media?parent=742311"}],"wp:term":[{"taxonomy":"product_brand","embeddable":true,"href":"https:\/\/roveyayinevi.com.tr\/index.php\/wp-json\/wp\/v2\/product_brand?post=742311"},{"taxonomy":"product_cat","embeddable":true,"href":"https:\/\/roveyayinevi.com.tr\/index.php\/wp-json\/wp\/v2\/product_cat?post=742311"},{"taxonomy":"product_tag","embeddable":true,"href":"https:\/\/roveyayinevi.com.tr\/index.php\/wp-json\/wp\/v2\/product_tag?post=742311"}],"curies":[{"name":"wp","href":"https:\/\/api.w.org\/{rel}","templated":true}]}}