{"id":742309,"date":"2025-08-28T01:08:48","date_gmt":"2025-08-27T22:08:48","guid":{"rendered":"https:\/\/roveyayinevi.com.tr\/index.php\/urun\/kanal-istanbul-ve-montro-bogazlar-sozlesmesi\/"},"modified":"2026-04-16T02:53:24","modified_gmt":"2026-04-15T23:53:24","slug":"kanal-istanbul-ve-montro-bogazlar-sozlesmesi","status":"publish","type":"product","link":"https:\/\/roveyayinevi.com.tr\/index.php\/urun\/kanal-istanbul-ve-montro-bogazlar-sozlesmesi\/","title":{"rendered":"Kanal \u0130stanbul Ve Montr\u00f6 Bo\u011fazlar S\u00f6zle\u015fmesi"},"content":{"rendered":"<p>Kanal \u0130stanbul Ve Montr\u00f6 Bo\u011fazlar S\u00f6zle\u015fmesi<\/p>\n","protected":false},"excerpt":{"rendered":"<p>Kanal \u0130stanbul Ve Montr\u00f6 Bo\u011fazlar S\u00f6zle\u015fmesi<\/p>\n","protected":false},"featured_media":0,"template":"","meta":{"_monsterinsights_skip_tracking":false,"_monsterinsights_sitenote_active":false,"_monsterinsights_sitenote_note":"","_monsterinsights_sitenote_category":0},"product_brand":[],"product_cat":[12325,12324],"product_tag":[],"class_list":{"0":"post-742309","1":"product","2":"type-product","3":"status-publish","5":"product_cat-diger-sosyoloji","6":"product_cat-sosyoloji","7":"pa_cilt-ciltsiz","8":"pa_tur-kitap","9":"pa_yayinevi-soncag","10":"pa_yazar-mehmet-bahattin-adiguzel","12":"first","13":"instock","14":"sale","15":"shipping-taxable","16":"purchasable","17":"product-type-simple"},"_links":{"self":[{"href":"https:\/\/roveyayinevi.com.tr\/index.php\/wp-json\/wp\/v2\/product\/742309","targetHints":{"allow":["GET"]}}],"collection":[{"href":"https:\/\/roveyayinevi.com.tr\/index.php\/wp-json\/wp\/v2\/product"}],"about":[{"href":"https:\/\/roveyayinevi.com.tr\/index.php\/wp-json\/wp\/v2\/types\/product"}],"wp:attachment":[{"href":"https:\/\/roveyayinevi.com.tr\/index.php\/wp-json\/wp\/v2\/media?parent=742309"}],"wp:term":[{"taxonomy":"product_brand","embeddable":true,"href":"https:\/\/roveyayinevi.com.tr\/index.php\/wp-json\/wp\/v2\/product_brand?post=742309"},{"taxonomy":"product_cat","embeddable":true,"href":"https:\/\/roveyayinevi.com.tr\/index.php\/wp-json\/wp\/v2\/product_cat?post=742309"},{"taxonomy":"product_tag","embeddable":true,"href":"https:\/\/roveyayinevi.com.tr\/index.php\/wp-json\/wp\/v2\/product_tag?post=742309"}],"curies":[{"name":"wp","href":"https:\/\/api.w.org\/{rel}","templated":true}]}}