{"id":742308,"date":"2025-08-28T01:08:47","date_gmt":"2025-08-27T22:08:47","guid":{"rendered":"https:\/\/roveyayinevi.com.tr\/index.php\/urun\/evini-arayan-yildiz\/"},"modified":"2026-04-16T02:53:24","modified_gmt":"2026-04-15T23:53:24","slug":"evini-arayan-yildiz","status":"publish","type":"product","link":"https:\/\/roveyayinevi.com.tr\/index.php\/urun\/evini-arayan-yildiz\/","title":{"rendered":"Evini Arayan Y\u0131ld\u0131z"},"content":{"rendered":"<p>Bir aray\u0131\u015f hik\u00e2yesi   Minik Y\u0131ld\u0131z koskoca evrende kendine bir ev bulamam\u0131\u015ft\u0131. Ama bu aray\u0131\u015f\u0131 s\u0131ras\u0131nda, belki de bakt\u0131\u011f\u0131 yeri de\u011fi\u015ftirmeliydi! Gizem Darendelio\u011flu\u2019nun yaz\u0131p resimledi\u011fi Evini Arayan Y\u0131ld\u0131z merakl\u0131, \u015fa\u015fk\u0131n, sevimli ve tela\u015fl\u0131 bir aray\u0131\u015f hik\u00e2yesi\u2026   Minik Y\u0131ld\u0131z h\u0131zla d\u00fc\u015f\u00fcyordu. Tahmin edersiniz ki epey de \u00fczg\u00fcnd\u00fc.   \u201cB\u00f6yle zamanlarda her \u015fey \u00fcst \u00fcste gelir\u201d derler. Y\u0131ld\u0131z\u0131n ba\u015f\u0131na gelenleri bir g\u00f6rseler g\u00fclerler!   \u0130\u015fte \u015fimdi de bir \u015feyle \u00e7arp\u0131\u015ft\u0131! Kafas\u0131n\u0131 ve g\u00f6vdesini kontrol etti. \u201cOh be!\u201d Be\u015f k\u00f6\u015fesi de yerli yerindeydi! Peki ya \u00e7arpt\u0131\u011f\u0131 \u015fey, o da neydi? <\/p>\n","protected":false},"excerpt":{"rendered":"<p>Bir aray\u0131\u015f hik\u00e2yesi Minik Y\u0131ld\u0131z koskoca evrende kendine bir ev bulamam\u0131\u015ft\u0131. Ama bu aray\u0131\u015f\u0131 s\u0131ras\u0131nda, belki de bakt\u0131\u011f\u0131 yeri de\u011fi\u015ftirmeliydi! Gizem Darendelio\u011flu\u2019nun yaz\u0131p resimledi\u011fi Evini Arayan<span class=\"excerpt-hellip\"> [\u2026]<\/span><\/p>\n","protected":false},"featured_media":0,"template":"","meta":{"_monsterinsights_skip_tracking":false,"_monsterinsights_sitenote_active":false,"_monsterinsights_sitenote_note":"","_monsterinsights_sitenote_category":0},"product_brand":[],"product_cat":[12689,12274],"product_tag":[],"class_list":{"0":"post-742308","1":"product","2":"type-product","3":"status-publish","5":"product_cat-cizgi-roman-cocuk-ve-genclik-kitaplari","6":"product_cat-cocuk-ve-genclik-kitaplari","7":"pa_cilt-ciltli","8":"pa_tur-kitap","9":"pa_yayinevi-yapi-kredi-yayinlari","10":"pa_yazar-gizem-darendelioglu","12":"first","13":"instock","14":"sale","15":"shipping-taxable","16":"purchasable","17":"product-type-simple"},"_links":{"self":[{"href":"https:\/\/roveyayinevi.com.tr\/index.php\/wp-json\/wp\/v2\/product\/742308","targetHints":{"allow":["GET"]}}],"collection":[{"href":"https:\/\/roveyayinevi.com.tr\/index.php\/wp-json\/wp\/v2\/product"}],"about":[{"href":"https:\/\/roveyayinevi.com.tr\/index.php\/wp-json\/wp\/v2\/types\/product"}],"wp:attachment":[{"href":"https:\/\/roveyayinevi.com.tr\/index.php\/wp-json\/wp\/v2\/media?parent=742308"}],"wp:term":[{"taxonomy":"product_brand","embeddable":true,"href":"https:\/\/roveyayinevi.com.tr\/index.php\/wp-json\/wp\/v2\/product_brand?post=742308"},{"taxonomy":"product_cat","embeddable":true,"href":"https:\/\/roveyayinevi.com.tr\/index.php\/wp-json\/wp\/v2\/product_cat?post=742308"},{"taxonomy":"product_tag","embeddable":true,"href":"https:\/\/roveyayinevi.com.tr\/index.php\/wp-json\/wp\/v2\/product_tag?post=742308"}],"curies":[{"name":"wp","href":"https:\/\/api.w.org\/{rel}","templated":true}]}}