{"id":742307,"date":"2025-08-28T01:08:46","date_gmt":"2025-08-27T22:08:46","guid":{"rendered":"https:\/\/roveyayinevi.com.tr\/index.php\/urun\/biyografik-shakespeare\/"},"modified":"2026-04-16T02:53:24","modified_gmt":"2026-04-15T23:53:24","slug":"biyografik-shakespeare","status":"publish","type":"product","link":"https:\/\/roveyayinevi.com.tr\/index.php\/urun\/biyografik-shakespeare\/","title":{"rendered":"Biyografik Shakespeare"},"content":{"rendered":"<p>William Shakespeare; yayg\u0131n olarak bilindi\u011fi \u00fczere t\u00fcm zamanlar\u0131n en \u00fcnl\u00fc tiyatro oyunlar\u0131ndan Hamlet, Macbeth ve Bir Yaz Gecesi R\u00fcyas\u0131 gibi eserleri kaleme alm\u0131\u015ft\u0131r. Ancak bu kitapla bildiklerinizin \u00f6tesine ge\u00e7ecek, eserinde \u00f6l\u00fcmlerin \u00e7o\u011funun b\u0131\u00e7aklama yoluyla ger\u00e7ekle\u015fti\u011fi, ba\u011flant\u0131l\u0131 oldu\u011fu tiyatro topluluklar\u0131 ve vasiyetinde e\u015fi Anne Hathaway\u2019e sadece birka\u00e7 par\u00e7a mobilya b\u0131rakt\u0131\u011f\u0131 gibi bir\u00e7ok detayl\u0131 konu hakk\u0131nda bilgi sahibi olacaks\u0131n\u0131z.    Biyografik serisi farkl\u0131 alanlardan d\u00fcnyan\u0131n en \u00f6nemli yarat\u0131c\u0131 isimlerinin biyografilerini tamamen yeni bir yakla\u015f\u0131mla okurlara sunuyor. Ayn\u0131 zamanda bu ki\u015filere dair birbirinden ilgin\u00e7, ayr\u0131nt\u0131l\u0131 bilgileri resimlerle ve kolay anla\u015f\u0131l\u0131r kategoriler e\u015fli\u011finde aktararak zevkli bir \u00f6\u011frenme yolculu\u011fu vaat ediyor. \u00d6zel hayatlar\u0131yla ilgili detaylar, ya\u015fad\u0131klar\u0131 d\u00f6nemde d\u00fcnyada olup bitenler, kendilerini etkileyen olaylar, \u00e7al\u0131\u015fmalar\u0131yla ilgili ilgin\u00e7 istatistikler ve d\u00fc\u015f\u00fcnsel miraslar\u0131n\u0131n b\u0131rakt\u0131\u011f\u0131 izler e\u015fli\u011finde serinin kahramanlar\u0131 hakk\u0131nda derinlemesine bilgiler edinmeye haz\u0131r m\u0131s\u0131n\u0131z? <\/p>\n","protected":false},"excerpt":{"rendered":"<p>William Shakespeare; yayg\u0131n olarak bilindi\u011fi \u00fczere t\u00fcm zamanlar\u0131n en \u00fcnl\u00fc tiyatro oyunlar\u0131ndan Hamlet, Macbeth ve Bir Yaz Gecesi R\u00fcyas\u0131 gibi eserleri kaleme alm\u0131\u015ft\u0131r. Ancak bu kitapla<span class=\"excerpt-hellip\"> [\u2026]<\/span><\/p>\n","protected":false},"featured_media":0,"template":"","meta":{"_monsterinsights_skip_tracking":false,"_monsterinsights_sitenote_active":false,"_monsterinsights_sitenote_note":"","_monsterinsights_sitenote_category":0},"product_brand":[],"product_cat":[14009,12291],"product_tag":[],"class_list":{"0":"post-742307","1":"product","2":"type-product","3":"status-publish","5":"product_cat-biyografi-otobiyografi-edebiyat","6":"product_cat-edebiyat","7":"pa_cilt-ciltli","8":"pa_tur-kitap","9":"pa_yayinevi-nepal-kitap","10":"pa_yazar-viv-croot","12":"first","13":"instock","14":"sale","15":"shipping-taxable","16":"purchasable","17":"product-type-simple"},"_links":{"self":[{"href":"https:\/\/roveyayinevi.com.tr\/index.php\/wp-json\/wp\/v2\/product\/742307","targetHints":{"allow":["GET"]}}],"collection":[{"href":"https:\/\/roveyayinevi.com.tr\/index.php\/wp-json\/wp\/v2\/product"}],"about":[{"href":"https:\/\/roveyayinevi.com.tr\/index.php\/wp-json\/wp\/v2\/types\/product"}],"wp:attachment":[{"href":"https:\/\/roveyayinevi.com.tr\/index.php\/wp-json\/wp\/v2\/media?parent=742307"}],"wp:term":[{"taxonomy":"product_brand","embeddable":true,"href":"https:\/\/roveyayinevi.com.tr\/index.php\/wp-json\/wp\/v2\/product_brand?post=742307"},{"taxonomy":"product_cat","embeddable":true,"href":"https:\/\/roveyayinevi.com.tr\/index.php\/wp-json\/wp\/v2\/product_cat?post=742307"},{"taxonomy":"product_tag","embeddable":true,"href":"https:\/\/roveyayinevi.com.tr\/index.php\/wp-json\/wp\/v2\/product_tag?post=742307"}],"curies":[{"name":"wp","href":"https:\/\/api.w.org\/{rel}","templated":true}]}}