{"id":742306,"date":"2025-08-28T01:08:45","date_gmt":"2025-08-27T22:08:45","guid":{"rendered":"https:\/\/roveyayinevi.com.tr\/index.php\/urun\/sirinin-maceralari-2-mimerin-gizemi\/"},"modified":"2026-04-16T02:53:24","modified_gmt":"2026-04-15T23:53:24","slug":"sirinin-maceralari-2-mimerin-gizemi","status":"publish","type":"product","link":"https:\/\/roveyayinevi.com.tr\/index.php\/urun\/sirinin-maceralari-2-mimerin-gizemi\/","title":{"rendered":"Siri\u2019nin Maceralar\u0131 2 &#8211; Mimer\u2019in Gizemi"},"content":{"rendered":"<p>Siri\u2019nin maceralar\u0131 devam ediyor. Cesur Viking k\u0131z\u0131 Siri ve arkada\u015f\u0131 Zack\u2019in eline, sakl\u0131 bir hazineyi i\u015faret eden bir ipucu ge\u00e7er. Bir Viking \u015fehri olan Birka\u2019da, \u00e7al\u0131nan kitaplar\u0131n\u0131 arayan ke\u015fi\u015f Ansgar da onlara kat\u0131l\u0131nca heyecanl\u0131 bir macera ba\u015flar. \u0130pu\u00e7lar\u0131 Mimer\u2019in Kuyusu\u2019nu i\u015faret etmektedir. Ama o s\u0131rada hazineyi ele ge\u00e7irmeye \u00e7al\u0131\u015fan birileri daha vard\u0131r: Haydut \u0130var ve onun beceriksiz su\u00e7 orta\u011f\u0131 Grym. Siri bir kez daha bilmeceleri \u00e7\u00f6zmek ve tuzaklar\u0131 a\u015fabilmek i\u00e7in t\u00fcm yarat\u0131c\u0131l\u0131\u011f\u0131n\u0131 kullanmak zorundad\u0131r.   \u201cSiri\u2019nin maceralar\u0131 aksiyon, sevgi, mizah ve elbette ger\u00e7eklerle dolu \u00e7ok ho\u015f bir dizi. Ara s\u0131ra insan ger\u00e7ekten Asteriks ve Obeliks\u2019in \u0130sve\u00e7 versiyonunu okuyormu\u015f gibi oluyor.\u201d Anton Aml\u00e9, Viking \u015eehri Birka\u2019da Arkeolog ve Rehber Sorumlusu   \u201c\u0130\u015fin uzmanlar\u0131nca haz\u0131rlanm\u0131\u015f bir seri.\u201d Toppraffel, Pidde Andersson <\/p>\n","protected":false},"excerpt":{"rendered":"<p>Siri\u2019nin maceralar\u0131 devam ediyor. Cesur Viking k\u0131z\u0131 Siri ve arkada\u015f\u0131 Zack\u2019in eline, sakl\u0131 bir hazineyi i\u015faret eden bir ipucu ge\u00e7er. Bir Viking \u015fehri olan Birka\u2019da, \u00e7al\u0131nan<span class=\"excerpt-hellip\"> [\u2026]<\/span><\/p>\n","protected":false},"featured_media":0,"template":"","meta":{"_monsterinsights_skip_tracking":false,"_monsterinsights_sitenote_active":false,"_monsterinsights_sitenote_note":"","_monsterinsights_sitenote_category":0},"product_brand":[],"product_cat":[12689,12274],"product_tag":[],"class_list":{"0":"post-742306","1":"product","2":"type-product","3":"status-publish","5":"product_cat-cizgi-roman-cocuk-ve-genclik-kitaplari","6":"product_cat-cocuk-ve-genclik-kitaplari","7":"pa_cilt-ciltsiz","8":"pa_tur-kitap","9":"pa_yayinevi-yapi-kredi-yayinlari","10":"pa_yazar-patric-nystrom-per-demervall","12":"first","13":"instock","14":"sale","15":"shipping-taxable","16":"purchasable","17":"product-type-simple"},"_links":{"self":[{"href":"https:\/\/roveyayinevi.com.tr\/index.php\/wp-json\/wp\/v2\/product\/742306","targetHints":{"allow":["GET"]}}],"collection":[{"href":"https:\/\/roveyayinevi.com.tr\/index.php\/wp-json\/wp\/v2\/product"}],"about":[{"href":"https:\/\/roveyayinevi.com.tr\/index.php\/wp-json\/wp\/v2\/types\/product"}],"wp:attachment":[{"href":"https:\/\/roveyayinevi.com.tr\/index.php\/wp-json\/wp\/v2\/media?parent=742306"}],"wp:term":[{"taxonomy":"product_brand","embeddable":true,"href":"https:\/\/roveyayinevi.com.tr\/index.php\/wp-json\/wp\/v2\/product_brand?post=742306"},{"taxonomy":"product_cat","embeddable":true,"href":"https:\/\/roveyayinevi.com.tr\/index.php\/wp-json\/wp\/v2\/product_cat?post=742306"},{"taxonomy":"product_tag","embeddable":true,"href":"https:\/\/roveyayinevi.com.tr\/index.php\/wp-json\/wp\/v2\/product_tag?post=742306"}],"curies":[{"name":"wp","href":"https:\/\/api.w.org\/{rel}","templated":true}]}}