{"id":742305,"date":"2025-08-28T01:08:44","date_gmt":"2025-08-27T22:08:44","guid":{"rendered":"https:\/\/roveyayinevi.com.tr\/index.php\/urun\/sirinin-maceralari-1-imparatorun-hazinesi\/"},"modified":"2025-09-30T07:48:57","modified_gmt":"2025-09-30T04:48:57","slug":"sirinin-maceralari-1-imparatorun-hazinesi","status":"publish","type":"product","link":"https:\/\/roveyayinevi.com.tr\/index.php\/urun\/sirinin-maceralari-1-imparatorun-hazinesi\/","title":{"rendered":"Siri\u2019nin Maceralar\u0131 1 &#8211; \u0130mparatorun Hazinesi"},"content":{"rendered":"<p>Havalar \u0131s\u0131nm\u0131\u015f, Vikingler\u2019in Miklag\u00e5rd\u2019a (\u0130stanbul\u2019a) do\u011fru yelken a\u00e7ma zaman\u0131 yakla\u015fm\u0131\u015ft\u0131r. Kabile reisinin k\u0131z\u0131 Siri de yolculu\u011fa kat\u0131lmak ister ama babas\u0131 Siri\u2019nin gelmesine izin vermez; k\u0131z\u0131n\u0131n bu yolculuk i\u00e7in hen\u00fcz k\u00fc\u00e7\u00fck oldu\u011funu d\u00fc\u015f\u00fcnmektedir. Fakat bu, Siri\u2019yi durduramaz ve k\u00fc\u00e7\u00fck Viking gemide bir yere saklan\u0131r. Gemide imparatora ula\u015ft\u0131r\u0131lacak gizemli bir kutu vard\u0131r. Siri\u2019nin kutuyu ele ge\u00e7irmeye \u00e7al\u0131\u015fan d\u00fczenbazIara kar\u015f\u0131 b\u00fct\u00fcn cesaretini ve zek\u00e2s\u0131n\u0131 kullanmas\u0131 gerekecektir.   \u201cH\u0131z kesmeyen hik\u00e2yesi, iyi ara\u015ft\u0131r\u0131larak tasarlanm\u0131\u015f \u00e7izimleri ve ba\u015froldeki g\u00fc\u00e7l\u00fc k\u00fc\u00e7\u00fck k\u0131z karakteriyle Siri\u2019nin maceralar\u0131 her ya\u015ftan insana ho\u015f bir okuma deneyimi sunuyor. \u00d6zellikle de zaman\u0131m\u0131zda daha \u00e7ok kulak verilmesi gereken, Orta\u00e7a\u011f\u2019da ge\u00e7en k\u00fclt\u00fcrel bir bulu\u015fma hik\u00e2yesini \u00e7ok g\u00fczel bir bi\u00e7imde aktarmay\u0131 ba\u015far\u0131yor.\u201d \u0130stanbul \u0130sve\u00e7 Ara\u015ft\u0131rma Enstit\u00fcs\u00fc   \u201cCesur ve sevimli Viking k\u0131z Siri hakk\u0131ndaki bu seri ger\u00e7ek bir ba\u015fyap\u0131t.\u201d Sture Hegerfors, \u0130sve\u00e7 \u00c7izgi Roman Akademisi <\/p>\n","protected":false},"excerpt":{"rendered":"<p>Havalar \u0131s\u0131nm\u0131\u015f, Vikingler\u2019in Miklag\u00e5rd\u2019a (\u0130stanbul\u2019a) do\u011fru yelken a\u00e7ma zaman\u0131 yakla\u015fm\u0131\u015ft\u0131r. Kabile reisinin k\u0131z\u0131 Siri de yolculu\u011fa kat\u0131lmak ister ama babas\u0131 Siri\u2019nin gelmesine izin vermez; k\u0131z\u0131n\u0131n bu<span class=\"excerpt-hellip\"> [\u2026]<\/span><\/p>\n","protected":false},"featured_media":0,"template":"","meta":{"_monsterinsights_skip_tracking":false,"_monsterinsights_sitenote_active":false,"_monsterinsights_sitenote_note":"","_monsterinsights_sitenote_category":0},"product_brand":[],"product_cat":[12689,12274],"product_tag":[],"class_list":{"0":"post-742305","1":"product","2":"type-product","3":"status-publish","5":"product_cat-cizgi-roman-cocuk-ve-genclik-kitaplari","6":"product_cat-cocuk-ve-genclik-kitaplari","7":"pa_cilt-ciltsiz","8":"pa_tur-kitap","9":"pa_yayinevi-yapi-kredi-yayinlari","10":"pa_yazar-patric-nystrom-per-demervall","12":"first","13":"instock","14":"sale","15":"shipping-taxable","16":"purchasable","17":"product-type-simple"},"_links":{"self":[{"href":"https:\/\/roveyayinevi.com.tr\/index.php\/wp-json\/wp\/v2\/product\/742305","targetHints":{"allow":["GET"]}}],"collection":[{"href":"https:\/\/roveyayinevi.com.tr\/index.php\/wp-json\/wp\/v2\/product"}],"about":[{"href":"https:\/\/roveyayinevi.com.tr\/index.php\/wp-json\/wp\/v2\/types\/product"}],"wp:attachment":[{"href":"https:\/\/roveyayinevi.com.tr\/index.php\/wp-json\/wp\/v2\/media?parent=742305"}],"wp:term":[{"taxonomy":"product_brand","embeddable":true,"href":"https:\/\/roveyayinevi.com.tr\/index.php\/wp-json\/wp\/v2\/product_brand?post=742305"},{"taxonomy":"product_cat","embeddable":true,"href":"https:\/\/roveyayinevi.com.tr\/index.php\/wp-json\/wp\/v2\/product_cat?post=742305"},{"taxonomy":"product_tag","embeddable":true,"href":"https:\/\/roveyayinevi.com.tr\/index.php\/wp-json\/wp\/v2\/product_tag?post=742305"}],"curies":[{"name":"wp","href":"https:\/\/api.w.org\/{rel}","templated":true}]}}