{"id":742303,"date":"2025-08-28T01:08:41","date_gmt":"2025-08-27T22:08:41","guid":{"rendered":"https:\/\/roveyayinevi.com.tr\/index.php\/urun\/kazi\/"},"modified":"2026-01-20T03:24:57","modified_gmt":"2026-01-20T00:24:57","slug":"kazi","status":"publish","type":"product","link":"https:\/\/roveyayinevi.com.tr\/index.php\/urun\/kazi\/","title":{"rendered":"Kaz\u0131"},"content":{"rendered":"<p>Kaz\u0131, klasik \u00f6yk\u00fcn\u00fcn kal\u0131plar\u0131n\u0131 bozarak yeni bir anlat\u0131 dili geli\u015ftiren 1950 Ku\u015fa\u011f\u0131\u2019n\u0131n ele avuca s\u0131\u011fmaz yazar\u0131 Orhan Duru\u2019nun onuncu \u00f6yk\u00fc kitab\u0131.   Kitaba ad\u0131n\u0131 veren b\u00fcy\u00fck \u00f6yk\u00fc \u201cKaz\u0131\u201dda yazar h\u00fcz\u00fcnl\u00fc bir ruh haliyle ge\u00e7mi\u015f zaman\u0131n izini s\u00fcr\u00fcyor; \u00e7ocukluk ve okul y\u0131llar\u0131n\u0131n zaman ve mek\u00e2nlar\u0131nda y\u00fcr\u00fctt\u00fc\u011f\u00fc kaz\u0131lardan \u00e7\u0131kan ya\u015fant\u0131lar\u0131 \u00f6yk\u00fcle\u015ftiriyor. \u00d6b\u00fcr \u00f6yk\u00fclerdeyse g\u00fcnl\u00fck ya\u015fam\u0131n d\u00fc\u015flerle sarmalanm\u0131\u015f par\u00e7alar\u0131 b\u00fcy\u00fck bir ustal\u0131kla kristalize ediliyor.   \u201cB\u00fcy\u00fck kentler iyi gelmiyor bana. Oralarda d\u00fc\u015flerimi de yitiriyorum. Karanl\u0131k sokaklarda geziyorum, \u00e7\u00f6pl\u00fckler aras\u0131nda dola\u015f\u0131yorum, kirli ve zehirli hava kokluyorum, yorgunluktan \u00f6l\u00fc gibi gelip yat\u0131yorum ve sabah hi\u00e7 d\u00fc\u015f g\u00f6rmemi\u015f gibi uyan\u0131yorum. Belki g\u00f6r\u00fcyorum ama an\u0131msam\u0131yorum. An\u0131msama d\u00fc\u015f\u00fcn bir par\u00e7as\u0131. Bir d\u00fc\u015f\u00fc an\u0131msam\u0131yorsam neye yarar?\u201d <\/p>\n","protected":false},"excerpt":{"rendered":"<p>Kaz\u0131, klasik \u00f6yk\u00fcn\u00fcn kal\u0131plar\u0131n\u0131 bozarak yeni bir anlat\u0131 dili geli\u015ftiren 1950 Ku\u015fa\u011f\u0131\u2019n\u0131n ele avuca s\u0131\u011fmaz yazar\u0131 Orhan Duru\u2019nun onuncu \u00f6yk\u00fc kitab\u0131. Kitaba ad\u0131n\u0131 veren b\u00fcy\u00fck \u00f6yk\u00fc<span class=\"excerpt-hellip\"> [\u2026]<\/span><\/p>\n","protected":false},"featured_media":0,"template":"","meta":{"_monsterinsights_skip_tracking":false,"_monsterinsights_sitenote_active":false,"_monsterinsights_sitenote_note":"","_monsterinsights_sitenote_category":0},"product_brand":[],"product_cat":[12291,12711],"product_tag":[],"class_list":{"0":"post-742303","1":"product","2":"type-product","3":"status-publish","5":"product_cat-edebiyat","6":"product_cat-roman-oyku","7":"pa_cilt-ciltsiz","8":"pa_tur-kitap","9":"pa_yayinevi-yapi-kredi-yayinlari","10":"pa_yazar-orhan-duru","12":"first","13":"instock","14":"sale","15":"shipping-taxable","16":"purchasable","17":"product-type-simple"},"_links":{"self":[{"href":"https:\/\/roveyayinevi.com.tr\/index.php\/wp-json\/wp\/v2\/product\/742303","targetHints":{"allow":["GET"]}}],"collection":[{"href":"https:\/\/roveyayinevi.com.tr\/index.php\/wp-json\/wp\/v2\/product"}],"about":[{"href":"https:\/\/roveyayinevi.com.tr\/index.php\/wp-json\/wp\/v2\/types\/product"}],"wp:attachment":[{"href":"https:\/\/roveyayinevi.com.tr\/index.php\/wp-json\/wp\/v2\/media?parent=742303"}],"wp:term":[{"taxonomy":"product_brand","embeddable":true,"href":"https:\/\/roveyayinevi.com.tr\/index.php\/wp-json\/wp\/v2\/product_brand?post=742303"},{"taxonomy":"product_cat","embeddable":true,"href":"https:\/\/roveyayinevi.com.tr\/index.php\/wp-json\/wp\/v2\/product_cat?post=742303"},{"taxonomy":"product_tag","embeddable":true,"href":"https:\/\/roveyayinevi.com.tr\/index.php\/wp-json\/wp\/v2\/product_tag?post=742303"}],"curies":[{"name":"wp","href":"https:\/\/api.w.org\/{rel}","templated":true}]}}