{"id":742302,"date":"2025-08-28T01:08:39","date_gmt":"2025-08-27T22:08:39","guid":{"rendered":"https:\/\/roveyayinevi.com.tr\/index.php\/urun\/hendek\/"},"modified":"2026-04-16T02:53:24","modified_gmt":"2026-04-15T23:53:24","slug":"hendek","status":"publish","type":"product","link":"https:\/\/roveyayinevi.com.tr\/index.php\/urun\/hendek\/","title":{"rendered":"Hendek"},"content":{"rendered":"<p>Amsterdam Belediye Ba\u015fkan\u0131 Robert Walter yeni y\u0131l resepsiyonunda kar\u0131s\u0131n\u0131n, belediye enc\u00fcmenlerinden biriyle konu\u015furken kahkahalarla ba\u015f\u0131n\u0131 arkaya att\u0131\u011f\u0131n\u0131 g\u00f6r\u00fcnce kendisini aldatt\u0131\u011f\u0131ndan \u015f\u00fcphelenir.   K\u0131sa s\u00fcre sonra bir gazeteci, Vietnam Sava\u015f\u0131\u2019n\u0131 protesto eden \u00fc\u00e7 eylemcinin bir toplum polisini d\u00f6vd\u00fc\u011f\u00fcn\u00fc g\u00f6steren bir foto\u011frafla belediye ba\u015fkan\u0131n\u0131n kar\u015f\u0131s\u0131na \u00e7\u0131kar ve bu eylemcilerden birinin kendisi oldu\u011funu iddia eder. Tam da o s\u0131ralarda, Robert\u2019in 94 ya\u015f\u0131ndaki babas\u0131 o\u011fluna, kendisinin ve annesinin k\u00f6t\u00fcle\u015fen sa\u011fl\u0131k durumlar\u0131yla onu u\u011fra\u015ft\u0131rmak istemediklerini, bu nedenle hayatlar\u0131na onurlu bir bi\u00e7imde son vereceklerini s\u00f6yler.   Bir zamanlar dengeli ve ba\u015far\u0131l\u0131 biri olan Robert, korkular\u0131n\u0131n ve \u015f\u00fcphelerinin esiri olur, k\u0131skan\u00e7l\u0131k ve paranoya i\u00e7ini kemirmeye ba\u015flar. Hi\u00e7bir \u015fey g\u00f6r\u00fcnd\u00fc\u011f\u00fc gibi de\u011fildir, ya da yoksa Robert en sonunda ilk kez d\u00fcnyay\u0131 \u2013ve kar\u0131s\u0131n\u0131\u2013 ger\u00e7ekten olduklar\u0131 gibi mi g\u00f6rmeye ba\u015flam\u0131\u015ft\u0131r?   \u201cBelki de olmayan \u015feyleri insan\u0131n nas\u0131l g\u00f6rebilece\u011fini muhte\u015fem bir \u015fekilde g\u00f6steriyor H. Koch. Hendek, hayal g\u00fcc\u00fcne bir \u00f6vg\u00fcd\u00fcr.\u201d Het Parool   \u201cK\u0131skan\u00e7l\u0131k ve g\u00fcvensizlik sa\u011flam bir ili\u015fkiye neler yapabilir? \u0130\u015fte, usta bir \u00fcslup\u00e7unun merak uyand\u0131ran ke\u015ffi.\u201d Booklist   \u201cHerman Koch beklentileri bo\u015fa \u00e7\u0131kar\u0131p beklenmedik ka\u00e7\u0131\u015f \u00e7izgileri \u00e7iziyor.\u201d Le Canard encha\u00een\u00e9 <\/p>\n","protected":false},"excerpt":{"rendered":"<p>Amsterdam Belediye Ba\u015fkan\u0131 Robert Walter yeni y\u0131l resepsiyonunda kar\u0131s\u0131n\u0131n, belediye enc\u00fcmenlerinden biriyle konu\u015furken kahkahalarla ba\u015f\u0131n\u0131 arkaya att\u0131\u011f\u0131n\u0131 g\u00f6r\u00fcnce kendisini aldatt\u0131\u011f\u0131ndan \u015f\u00fcphelenir. K\u0131sa s\u00fcre sonra bir gazeteci,<span class=\"excerpt-hellip\"> [\u2026]<\/span><\/p>\n","protected":false},"featured_media":0,"template":"","meta":{"_monsterinsights_skip_tracking":false,"_monsterinsights_sitenote_active":false,"_monsterinsights_sitenote_note":"","_monsterinsights_sitenote_category":0},"product_brand":[],"product_cat":[12291,12711],"product_tag":[],"class_list":{"0":"post-742302","1":"product","2":"type-product","3":"status-publish","5":"product_cat-edebiyat","6":"product_cat-roman-oyku","7":"pa_cilt-ciltsiz","8":"pa_tur-kitap","9":"pa_yayinevi-yapi-kredi-yayinlari","10":"pa_yazar-herman-koch","12":"first","13":"instock","14":"sale","15":"shipping-taxable","16":"purchasable","17":"product-type-simple"},"_links":{"self":[{"href":"https:\/\/roveyayinevi.com.tr\/index.php\/wp-json\/wp\/v2\/product\/742302","targetHints":{"allow":["GET"]}}],"collection":[{"href":"https:\/\/roveyayinevi.com.tr\/index.php\/wp-json\/wp\/v2\/product"}],"about":[{"href":"https:\/\/roveyayinevi.com.tr\/index.php\/wp-json\/wp\/v2\/types\/product"}],"wp:attachment":[{"href":"https:\/\/roveyayinevi.com.tr\/index.php\/wp-json\/wp\/v2\/media?parent=742302"}],"wp:term":[{"taxonomy":"product_brand","embeddable":true,"href":"https:\/\/roveyayinevi.com.tr\/index.php\/wp-json\/wp\/v2\/product_brand?post=742302"},{"taxonomy":"product_cat","embeddable":true,"href":"https:\/\/roveyayinevi.com.tr\/index.php\/wp-json\/wp\/v2\/product_cat?post=742302"},{"taxonomy":"product_tag","embeddable":true,"href":"https:\/\/roveyayinevi.com.tr\/index.php\/wp-json\/wp\/v2\/product_tag?post=742302"}],"curies":[{"name":"wp","href":"https:\/\/api.w.org\/{rel}","templated":true}]}}