{"id":742301,"date":"2025-08-28T01:08:38","date_gmt":"2025-08-27T22:08:38","guid":{"rendered":"https:\/\/roveyayinevi.com.tr\/index.php\/urun\/vahsiler-ve-duygusallar\/"},"modified":"2026-04-16T02:53:24","modified_gmt":"2026-04-15T23:53:24","slug":"vahsiler-ve-duygusallar","status":"publish","type":"product","link":"https:\/\/roveyayinevi.com.tr\/index.php\/urun\/vahsiler-ve-duygusallar\/","title":{"rendered":"Vah\u015filer ve Duygusallar"},"content":{"rendered":"<p>Edebiyat\u00e7\u0131lar ile futbol aras\u0131ndaki ili\u015fki yeni de\u011fil. Camus ve Nabokov delikanl\u0131l\u0131klar\u0131nda kaleciydiler. \u00d6yle ki Camus insan ahlak\u0131na ili\u015fkin bildi\u011fi her \u015feyi futboldan \u00f6\u011frendi\u011fini s\u00f6yler. Mar\u00edas da futbola d\u00fc\u015fk\u00fcnl\u00fc\u011f\u00fcn\u00fc asla ink\u00e2r etmeyen edebiyat\u00e7\u0131lardan. Hem de \u00e7ocukken sol a\u00e7\u0131k oynayan bir top\u00e7u. Futbol, \u00e7ocuk Javier\u2019in g\u00f6z\u00fcnde, kahramanlar\u0131n ve k\u00f6t\u00fc adamlar\u0131n ge\u00e7it t\u00f6reni, hayat\u0131n temel de\u011ferlerini \u00f6\u011frenmesine yard\u0131m eden bir destand\u0131r. Yeti\u015fkin Javier\u2019in g\u00f6z\u00fcnde ise bir miza\u00e7, ki\u015filik, fedak\u00e2rl\u0131k ve dayan\u0131\u015fma g\u00f6sterisidir; duygu, hat\u0131ra ve nostalji, \u00f6zellikle de nostalji g\u00f6sterisi.   \u201cHaf\u0131zas\u0131 olanlar\u0131n bildi\u011fi [\u2026] gibi, solcular ve cumhuriyet\u00e7iler, yani \u0130\u00e7 Sava\u015f\u2019\u0131n kaybedenleri, \u2018Real\u2019 s\u0131fat\u0131n\u0131n ku\u015fkusuz \u00e7eli\u015fkisine ra\u011fmen Madrid\u2019i Atl\u00e9tico\u2019ya tercih ediyorlard\u0131. Real Madrid ku\u015fat\u0131lm\u0131\u015f ve bombalanm\u0131\u015f \u015fehrin ismini ta\u015f\u0131yordu, Atl\u00e9tico Aviaci\u00f3n ise (Atl\u00e9ti\u2019nin ba\u015flang\u0131\u00e7taki ismi buydu) Francocu pilotlar\u0131n, tam da zalimce ba\u015fkenti bombalamaya kendini adayanlar\u0131n tak\u0131m\u0131yd\u0131. Oyuncular\u0131m\u0131z aras\u0131nda az \u2018k\u0131z\u0131lc\u0131k\u2019 olmad\u0131, Del Bosque, kaleci Miguel \u00c1ngel, [\u2026] Breitner [\u2026], ve sadece ellili ve altm\u0131\u015fl\u0131 y\u0131llar\u0131n Avrupa zaferleri, diktat\u00f6rl\u00fck rejiminin t\u00fcm f\u0131rsat\u00e7\u0131l\u0131\u011f\u0131yla tak\u0131ma yana\u015fmas\u0131na neden oldu, tak\u0131m\u0131n rejime de\u011fil.\u201d   \u201cMar\u00edas bu kitapta s\u00f6z\u00fc uzatm\u0131yor; h\u0131zl\u0131, d\u00e2hiyane oldu\u011fu kadar m\u00fccadeleci; ki\u015fili\u011fini, \u00e7ocuklu\u011funu t\u00fcm \u00e7\u0131plakl\u0131\u011f\u0131yla sergiliyor ve ele ald\u0131\u011f\u0131 bu konuyu tutkuyla, cesaretle i\u015fliyor.\u201d Neue Z\u00fcrcher Zeitung <\/p>\n","protected":false},"excerpt":{"rendered":"<p>Edebiyat\u00e7\u0131lar ile futbol aras\u0131ndaki ili\u015fki yeni de\u011fil. Camus ve Nabokov delikanl\u0131l\u0131klar\u0131nda kaleciydiler. \u00d6yle ki Camus insan ahlak\u0131na ili\u015fkin bildi\u011fi her \u015feyi futboldan \u00f6\u011frendi\u011fini s\u00f6yler. Mar\u00edas da<span class=\"excerpt-hellip\"> [\u2026]<\/span><\/p>\n","protected":false},"featured_media":0,"template":"","meta":{"_monsterinsights_skip_tracking":false,"_monsterinsights_sitenote_active":false,"_monsterinsights_sitenote_note":"","_monsterinsights_sitenote_category":0},"product_brand":[],"product_cat":[27157,12291],"product_tag":[],"class_list":{"0":"post-742301","1":"product","2":"type-product","3":"status-publish","5":"product_cat-derleme","6":"product_cat-edebiyat","7":"pa_cilt-ciltsiz","8":"pa_tur-kitap","9":"pa_yayinevi-yapi-kredi-yayinlari","10":"pa_yazar-javier-marias","12":"first","13":"instock","14":"sale","15":"shipping-taxable","16":"purchasable","17":"product-type-simple"},"_links":{"self":[{"href":"https:\/\/roveyayinevi.com.tr\/index.php\/wp-json\/wp\/v2\/product\/742301","targetHints":{"allow":["GET"]}}],"collection":[{"href":"https:\/\/roveyayinevi.com.tr\/index.php\/wp-json\/wp\/v2\/product"}],"about":[{"href":"https:\/\/roveyayinevi.com.tr\/index.php\/wp-json\/wp\/v2\/types\/product"}],"wp:attachment":[{"href":"https:\/\/roveyayinevi.com.tr\/index.php\/wp-json\/wp\/v2\/media?parent=742301"}],"wp:term":[{"taxonomy":"product_brand","embeddable":true,"href":"https:\/\/roveyayinevi.com.tr\/index.php\/wp-json\/wp\/v2\/product_brand?post=742301"},{"taxonomy":"product_cat","embeddable":true,"href":"https:\/\/roveyayinevi.com.tr\/index.php\/wp-json\/wp\/v2\/product_cat?post=742301"},{"taxonomy":"product_tag","embeddable":true,"href":"https:\/\/roveyayinevi.com.tr\/index.php\/wp-json\/wp\/v2\/product_tag?post=742301"}],"curies":[{"name":"wp","href":"https:\/\/api.w.org\/{rel}","templated":true}]}}