{"id":742299,"date":"2025-08-28T01:08:36","date_gmt":"2025-08-27T22:08:36","guid":{"rendered":"https:\/\/roveyayinevi.com.tr\/index.php\/urun\/ben-dunyaya-gelmeden-yapmaniz-gerekenler\/"},"modified":"2026-04-16T02:53:24","modified_gmt":"2026-04-15T23:53:24","slug":"ben-dunyaya-gelmeden-yapmaniz-gerekenler","status":"publish","type":"product","link":"https:\/\/roveyayinevi.com.tr\/index.php\/urun\/ben-dunyaya-gelmeden-yapmaniz-gerekenler\/","title":{"rendered":"Ben D\u00fcnyaya Gelmeden Yapman\u0131z Gerekenler"},"content":{"rendered":"<p>Bug\u00fcne kadar hep anne babalarla \u00e7ocuklar\u0131 aras\u0131nda bir terc\u00fcman olmaya \u00e7al\u0131\u015ft\u0131m. A\u011flad\u0131\u011f\u0131nda ne der, g\u00f6z temas\u0131 kurmad\u0131\u011f\u0131nda ne der, ne ister, nas\u0131l d\u00fc\u015f\u00fcn\u00fcr\u2026   Anne babalar her zaman \u00e7ocuklar\u0131 i\u00e7in en iyisini ister. En iyi e\u011fitim, en iyi okullar, oyuncaklarla dolu bir oda, g\u0131dan\u0131n en iyisi, en temizi\u2026 Ancak t\u00fcm anne babalar\u0131n g\u00f6z ard\u0131 etti\u011fi bir \u015fey var. Bebek i\u00e7in t\u00fcm bunlardan \u00f6nemlisi aileden sa\u011fl\u0131kl\u0131 bir genetik mirasla do\u011fmu\u015f olmak\u2026 D\u00fcnyaya sa\u011fl\u0131kl\u0131 bir bedenle gelebilmek\u2026   Bunun i\u00e7in anne baban\u0131n yapabilece\u011fi \u00e7ok \u015fey var. Bebek do\u011fmadan \u00f6nce, daha do\u011frusu, bebek daha ana rahmine d\u00fc\u015fmeden \u00f6nce kendi sa\u011fl\u0131\u011f\u0131n\u0131za \u00e7eki d\u00fczen vermeniz. Rahimde annenin yumurtas\u0131yla baban\u0131n tohumu bulu\u015fmadan \u00f6nce. Ben, bu \u00e7eki d\u00fczen verme d\u00f6neminin en az 6 ay olmas\u0131n\u0131 tavsiye ediyorum.   Biz \u201cmodern\u201d d\u00fcnyada unuttuk b\u00f6yle \u015feyleri ama Afrika\u2019da kabileler evlenecek gen\u00e7leri 6 ay \u00f6ncesinden ellerindeki en iyi, en kuvvetli g\u0131dalarla beslermi\u015f. Yeter ki bebekleri sa\u011fl\u0131kl\u0131 do\u011fsun\u2026   \u0130\u015fte bu kitapta anne baba olmay\u0131 d\u00fc\u015f\u00fcnen \u00e7iftlerimize bir rehber olmas\u0131 maksad\u0131yla beslenmeden uykuya, egzersizden g\u0131da takviyelerine pek \u00e7ok konuda tavsiyeler bulacaks\u0131n\u0131z.   Sa\u011fl\u0131kl\u0131 ya\u015fam bilinci, gelecek nesillere b\u0131rakabilece\u011fimiz en de\u011ferli mirast\u0131r&#8230;   Dr. Emin Mindan <\/p>\n","protected":false},"excerpt":{"rendered":"<p>Bug\u00fcne kadar hep anne babalarla \u00e7ocuklar\u0131 aras\u0131nda bir terc\u00fcman olmaya \u00e7al\u0131\u015ft\u0131m. A\u011flad\u0131\u011f\u0131nda ne der, g\u00f6z temas\u0131 kurmad\u0131\u011f\u0131nda ne der, ne ister, nas\u0131l d\u00fc\u015f\u00fcn\u00fcr\u2026 Anne babalar her<span class=\"excerpt-hellip\"> [\u2026]<\/span><\/p>\n","protected":false},"featured_media":0,"template":"","meta":{"_monsterinsights_skip_tracking":false,"_monsterinsights_sitenote_active":false,"_monsterinsights_sitenote_note":"","_monsterinsights_sitenote_category":0},"product_brand":[],"product_cat":[20313,13365],"product_tag":[],"class_list":{"0":"post-742299","1":"product","2":"type-product","3":"status-publish","5":"product_cat-basvuru-kitaplari-saglik","6":"product_cat-saglik","7":"pa_cilt-ciltsiz","8":"pa_tur-kitap","9":"pa_yayinevi-hayykitap","10":"pa_yazar-emin-mindan","12":"first","13":"instock","14":"sale","15":"shipping-taxable","16":"purchasable","17":"product-type-simple"},"_links":{"self":[{"href":"https:\/\/roveyayinevi.com.tr\/index.php\/wp-json\/wp\/v2\/product\/742299","targetHints":{"allow":["GET"]}}],"collection":[{"href":"https:\/\/roveyayinevi.com.tr\/index.php\/wp-json\/wp\/v2\/product"}],"about":[{"href":"https:\/\/roveyayinevi.com.tr\/index.php\/wp-json\/wp\/v2\/types\/product"}],"wp:attachment":[{"href":"https:\/\/roveyayinevi.com.tr\/index.php\/wp-json\/wp\/v2\/media?parent=742299"}],"wp:term":[{"taxonomy":"product_brand","embeddable":true,"href":"https:\/\/roveyayinevi.com.tr\/index.php\/wp-json\/wp\/v2\/product_brand?post=742299"},{"taxonomy":"product_cat","embeddable":true,"href":"https:\/\/roveyayinevi.com.tr\/index.php\/wp-json\/wp\/v2\/product_cat?post=742299"},{"taxonomy":"product_tag","embeddable":true,"href":"https:\/\/roveyayinevi.com.tr\/index.php\/wp-json\/wp\/v2\/product_tag?post=742299"}],"curies":[{"name":"wp","href":"https:\/\/api.w.org\/{rel}","templated":true}]}}