{"id":742298,"date":"2025-08-28T01:08:35","date_gmt":"2025-08-27T22:08:35","guid":{"rendered":"https:\/\/roveyayinevi.com.tr\/index.php\/urun\/yonetmenler-ve-besteciler-icin-film-muzigi\/"},"modified":"2025-11-21T08:09:46","modified_gmt":"2025-11-21T05:09:46","slug":"yonetmenler-ve-besteciler-icin-film-muzigi","status":"publish","type":"product","link":"https:\/\/roveyayinevi.com.tr\/index.php\/urun\/yonetmenler-ve-besteciler-icin-film-muzigi\/","title":{"rendered":"Y\u00f6netmenler ve Besteciler \u0130\u00e7in Film M\u00fczi\u011fi"},"content":{"rendered":"<p>\u0130\u00e7indekiler   1. B\u00d6L\u00dcM: F\u0130LM M\u00dcZ\u0130\u011e\u0130 NED\u0130R ? 2. B\u00d6L\u00dcM: F\u0130LM M\u00dcZ\u0130\u011e\u0130 BESTEC\u0130S\u0130 K\u0130MD\u0130R ? 3. B\u00d6L\u00dcM: F\u0130LM \u0130LE M\u00dcZ\u0130\u011e\u0130N B\u0130RL\u0130KTE KULLANILMASI 4. B\u00d6L\u00dcM: F\u0130LM M\u00dcZ\u0130\u011e\u0130 BESTEC\u0130S\u0130,Y\u00d6NETMEN VE YAPIMCI \u0130L\u0130\u015eK\u0130S\u0130 5. B\u00d6L\u00dcM: G\u00dcN\u00dcM\u00dcZ TEKNOLOJ\u0130S\u0130 \u0130LE M\u00dcZ\u0130\u011e\u0130N YAPILMASI 6. B\u00d6L\u00dcM: F\u0130LM M\u00dcZ\u0130\u011e\u0130 VE TOPLUM 7. B\u00d6L\u00dcM: F\u0130LM M\u00dcZ\u0130\u011e\u0130 VE PS\u0130KOLOJ\u0130 8. B\u00d6L\u00dcM: F\u0130LM M\u00dcZ\u0130\u011e\u0130 BESTELEMEYE BA\u015eLAMADAN \u00d6NCE 9. B\u00d6L\u00dcM: F\u0130LM M\u00dcZ\u0130\u011e\u0130 BESTELEMEK 10. B\u00d6L\u00dcM: F\u0130LM M\u00dcZ\u0130KLER\u0130N\u0130N TESL\u0130M\u0130 11. B\u00d6L\u00dcM: TEL\u0130F HAKLARI 12. B\u00d6L\u00dcM: S\u00d6ZLE\u015eME 13. B\u00d6L\u00dcM: \u00dcCRETLEND\u0130RME 14. B\u00d6L\u00dcM: R\u00d6PORTAJLAR <\/p>\n","protected":false},"excerpt":{"rendered":"<p>\u0130\u00e7indekiler 1. B\u00d6L\u00dcM: F\u0130LM M\u00dcZ\u0130\u011e\u0130 NED\u0130R ? 2. B\u00d6L\u00dcM: F\u0130LM M\u00dcZ\u0130\u011e\u0130 BESTEC\u0130S\u0130 K\u0130MD\u0130R ? 3. B\u00d6L\u00dcM: F\u0130LM \u0130LE M\u00dcZ\u0130\u011e\u0130N B\u0130RL\u0130KTE KULLANILMASI 4. B\u00d6L\u00dcM: F\u0130LM M\u00dcZ\u0130\u011e\u0130 BESTEC\u0130S\u0130,Y\u00d6NETMEN<span class=\"excerpt-hellip\"> [\u2026]<\/span><\/p>\n","protected":false},"featured_media":0,"template":"","meta":{"_monsterinsights_skip_tracking":false,"_monsterinsights_sitenote_active":false,"_monsterinsights_sitenote_note":"","_monsterinsights_sitenote_category":0},"product_brand":[],"product_cat":[14591,14556],"product_tag":[],"class_list":{"0":"post-742298","1":"product","2":"type-product","3":"status-publish","5":"product_cat-genel-kavramlar-kuram-ve-tarihce","6":"product_cat-muzik","7":"pa_cilt-ciltsiz","8":"pa_tur-kitap","9":"pa_yayinevi-gazi-kitabevi","10":"pa_yazar-ozgur-koy","12":"first","13":"instock","14":"sale","15":"shipping-taxable","16":"purchasable","17":"product-type-simple"},"_links":{"self":[{"href":"https:\/\/roveyayinevi.com.tr\/index.php\/wp-json\/wp\/v2\/product\/742298","targetHints":{"allow":["GET"]}}],"collection":[{"href":"https:\/\/roveyayinevi.com.tr\/index.php\/wp-json\/wp\/v2\/product"}],"about":[{"href":"https:\/\/roveyayinevi.com.tr\/index.php\/wp-json\/wp\/v2\/types\/product"}],"wp:attachment":[{"href":"https:\/\/roveyayinevi.com.tr\/index.php\/wp-json\/wp\/v2\/media?parent=742298"}],"wp:term":[{"taxonomy":"product_brand","embeddable":true,"href":"https:\/\/roveyayinevi.com.tr\/index.php\/wp-json\/wp\/v2\/product_brand?post=742298"},{"taxonomy":"product_cat","embeddable":true,"href":"https:\/\/roveyayinevi.com.tr\/index.php\/wp-json\/wp\/v2\/product_cat?post=742298"},{"taxonomy":"product_tag","embeddable":true,"href":"https:\/\/roveyayinevi.com.tr\/index.php\/wp-json\/wp\/v2\/product_tag?post=742298"}],"curies":[{"name":"wp","href":"https:\/\/api.w.org\/{rel}","templated":true}]}}