{"id":742297,"date":"2025-08-28T01:08:34","date_gmt":"2025-08-27T22:08:34","guid":{"rendered":"https:\/\/roveyayinevi.com.tr\/index.php\/urun\/cocuk-isciligi-ve-psikolojik-yansimalari\/"},"modified":"2026-04-16T02:53:24","modified_gmt":"2026-04-15T23:53:24","slug":"cocuk-isciligi-ve-psikolojik-yansimalari","status":"publish","type":"product","link":"https:\/\/roveyayinevi.com.tr\/index.php\/urun\/cocuk-isciligi-ve-psikolojik-yansimalari\/","title":{"rendered":"\u00c7ocuk \u0130\u015f\u00e7ili\u011fi ve Psikolojik Yans\u0131malar\u0131"},"content":{"rendered":"<p>\u0130\u00e7indekiler   1. \u00c7OCUK \u0130\u015e\u00c7\u0130 KAVRAMI 2. \u00c7OCUK \u0130\u015e\u00c7\u0130L\u0130\u011e\u0130N\u0130N TAR\u0130H\u0130 3. \u00c7OCUK \u0130\u015e\u00c7\u0130L\u0130\u011e\u0130N\u0130N NEDENLER\u0130 4. \u00c7OCUK \u0130\u015e\u00c7\u0130L\u0130\u011e\u0130N\u0130N \u00c7OCUK \u00dcZER\u0130NDEK\u0130 ETK\u0130LER\u0130 5. \u00c7OCUK \u0130\u015e\u00c7\u0130L\u0130\u011e\u0130NE A\u0130T \u0130STAT\u0130ST\u0130KSEL VER\u0130LER 6. \u00d6Z-BEL\u0130RLEME KURAMI 7. BENL\u0130K SAYGISI 8. DUYGUSAL \u0130ST\u0130SMAR VE DUYGUSAL \u0130HMAL 9. YA\u015eAM DOYUMU 10. KONU \u0130LE \u0130LG\u0130L\u0130 YAPILMI\u015e ARA\u015eTIRMALAR 11. \u00c7OCUK \u0130\u015e\u00c7\u0130L\u0130K VE PS\u0130KOLOJ\u0130K YANSIMALARI \u00dcZER\u0130NE B\u0130R ARA\u015eTIRMA <\/p>\n","protected":false},"excerpt":{"rendered":"<p>\u0130\u00e7indekiler 1. \u00c7OCUK \u0130\u015e\u00c7\u0130 KAVRAMI 2. \u00c7OCUK \u0130\u015e\u00c7\u0130L\u0130\u011e\u0130N\u0130N TAR\u0130H\u0130 3. \u00c7OCUK \u0130\u015e\u00c7\u0130L\u0130\u011e\u0130N\u0130N NEDENLER\u0130 4. \u00c7OCUK \u0130\u015e\u00c7\u0130L\u0130\u011e\u0130N\u0130N \u00c7OCUK \u00dcZER\u0130NDEK\u0130 ETK\u0130LER\u0130 5. \u00c7OCUK \u0130\u015e\u00c7\u0130L\u0130\u011e\u0130NE A\u0130T \u0130STAT\u0130ST\u0130KSEL VER\u0130LER 6.<span class=\"excerpt-hellip\"> [\u2026]<\/span><\/p>\n","protected":false},"featured_media":0,"template":"","meta":{"_monsterinsights_skip_tracking":false,"_monsterinsights_sitenote_active":false,"_monsterinsights_sitenote_note":"","_monsterinsights_sitenote_category":0},"product_brand":[],"product_cat":[12325,12324],"product_tag":[],"class_list":{"0":"post-742297","1":"product","2":"type-product","3":"status-publish","5":"product_cat-diger-sosyoloji","6":"product_cat-sosyoloji","7":"pa_cilt-ciltsiz","8":"pa_tur-kitap","9":"pa_yayinevi-gazi-kitabevi","10":"pa_yazar-dr-tolga-gul","12":"first","13":"instock","14":"sale","15":"shipping-taxable","16":"purchasable","17":"product-type-simple"},"_links":{"self":[{"href":"https:\/\/roveyayinevi.com.tr\/index.php\/wp-json\/wp\/v2\/product\/742297","targetHints":{"allow":["GET"]}}],"collection":[{"href":"https:\/\/roveyayinevi.com.tr\/index.php\/wp-json\/wp\/v2\/product"}],"about":[{"href":"https:\/\/roveyayinevi.com.tr\/index.php\/wp-json\/wp\/v2\/types\/product"}],"wp:attachment":[{"href":"https:\/\/roveyayinevi.com.tr\/index.php\/wp-json\/wp\/v2\/media?parent=742297"}],"wp:term":[{"taxonomy":"product_brand","embeddable":true,"href":"https:\/\/roveyayinevi.com.tr\/index.php\/wp-json\/wp\/v2\/product_brand?post=742297"},{"taxonomy":"product_cat","embeddable":true,"href":"https:\/\/roveyayinevi.com.tr\/index.php\/wp-json\/wp\/v2\/product_cat?post=742297"},{"taxonomy":"product_tag","embeddable":true,"href":"https:\/\/roveyayinevi.com.tr\/index.php\/wp-json\/wp\/v2\/product_tag?post=742297"}],"curies":[{"name":"wp","href":"https:\/\/api.w.org\/{rel}","templated":true}]}}