{"id":742294,"date":"2025-08-28T01:08:31","date_gmt":"2025-08-27T22:08:31","guid":{"rendered":"https:\/\/roveyayinevi.com.tr\/index.php\/urun\/muzik-sozlugu\/"},"modified":"2026-04-16T02:53:24","modified_gmt":"2026-04-15T23:53:24","slug":"muzik-sozlugu","status":"publish","type":"product","link":"https:\/\/roveyayinevi.com.tr\/index.php\/urun\/muzik-sozlugu\/","title":{"rendered":"M\u00fczik S\u00f6zl\u00fc\u011f\u00fc"},"content":{"rendered":"<p>\u201cDe\u011ferli m\u00fczikolog Ahmet Say\u2019\u0131n M\u00fczik S\u00f6zl\u00fc\u011f\u00fc\u2019n\u00fcn g\u00f6zden ge\u00e7irilmi\u015f yeni bask\u0131s\u0131, art\u0131k elimizde. M\u00fczik S\u00f6zl\u00fc\u011f\u00fc, hem m\u00fczik e\u011fitimi alanlar, hem m\u00fczikle u\u011fra\u015fanlar kadar, iyi bir m\u00fczik dinleyicisinin de temel bir ba\u015fvuru kayna\u011f\u0131 niteli\u011finde.\u201d (Do\u011fan HIZLAN)   G\u00fcncel kaynaklar sayesinde geli\u015ftirilen M\u00fczik S\u00f6zl\u00fc\u011f\u00fc, ilk bask\u0131s\u0131ndan itibaren m\u00fczik alan\u0131nda \u00e7al\u0131\u015fanlar\u0131n, ilgililerin bilgi ihtiyac\u0131n\u0131 kar\u015f\u0131lamak \u00fczere haz\u0131rland\u0131. Bir ba\u015fvuru kitab\u0131 niteli\u011findeki s\u00f6zl\u00fck, uluslararas\u0131 \u00f6rneklerine ek olarak, yay\u0131mland\u0131\u011f\u0131 \u00fclkenin folklor ve edebiyat alan\u0131na uzanacak kadar m\u00fczi\u011fe dair geni\u015f \u00e7er\u00e7eveye sahip oldu. M\u00fczik yay\u0131nc\u0131s\u0131 ve yazar\u0131 olarak Ahmet Say\u2019\u0131n olu\u015fturdu\u011fu, sonras\u0131nda yay\u0131mlad\u0131\u011f\u0131 ve bizzat \u00fclkenin en \u00fccra k\u00f6\u015fesindeki bilgi ihtiyac\u0131 olanlara ula\u015ft\u0131rd\u0131\u011f\u0131 s\u00f6zl\u00fck, \u201cm\u00fczik kitapl\u0131\u011f\u0131 olu\u015fturma gere\u011fi\u201dne de vesile oldu.   M\u00fczik S\u00f6zl\u00fc\u011f\u00fc\u2019n\u00fcn ilk yay\u0131mland\u0131\u011f\u0131 zaman\u0131n toplumsal ve sosyok\u00fclt\u00fcrel \u015fartlar\u0131, akademik ve e\u011fitime ba\u011fl\u0131 olan uygulamalar\u0131 ile bir\u00e7ok \u015feyin anlam\u0131 farkl\u0131yd\u0131. Kitap, okuyucusuna ula\u015f\u0131r ve ona ait olur, \u00e7o\u011funlukla ilk sayfas\u0131nda okuyan\u0131n ad\u0131yla sahip oldu\u011fu tarihi ta\u015f\u0131rd\u0131. Elinize ula\u015fan bu bask\u0131n\u0131n sunuldu\u011fu d\u00f6nemde ise internet, \u201cyanl\u0131\u015f\u201d olan\u0131 \u201cdo\u011fru\u201d ile ay\u0131rt edilemeyecek \u015fekilde harmanlayarak kolayca sunuyor. K\u0131sa s\u00fcreli ilgiyle sunulan sosyal medya ortam\u0131nda ise \u201cbilgi yerine\u201d ge\u00e7en kavramlar\u0131n \u00e7oklu\u011fuyla de\u011fi\u015fen \u201calg\u0131, kar\u015f\u0131la\u015ft\u0131rma, de\u011ferlendirme, karar\u201d s\u00fcreci sonundaki \u201canlam\u201d, bilgiyle donanma ihtiyac\u0131n\u0131 zora sokuyor.   Okuyucunun ister bir k\u00fct\u00fcphanede veya yak\u0131n\u0131n\u0131n kitapl\u0131\u011f\u0131nda, ister kendi ar\u015fivinde, bilgiye ula\u015fma ihtiyac\u0131 ve s\u00fcreci, M\u00fczik S\u00f6zl\u00fc\u011f\u00fc\u2019n\u00fcn bu bask\u0131s\u0131nda da dikkate al\u0131n\u0131yor. Rahat\u00e7a y\u00f6nlenebilece\u011fi kaynak\u00e7a bilgileri, m\u00fczik ara\u015ft\u0131rmas\u0131n\u0131 derinle\u015ftirece\u011fi tarih, felsefe, estetik, folklor vb. gibi geni\u015f \u00e7er\u00e7evede edinece\u011fi bulgular; -k\u00fclt\u00fcre de\u011fer katacak- ba\u015fka \u00e7al\u0131\u015fmalara esin ve arac\u0131 olmas\u0131 \u00fcmidiyle sunuluyor. Ahmet Say\u2019\u0131n Anadolu\u2019nun her kar\u0131\u015f\u0131nda elini s\u00fcrd\u00fc\u011f\u00fc ve tan\u0131d\u0131\u011f\u0131 topra\u011fa uygun \u201cekin\u201di, emanet etti\u011fi \u015fekilde geli\u015fiyor.<\/p>\n","protected":false},"excerpt":{"rendered":"<p>\u201cDe\u011ferli m\u00fczikolog Ahmet Say\u2019\u0131n M\u00fczik S\u00f6zl\u00fc\u011f\u00fc\u2019n\u00fcn g\u00f6zden ge\u00e7irilmi\u015f yeni bask\u0131s\u0131, art\u0131k elimizde. M\u00fczik S\u00f6zl\u00fc\u011f\u00fc, hem m\u00fczik e\u011fitimi alanlar, hem m\u00fczikle u\u011fra\u015fanlar kadar, iyi bir m\u00fczik dinleyicisinin<span class=\"excerpt-hellip\"> [\u2026]<\/span><\/p>\n","protected":false},"featured_media":0,"template":"","meta":{"_monsterinsights_skip_tracking":false,"_monsterinsights_sitenote_active":false,"_monsterinsights_sitenote_note":"","_monsterinsights_sitenote_category":0},"product_brand":[],"product_cat":[14556,20810],"product_tag":[],"class_list":{"0":"post-742294","1":"product","2":"type-product","3":"status-publish","5":"product_cat-muzik","6":"product_cat-ogrenim-kitaplari","7":"pa_cilt-ciltli","8":"pa_tur-kitap","9":"pa_yayinevi-islik-yayinlari","10":"pa_yazar-ahmet-say","12":"first","13":"instock","14":"sale","15":"shipping-taxable","16":"purchasable","17":"product-type-simple"},"_links":{"self":[{"href":"https:\/\/roveyayinevi.com.tr\/index.php\/wp-json\/wp\/v2\/product\/742294","targetHints":{"allow":["GET"]}}],"collection":[{"href":"https:\/\/roveyayinevi.com.tr\/index.php\/wp-json\/wp\/v2\/product"}],"about":[{"href":"https:\/\/roveyayinevi.com.tr\/index.php\/wp-json\/wp\/v2\/types\/product"}],"wp:attachment":[{"href":"https:\/\/roveyayinevi.com.tr\/index.php\/wp-json\/wp\/v2\/media?parent=742294"}],"wp:term":[{"taxonomy":"product_brand","embeddable":true,"href":"https:\/\/roveyayinevi.com.tr\/index.php\/wp-json\/wp\/v2\/product_brand?post=742294"},{"taxonomy":"product_cat","embeddable":true,"href":"https:\/\/roveyayinevi.com.tr\/index.php\/wp-json\/wp\/v2\/product_cat?post=742294"},{"taxonomy":"product_tag","embeddable":true,"href":"https:\/\/roveyayinevi.com.tr\/index.php\/wp-json\/wp\/v2\/product_tag?post=742294"}],"curies":[{"name":"wp","href":"https:\/\/api.w.org\/{rel}","templated":true}]}}