{"id":742293,"date":"2025-08-28T01:08:30","date_gmt":"2025-08-27T22:08:30","guid":{"rendered":"https:\/\/roveyayinevi.com.tr\/index.php\/urun\/besi-her-yerde-1-seksen-dokuz-bucuk-gunde-fevr-i-alem\/"},"modified":"2026-04-16T02:53:24","modified_gmt":"2026-04-15T23:53:24","slug":"besi-her-yerde-1-seksen-dokuz-bucuk-gunde-fevr-i-alem","status":"publish","type":"product","link":"https:\/\/roveyayinevi.com.tr\/index.php\/urun\/besi-her-yerde-1-seksen-dokuz-bucuk-gunde-fevr-i-alem\/","title":{"rendered":"Be\u015fi Her Yerde-1 \u201cSeksen Dokuz Bu\u00e7uk G\u00fcnde Fevr-\u00ee \u00c2lem\u201d"},"content":{"rendered":"<p>&#8230;.. \u201cPETTER bizi olmeye gelmeden evv\u00f6lce evin yonnindeki \u00e7eyden ELP\u0130NGO GORBEGESS\u0130 doplemi\u015f. Gorbegeller tonnidik \u00e7\u0131ht\u0131 senirsem. Yolniz hampisini bi seppete goymi\u015f.   Gorbegelerin orrasinde \u015feyle bir diyyalog ge\u00e7\u00e7ir: VIRRAK&#8230;VIRRAK ULEN&#8230; v\u0131rrakmiyciym&#8230; VIRRAK ULEN&#8230; v\u0131rrakmiyciym&#8230; VIRRAKECEKS\u0130N ULEN&#8230; v\u0131rrak o jaman&#8230; YALLAN S\u00d6YL\u00dcYORSUUNNNN&#8230; \u015eILLAAAPPPP&#8230;   Mene sorirsen bu gorbegeler gecceleyin \u00e7eyden ka\u00e7iyy  Hoydi\u2019nin p\u00f6nceresine dizzilip perdenin orkesinden  \u00e7ektirmeden Y\u00f6\u015f\u015fil\u00e7om seyrediy. Erelerinde m\u00f6ttemodiyyen bir Gaddir \u0130nnan\u0131r\u2019len S\u00f6rpil \u00c7\u00f6hmehli diyyalogu ge\u00e7iyr.\u201d   &#8230;.. <\/p>\n","protected":false},"excerpt":{"rendered":"<p>&#8230;.. \u201cPETTER bizi olmeye gelmeden evv\u00f6lce evin yonnindeki \u00e7eyden ELP\u0130NGO GORBEGESS\u0130 doplemi\u015f. Gorbegeller tonnidik \u00e7\u0131ht\u0131 senirsem. Yolniz hampisini bi seppete goymi\u015f. Gorbegelerin orrasinde \u015feyle bir diyyalog<span class=\"excerpt-hellip\"> [\u2026]<\/span><\/p>\n","protected":false},"featured_media":0,"template":"","meta":{"_monsterinsights_skip_tracking":false,"_monsterinsights_sitenote_active":false,"_monsterinsights_sitenote_note":"","_monsterinsights_sitenote_category":0},"product_brand":[],"product_cat":[12291,14825],"product_tag":[],"class_list":{"0":"post-742293","1":"product","2":"type-product","3":"status-publish","5":"product_cat-edebiyat","6":"product_cat-mizah","7":"pa_cilt-ciltsiz","8":"pa_tur-kitap","9":"pa_yayinevi-gulnar-yayinlari","10":"pa_yazar-oznur-balaban-afra-gul","12":"first","13":"instock","14":"sale","15":"shipping-taxable","16":"purchasable","17":"product-type-simple"},"_links":{"self":[{"href":"https:\/\/roveyayinevi.com.tr\/index.php\/wp-json\/wp\/v2\/product\/742293","targetHints":{"allow":["GET"]}}],"collection":[{"href":"https:\/\/roveyayinevi.com.tr\/index.php\/wp-json\/wp\/v2\/product"}],"about":[{"href":"https:\/\/roveyayinevi.com.tr\/index.php\/wp-json\/wp\/v2\/types\/product"}],"wp:attachment":[{"href":"https:\/\/roveyayinevi.com.tr\/index.php\/wp-json\/wp\/v2\/media?parent=742293"}],"wp:term":[{"taxonomy":"product_brand","embeddable":true,"href":"https:\/\/roveyayinevi.com.tr\/index.php\/wp-json\/wp\/v2\/product_brand?post=742293"},{"taxonomy":"product_cat","embeddable":true,"href":"https:\/\/roveyayinevi.com.tr\/index.php\/wp-json\/wp\/v2\/product_cat?post=742293"},{"taxonomy":"product_tag","embeddable":true,"href":"https:\/\/roveyayinevi.com.tr\/index.php\/wp-json\/wp\/v2\/product_tag?post=742293"}],"curies":[{"name":"wp","href":"https:\/\/api.w.org\/{rel}","templated":true}]}}