{"id":742292,"date":"2025-08-28T01:08:28","date_gmt":"2025-08-27T22:08:28","guid":{"rendered":"https:\/\/roveyayinevi.com.tr\/index.php\/urun\/turk-masallari-2\/"},"modified":"2026-04-16T02:53:24","modified_gmt":"2026-04-15T23:53:24","slug":"turk-masallari-2","status":"publish","type":"product","link":"https:\/\/roveyayinevi.com.tr\/index.php\/urun\/turk-masallari-2\/","title":{"rendered":"T\u00fcrk Masallar\u0131"},"content":{"rendered":"<p>\u201cT\u00fcrk D\u00fcnyas\u0131\u2019n\u0131n ortak masal metinleri ve motifleri Osmanl\u0131 T\u00fcrk sahas\u0131nda hem s\u00f6zl\u00fc hem de yaz\u0131l\u0131 eserlerde canl\u0131 bir \u015fekilde yer alm\u0131\u015ft\u0131r. Hamamlardaki cinler, evlatlar\u0131na bir \u015feyler vasiyet eden babalar, dervi\u015f elinden yenilen elmayla sahip olunan \u00e7ocuklar derken hem evrensel hem de yerel zeminde kar\u015f\u0131l\u0131k bulan motifler, hayal \u00e2leminden bir fikir ve c\u00fcmleler oyunu gibi s\u00fcz\u00fcl\u00fcp gelmi\u015ftir. S\u00fcleyman Tevfik t\u00fcm bu hayal oyunlar\u0131yla s\u00f6zden s\u00fcz\u00fcl\u00fcp gelen masallar\u0131 kaleme alarak masal k\u00fclliyat\u0131m\u0131za katk\u0131 sa\u011flam\u0131\u015f, Merve K\u00f6ken de bu masallar\u0131 aktararak masal birikimimize kazand\u0131rm\u0131\u015ft\u0131r.\u201d Dr. Se\u00e7kin Sarpkaya   \u201cMasallar insanl\u0131\u011f\u0131n ortak miras\u0131, kolektif bilin\u00e7d\u0131\u015f\u0131n\u0131n \u00fcr\u00fcn\u00fcd\u00fcr. Masallar\u0131 unutsak da bir yerlerde canlan\u0131p gelir ve bizi mutlu ederler. \u0130\u015fte S\u00fcleyman Tevfik\u2019in kaleminden \u00e7\u0131kan ve Merve K\u00f6ken\u2019in Osmanl\u0131 T\u00fcrk\u00e7esi asl\u0131ndan aktard\u0131\u011f\u0131 bu kitap da unutulan masallar\u0131n dirilip, kar\u015f\u0131m\u0131za dikildi\u011fi bir eser.\u201d Emrah Ece <\/p>\n","protected":false},"excerpt":{"rendered":"<p>\u201cT\u00fcrk D\u00fcnyas\u0131\u2019n\u0131n ortak masal metinleri ve motifleri Osmanl\u0131 T\u00fcrk sahas\u0131nda hem s\u00f6zl\u00fc hem de yaz\u0131l\u0131 eserlerde canl\u0131 bir \u015fekilde yer alm\u0131\u015ft\u0131r. Hamamlardaki cinler, evlatlar\u0131na bir \u015feyler<span class=\"excerpt-hellip\"> [\u2026]<\/span><\/p>\n","protected":false},"featured_media":0,"template":"","meta":{"_monsterinsights_skip_tracking":false,"_monsterinsights_sitenote_active":false,"_monsterinsights_sitenote_note":"","_monsterinsights_sitenote_category":0},"product_brand":[],"product_cat":[13072,12291],"product_tag":[],"class_list":{"0":"post-742292","1":"product","2":"type-product","3":"status-publish","5":"product_cat-arastirma-inceleme-referans","6":"product_cat-edebiyat","7":"pa_cilt-ciltsiz","8":"pa_tur-kitap","9":"pa_yayinevi-kara-karga-yayinlari","10":"pa_yazar-suleyman-tevfik","12":"first","13":"instock","14":"sale","15":"shipping-taxable","16":"purchasable","17":"product-type-simple"},"_links":{"self":[{"href":"https:\/\/roveyayinevi.com.tr\/index.php\/wp-json\/wp\/v2\/product\/742292","targetHints":{"allow":["GET"]}}],"collection":[{"href":"https:\/\/roveyayinevi.com.tr\/index.php\/wp-json\/wp\/v2\/product"}],"about":[{"href":"https:\/\/roveyayinevi.com.tr\/index.php\/wp-json\/wp\/v2\/types\/product"}],"wp:attachment":[{"href":"https:\/\/roveyayinevi.com.tr\/index.php\/wp-json\/wp\/v2\/media?parent=742292"}],"wp:term":[{"taxonomy":"product_brand","embeddable":true,"href":"https:\/\/roveyayinevi.com.tr\/index.php\/wp-json\/wp\/v2\/product_brand?post=742292"},{"taxonomy":"product_cat","embeddable":true,"href":"https:\/\/roveyayinevi.com.tr\/index.php\/wp-json\/wp\/v2\/product_cat?post=742292"},{"taxonomy":"product_tag","embeddable":true,"href":"https:\/\/roveyayinevi.com.tr\/index.php\/wp-json\/wp\/v2\/product_tag?post=742292"}],"curies":[{"name":"wp","href":"https:\/\/api.w.org\/{rel}","templated":true}]}}