{"id":742291,"date":"2025-08-28T01:08:27","date_gmt":"2025-08-27T22:08:27","guid":{"rendered":"https:\/\/roveyayinevi.com.tr\/index.php\/urun\/kaderin-darbeleri\/"},"modified":"2026-04-16T02:53:24","modified_gmt":"2026-04-15T23:53:24","slug":"kaderin-darbeleri","status":"publish","type":"product","link":"https:\/\/roveyayinevi.com.tr\/index.php\/urun\/kaderin-darbeleri\/","title":{"rendered":"Kaderin Darbeleri"},"content":{"rendered":"<p>Say\u0131n okurlar\u0131m, Birinci kitab\u0131m olan \u201cDo\u011fu Rodoplar\u2019da Bir K\u00f6y: Ta\u015fl\u0131\u201d da sizi k\u00f6y\u00fcm\u00fcz\u00fcn ve b\u00f6lgemizin tarihi, sosyo-politik, sosyo-ekonomik ve sosyo-k\u00fclt\u00fcrel durumu ile tan\u0131\u015ft\u0131rm\u0131\u015ft\u0131m. \u015eu an elinizde bulundurdu\u011funuz bu kitap ise sizi T\u00fcrklerin buralara yerle\u015fmesinden sonra hi\u00e7 de\u011fi\u015fime u\u011framam\u0131\u015f, toplumun en k\u00fc\u00e7\u00fck h\u00fccresi olan aile ortam\u0131 ve aralar\u0131nda yaratm\u0131\u015f olduklar\u0131 m\u00fckemmel kom\u015fuluk ili\u015fkilerine dayanarak, \u015fartlar ne olursa olsun var olmay\u0131 ba\u015fard\u0131klar\u0131n\u0131 g\u00f6sterecektir. Bunun i\u00e7in \u00f6rnek olarak y\u00fczlerce aileden bir aile se\u00e7tik ama maalesef ge\u00e7mi\u015fin karanl\u0131k y\u0131llar\u0131na fazla giremedik. On be\u015finci asr\u0131n sonlar\u0131nda buralara s\u00fcr\u00fcleriyle yerle\u015fen dedelerimizin hayat\u0131nda be\u015f as\u0131r boyunca belli-ba\u015fl\u0131 de\u011fi\u015fiklikler olmaz. Olan ba\u015fl\u0131ca de\u011fi\u015fikler ise: 1. G\u00f6\u00e7ebe \/y\u00fcr\u00fck\/ hayattan, oturak hayata ge\u00e7mi\u015flerdir. 2. Ota\u011f\u2019 \/Y\u00fcr\u00fck \u00e7ad\u0131r\u0131ndan ah\u015fap eve ge\u00e7mi\u015fler. 3. Ah\u015fap evden, ta\u015f evlere ge\u00e7mi\u015fler. 4. Tar\u0131mla ilgilenmeye ba\u015flam\u0131\u015flar. Bunlar\u0131n haricinde ba\u015fka de\u011fi\u015fiklikler g\u00f6ze \u00e7arpmamaktad\u0131r. Okul yok, okuma-yazma bilen yok. De\u011fi\u015fiklik nas\u0131l olsun?  Buralara yerle\u015ftiklerinden sonra as\u0131rlar boyu ne dilinden, ne de \u00f6rf ve adetlerinden hi\u00e7bir \u00f6d\u00fcn vermemi\u015flerdir. Bug\u00fcn hala o g\u00fcnk\u00fc T\u00fcrk\u00e7enin \u015fiveleri konu\u015fulur ve iki kom\u015fu k\u00f6y\u00fcn konu\u015fmalar\u0131nda bile biraz farkl\u0131l\u0131klar g\u00f6r\u00fcl\u00fcr. As\u0131l de\u011fi\u015fiklikler \u0130kinci D\u00fcnya Sava\u015f\u0131n\u0131n sona ermesinden birka\u00e7 y\u0131l sonra ba\u015flar. Her k\u00f6ye okul a\u00e7\u0131l\u0131r ve on be\u015f ya\u015f\u0131na kadar b\u00fct\u00fcn \u00e7ocuklar mecburi ilkokula tabii tutulurlar. B\u00fcy\u00fcklerle okuma-yazma kurslar\u0131 organize edilir. \u0130lkokulu bitiren baz\u0131 \u00e7ocuklar kasabaya gidip ortaokula devam ederler. Daha sonra b\u00fcy\u00fck k\u00f6ylere ortaokullar a\u00e7\u0131l\u0131r; k\u00f6ylere gazeteler, kitaplar, radyo daha sonralar\u0131 da televizyonlar insanlar\u0131n hayat\u0131n\u0131n ayr\u0131lmaz birer par\u00e7alar\u0131 olur. Bunlar da insanlar\u0131n k\u00fclt\u00fcr seviyesini y\u00fckseltir ve insanlar\u0131n d\u00fcnya g\u00f6r\u00fc\u015f\u00fcn\u00fc de\u011fi\u015ftirir. Tar\u0131m kooperatiflerinin kurulmas\u0131 ve makinelerin tar\u0131ma kat\u0131lmas\u0131, suni g\u00fcbreleme, k\u00f6ylerin elektri\u011fe kavu\u015fmas\u0131, suya kavu\u015fmas\u0131, \u00e7a\u011fda\u015f ve modern evlerin yap\u0131lmas\u0131 k\u00f6yl\u00fclerin hayat\u0131n\u0131 da k\u00f6kten de\u011fi\u015ftirir. B\u00fct\u00fcn bu toplumsal de\u011fi\u015fimlere nas\u0131l gelindi\u011fini bir ailenin birka\u00e7 nesil hayat\u0131n\u0131 takip ederek \u201cKaderin Darbeleri\u201d kitab\u0131ndan \u00f6\u011freneceksiniz. En \u0130\u00e7ten Sayg\u0131 ve Selamlar\u0131mla\u2026 Raif G\u00fcven <\/p>\n","protected":false},"excerpt":{"rendered":"<p>Say\u0131n okurlar\u0131m, Birinci kitab\u0131m olan \u201cDo\u011fu Rodoplar\u2019da Bir K\u00f6y: Ta\u015fl\u0131\u201d da sizi k\u00f6y\u00fcm\u00fcz\u00fcn ve b\u00f6lgemizin tarihi, sosyo-politik, sosyo-ekonomik ve sosyo-k\u00fclt\u00fcrel durumu ile tan\u0131\u015ft\u0131rm\u0131\u015ft\u0131m. \u015eu an elinizde<span class=\"excerpt-hellip\"> [\u2026]<\/span><\/p>\n","protected":false},"featured_media":0,"template":"","meta":{"_monsterinsights_skip_tracking":false,"_monsterinsights_sitenote_active":false,"_monsterinsights_sitenote_note":"","_monsterinsights_sitenote_category":0},"product_brand":[],"product_cat":[12291,12711],"product_tag":[],"class_list":{"0":"post-742291","1":"product","2":"type-product","3":"status-publish","5":"product_cat-edebiyat","6":"product_cat-roman-oyku","7":"pa_cilt-ciltsiz","8":"pa_tur-kitap","9":"pa_yayinevi-gulnar-yayinlari","10":"pa_yazar-raif-guven","12":"first","13":"instock","14":"sale","15":"shipping-taxable","16":"purchasable","17":"product-type-simple"},"_links":{"self":[{"href":"https:\/\/roveyayinevi.com.tr\/index.php\/wp-json\/wp\/v2\/product\/742291","targetHints":{"allow":["GET"]}}],"collection":[{"href":"https:\/\/roveyayinevi.com.tr\/index.php\/wp-json\/wp\/v2\/product"}],"about":[{"href":"https:\/\/roveyayinevi.com.tr\/index.php\/wp-json\/wp\/v2\/types\/product"}],"wp:attachment":[{"href":"https:\/\/roveyayinevi.com.tr\/index.php\/wp-json\/wp\/v2\/media?parent=742291"}],"wp:term":[{"taxonomy":"product_brand","embeddable":true,"href":"https:\/\/roveyayinevi.com.tr\/index.php\/wp-json\/wp\/v2\/product_brand?post=742291"},{"taxonomy":"product_cat","embeddable":true,"href":"https:\/\/roveyayinevi.com.tr\/index.php\/wp-json\/wp\/v2\/product_cat?post=742291"},{"taxonomy":"product_tag","embeddable":true,"href":"https:\/\/roveyayinevi.com.tr\/index.php\/wp-json\/wp\/v2\/product_tag?post=742291"}],"curies":[{"name":"wp","href":"https:\/\/api.w.org\/{rel}","templated":true}]}}