{"id":742288,"date":"2025-08-28T01:08:24","date_gmt":"2025-08-27T22:08:24","guid":{"rendered":"https:\/\/roveyayinevi.com.tr\/index.php\/urun\/senfoniler\/"},"modified":"2026-04-16T02:53:24","modified_gmt":"2026-04-15T23:53:24","slug":"senfoniler","status":"publish","type":"product","link":"https:\/\/roveyayinevi.com.tr\/index.php\/urun\/senfoniler\/","title":{"rendered":"Senfoniler"},"content":{"rendered":"<p>Vladimir Nabokov&#8217;un de\u011ferlendirmesiyle 20. y\u00fczy\u0131l\u0131n en b\u00fcy\u00fck d\u00f6rt roman\u0131ndan biri olan Petersburg&#8217;un yazar\u0131, ikinci ku\u015fak Rus simgecili\u011finin \u00f6nde gelen temsilcilerinden \u00fcnl\u00fc Rus \u015fair, kuramc\u0131, romanc\u0131 ve edebiyat ele\u015ftirmeni Andrey Bel\u0131y&#8217;\u0131n Senfoniler&#8217;i, m\u00fczik kurallar\u0131na g\u00f6re yaz\u0131lm\u0131\u015f \u015fiirsel bir d\u00fczyaz\u0131d\u0131r. Konular\u0131 birbirinden farkl\u0131 d\u00f6rt senfoninin ana motifi, hayat\u0131n sona ermesi ve \u00f6l\u00fcm sonras\u0131 yeni bir hayat\u0131n ba\u015flang\u0131c\u0131na ili\u015fkin apokaliptik ve eskatolojik mitlerdir. Zaman-zamans\u0131zl\u0131k, d\u00fcnya-d\u00fcnyas\u0131zl\u0131k, \u0131\u015f\u0131k-karanl\u0131k, Do\u011fu-Bat\u0131, gece-g\u00fcnd\u00fcz, yukar\u0131-a\u015fa\u011f\u0131, iyilik-k\u00f6t\u00fcl\u00fck gibi kar\u015f\u0131tl\u0131klar\u0131n s\u0131k\u00e7a kullan\u0131ld\u0131\u011f\u0131 Senfoniler, ger\u00e7ek d\u00fcnyadan fantastik d\u00fcnyaya, \u00f6l\u00fcmden dirilmeye, d\u00fcnyevi a\u015fktan ilahi a\u015fka \u00e7ok \u00e7e\u015fitli temalar\u0131yla, kral, krali\u00e7e ve \u015f\u00f6valyeleriyle, Pan, kurtadam, gnom gibi mitik yarat\u0131klar\u0131yla, insan\u00fcst\u00fc kahramanlar\u0131yla, Bel\u0131y&#8217;\u0131n canl\u0131 ve \u00e7okrenkli anlat\u0131m diliyle yo\u011furdu\u011fu, keyifli, ayn\u0131 zamanda d\u00fc\u015f\u00fcnd\u00fcr\u00fcc\u00fc, s\u0131rad\u0131\u015f\u0131 bir yap\u0131t.<\/p>\n","protected":false},"excerpt":{"rendered":"<p>Vladimir Nabokov&#8217;un de\u011ferlendirmesiyle 20. y\u00fczy\u0131l\u0131n en b\u00fcy\u00fck d\u00f6rt roman\u0131ndan biri olan Petersburg&#8217;un yazar\u0131, ikinci ku\u015fak Rus simgecili\u011finin \u00f6nde gelen temsilcilerinden \u00fcnl\u00fc Rus \u015fair, kuramc\u0131, romanc\u0131 ve<span class=\"excerpt-hellip\"> [\u2026]<\/span><\/p>\n","protected":false},"featured_media":0,"template":"","meta":{"_monsterinsights_skip_tracking":false,"_monsterinsights_sitenote_active":false,"_monsterinsights_sitenote_note":"","_monsterinsights_sitenote_category":0},"product_brand":[],"product_cat":[12291,14777],"product_tag":[],"class_list":{"0":"post-742288","1":"product","2":"type-product","3":"status-publish","5":"product_cat-edebiyat","6":"product_cat-fantastik","7":"pa_cilt-ciltsiz","8":"pa_tur-kitap","9":"pa_yayinevi-yapi-kredi-yayinlari","10":"pa_yazar-andrey-beliy","12":"first","13":"instock","14":"sale","15":"shipping-taxable","16":"purchasable","17":"product-type-simple"},"_links":{"self":[{"href":"https:\/\/roveyayinevi.com.tr\/index.php\/wp-json\/wp\/v2\/product\/742288","targetHints":{"allow":["GET"]}}],"collection":[{"href":"https:\/\/roveyayinevi.com.tr\/index.php\/wp-json\/wp\/v2\/product"}],"about":[{"href":"https:\/\/roveyayinevi.com.tr\/index.php\/wp-json\/wp\/v2\/types\/product"}],"wp:attachment":[{"href":"https:\/\/roveyayinevi.com.tr\/index.php\/wp-json\/wp\/v2\/media?parent=742288"}],"wp:term":[{"taxonomy":"product_brand","embeddable":true,"href":"https:\/\/roveyayinevi.com.tr\/index.php\/wp-json\/wp\/v2\/product_brand?post=742288"},{"taxonomy":"product_cat","embeddable":true,"href":"https:\/\/roveyayinevi.com.tr\/index.php\/wp-json\/wp\/v2\/product_cat?post=742288"},{"taxonomy":"product_tag","embeddable":true,"href":"https:\/\/roveyayinevi.com.tr\/index.php\/wp-json\/wp\/v2\/product_tag?post=742288"}],"curies":[{"name":"wp","href":"https:\/\/api.w.org\/{rel}","templated":true}]}}