{"id":742287,"date":"2025-08-28T01:08:23","date_gmt":"2025-08-27T22:08:23","guid":{"rendered":"https:\/\/roveyayinevi.com.tr\/index.php\/urun\/fikir-ve-sanat-eserleri-kanunu-notlar\/"},"modified":"2026-04-16T02:53:24","modified_gmt":"2026-04-15T23:53:24","slug":"fikir-ve-sanat-eserleri-kanunu-notlar","status":"publish","type":"product","link":"https:\/\/roveyayinevi.com.tr\/index.php\/urun\/fikir-ve-sanat-eserleri-kanunu-notlar\/","title":{"rendered":"Fikir ve Sanat Eserleri Kanunu &#8221;NOTLAR&#8221;"},"content":{"rendered":"<p>\u0130\u00e7indekiler   \u00b7         G\u0130R\u0130\u015e   \u00b7         TEL\u0130F HAKLARI ALANINDA D\u00dcNYADA YA\u015eANAN GEL\u0130\u015eMELER   \u00b7         AMER\u0130KA KITASINDAK\u0130 GEL\u0130\u015eMELER   \u00b7         T\u00dcRK\u0130YE\u2019DEK\u0130 GEL\u0130\u015eMELER   \u00b7         F\u0130K\u0130R VE SANAT ESERLER\u0130 KANUNU   \u00b7         SONU\u00c7 <\/p>\n","protected":false},"excerpt":{"rendered":"<p>\u0130\u00e7indekiler \u00b7 G\u0130R\u0130\u015e \u00b7 TEL\u0130F HAKLARI ALANINDA D\u00dcNYADA YA\u015eANAN GEL\u0130\u015eMELER \u00b7 AMER\u0130KA KITASINDAK\u0130 GEL\u0130\u015eMELER \u00b7 T\u00dcRK\u0130YE\u2019DEK\u0130 GEL\u0130\u015eMELER \u00b7 F\u0130K\u0130R VE SANAT ESERLER\u0130 KANUNU \u00b7 SONU\u00c7<\/p>\n","protected":false},"featured_media":0,"template":"","meta":{"_monsterinsights_skip_tracking":false,"_monsterinsights_sitenote_active":false,"_monsterinsights_sitenote_note":"","_monsterinsights_sitenote_category":0},"product_brand":[],"product_cat":[15350],"product_tag":[],"class_list":{"0":"post-742287","1":"product","2":"type-product","3":"status-publish","5":"product_cat-hukuk","6":"pa_cilt-ciltsiz","7":"pa_tur-kitap","8":"pa_yayinevi-gazi-kitabevi","9":"pa_yazar-dr-erol-uyanik","11":"first","12":"instock","13":"sale","14":"shipping-taxable","15":"purchasable","16":"product-type-simple"},"_links":{"self":[{"href":"https:\/\/roveyayinevi.com.tr\/index.php\/wp-json\/wp\/v2\/product\/742287","targetHints":{"allow":["GET"]}}],"collection":[{"href":"https:\/\/roveyayinevi.com.tr\/index.php\/wp-json\/wp\/v2\/product"}],"about":[{"href":"https:\/\/roveyayinevi.com.tr\/index.php\/wp-json\/wp\/v2\/types\/product"}],"wp:attachment":[{"href":"https:\/\/roveyayinevi.com.tr\/index.php\/wp-json\/wp\/v2\/media?parent=742287"}],"wp:term":[{"taxonomy":"product_brand","embeddable":true,"href":"https:\/\/roveyayinevi.com.tr\/index.php\/wp-json\/wp\/v2\/product_brand?post=742287"},{"taxonomy":"product_cat","embeddable":true,"href":"https:\/\/roveyayinevi.com.tr\/index.php\/wp-json\/wp\/v2\/product_cat?post=742287"},{"taxonomy":"product_tag","embeddable":true,"href":"https:\/\/roveyayinevi.com.tr\/index.php\/wp-json\/wp\/v2\/product_tag?post=742287"}],"curies":[{"name":"wp","href":"https:\/\/api.w.org\/{rel}","templated":true}]}}