{"id":742285,"date":"2025-08-28T01:08:21","date_gmt":"2025-08-27T22:08:21","guid":{"rendered":"https:\/\/roveyayinevi.com.tr\/index.php\/urun\/dijital-cagda-isletme-yonetimi\/"},"modified":"2026-04-16T02:53:23","modified_gmt":"2026-04-15T23:53:23","slug":"dijital-cagda-isletme-yonetimi","status":"publish","type":"product","link":"https:\/\/roveyayinevi.com.tr\/index.php\/urun\/dijital-cagda-isletme-yonetimi\/","title":{"rendered":"Dijital \u00c7a\u011fda \u0130\u015fletme Y\u00f6netimi"},"content":{"rendered":"<p>Kitap Tan\u0131t\u0131m Yaz\u0131s\u0131 :                                                                                                                    \u0130\u00e7indekiler   B\u00d6L\u00dcM 1 \u0130\u015fletme Y\u00f6netiminde \u0130nsan-Bilgisayar Etkile\u015fimi Uygulamalar\u0131 B\u00d6L\u00dcM 2 \u0130\u015fletme Y\u00f6netiminde Yapay Zek\u00e2 Uygulamalar\u0131 B\u00d6L\u00dcM 3 \u0130\u015fletme Y\u00f6netiminde Makine \u00d6\u011frenmesi Uygulamalar\u0131 B\u00d6L\u00dcM 4 \u0130\u015fletme Y\u00f6netiminde G\u00f6r\u00fcnt\u00fc \u0130\u015fleme Uygulamalar\u0131 B\u00d6L\u00dcM 5 \u0130\u015fletme Y\u00f6netiminde Veri Madencili\u011fi Uygulamalar\u0131 B\u00d6L\u00dcM 6 \u0130\u015fletme Y\u00f6netiminde Art\u0131r\u0131lm\u0131\u015f Ger\u00e7eklik ve Sanal Ger\u00e7eklik Uygulamalar\u0131 B\u00d6L\u00dcM 7 \u0130\u015fletme Y\u00f6netiminde Oyunla\u015ft\u0131rma Uygulamalar\u0131   B\u00d6L\u00dcM 8 \u0130\u015fletme Y\u00f6netiminde Co\u011frafi Bilgi Sistemleri Uygulamalar\u0131 B\u00d6L\u00dcM 9 \u0130\u015fletme Y\u00f6netiminde Mobil Uygulamalar B\u00d6L\u00dcM 10 \u0130\u015fletme Y\u00f6netiminde End\u00fcstri 4.0 Uygulamalar\u0131 B\u00d6L\u00dcM 11 \u0130\u015fletme Y\u00f6netiminde Blokzincir Uygulamalar\u0131 B\u00d6L\u00dcM 12 \u0130\u015fletme Y\u00f6netiminde Bilgi G\u00fcvenli\u011fi Uygulamalar\u0131 <\/p>\n","protected":false},"excerpt":{"rendered":"<p>Kitap Tan\u0131t\u0131m Yaz\u0131s\u0131 : \u0130\u00e7indekiler B\u00d6L\u00dcM 1 \u0130\u015fletme Y\u00f6netiminde \u0130nsan-Bilgisayar Etkile\u015fimi Uygulamalar\u0131 B\u00d6L\u00dcM 2 \u0130\u015fletme Y\u00f6netiminde Yapay Zek\u00e2 Uygulamalar\u0131 B\u00d6L\u00dcM 3 \u0130\u015fletme Y\u00f6netiminde Makine \u00d6\u011frenmesi Uygulamalar\u0131<span class=\"excerpt-hellip\"> [\u2026]<\/span><\/p>\n","protected":false},"featured_media":0,"template":"","meta":{"_monsterinsights_skip_tracking":false,"_monsterinsights_sitenote_active":false,"_monsterinsights_sitenote_note":"","_monsterinsights_sitenote_category":0},"product_brand":[],"product_cat":[13043,14381],"product_tag":[],"class_list":{"0":"post-742285","1":"product","2":"type-product","3":"status-publish","5":"product_cat-ekonomi","6":"product_cat-isletme-muhasebe-maliye","7":"pa_cilt-ciltsiz","8":"pa_tur-kitap","9":"pa_yayinevi-gazi-kitabevi","10":"pa_yazar-kolektif","12":"first","13":"instock","14":"sale","15":"shipping-taxable","16":"purchasable","17":"product-type-simple"},"_links":{"self":[{"href":"https:\/\/roveyayinevi.com.tr\/index.php\/wp-json\/wp\/v2\/product\/742285","targetHints":{"allow":["GET"]}}],"collection":[{"href":"https:\/\/roveyayinevi.com.tr\/index.php\/wp-json\/wp\/v2\/product"}],"about":[{"href":"https:\/\/roveyayinevi.com.tr\/index.php\/wp-json\/wp\/v2\/types\/product"}],"wp:attachment":[{"href":"https:\/\/roveyayinevi.com.tr\/index.php\/wp-json\/wp\/v2\/media?parent=742285"}],"wp:term":[{"taxonomy":"product_brand","embeddable":true,"href":"https:\/\/roveyayinevi.com.tr\/index.php\/wp-json\/wp\/v2\/product_brand?post=742285"},{"taxonomy":"product_cat","embeddable":true,"href":"https:\/\/roveyayinevi.com.tr\/index.php\/wp-json\/wp\/v2\/product_cat?post=742285"},{"taxonomy":"product_tag","embeddable":true,"href":"https:\/\/roveyayinevi.com.tr\/index.php\/wp-json\/wp\/v2\/product_tag?post=742285"}],"curies":[{"name":"wp","href":"https:\/\/api.w.org\/{rel}","templated":true}]}}