{"id":742284,"date":"2025-08-28T01:08:20","date_gmt":"2025-08-27T22:08:20","guid":{"rendered":"https:\/\/roveyayinevi.com.tr\/index.php\/urun\/varim-ama-neden\/"},"modified":"2026-04-16T02:53:23","modified_gmt":"2026-04-15T23:53:23","slug":"varim-ama-neden","status":"publish","type":"product","link":"https:\/\/roveyayinevi.com.tr\/index.php\/urun\/varim-ama-neden\/","title":{"rendered":"Var\u0131m! Ama Neden?"},"content":{"rendered":"<p>Evrenin sonsuzluktan gelmesi, her \u015feyi sonsuz k\u0131lar. Sonsuzluksa t\u00fcm olas\u0131l\u0131klar\u0131 i\u00e7eren tek bir noktad\u0131r.   Neden buraday\u0131z? Nas\u0131l var olduk ve nas\u0131l h\u00e2l\u00e2 var\u0131z? Tanr\u0131 ger\u00e7ekten var m\u0131? E\u011fer \u00f6yleyse Tanr\u0131 nas\u0131l var oldu? Her \u015fey tanr\u0131sal bir bilin\u00e7le mi yarat\u0131ld\u0131 yoksa hepsi bir kaza m\u0131? Dinleri, vahiyleri hakikaten Tanr\u0131 m\u0131 yollad\u0131? Peki ama neden? Bizleri Tanr\u0131 yaratt\u0131ysa amac\u0131 ne? Evrenin i\u015fleyi\u015f bi\u00e7imi nas\u0131l? Tanr\u0131 bu i\u015fleyi\u015fin hangi a\u015famas\u0131nda? Bilin\u00e7 nedir? Tanr\u0131, bilin\u00e7 ve ger\u00e7eklik kavramlar\u0131 aras\u0131ndaki ba\u011f ne? Zaman ve mek\u00e2n\u0131n farkl\u0131 boyutlar\u0131 var m\u0131?   Kuran-\u0131 Kerim ba\u015fta olmak \u00fczere, \u0130ncil ve Tevrat\u2019tan ayetler ile; bilimsel tarafta Kuantum Teorisi, Sicim Teorisi, G\u00f6relilik Teorisi ve astronomi aras\u0131nda d\u00e2hiyane ba\u011flant\u0131lar bulaca\u011f\u0131n\u0131z bu kitap, varolu\u015funuzu anlamland\u0131rman\u0131n kap\u0131lar\u0131n\u0131 aral\u0131yor. \u0130lahi kaynaklar\u0131n bilimsel kaynaklarla ustaca harmanland\u0131\u011f\u0131 bu kitapta, evrene, yarat\u0131c\u0131ya ve kendinize dair varolu\u015fsal sorular\u0131n\u0131za tatmin edici cevaplar alacaks\u0131n\u0131z.   <\/p>\n","protected":false},"excerpt":{"rendered":"<p>Evrenin sonsuzluktan gelmesi, her \u015feyi sonsuz k\u0131lar. Sonsuzluksa t\u00fcm olas\u0131l\u0131klar\u0131 i\u00e7eren tek bir noktad\u0131r. Neden buraday\u0131z? Nas\u0131l var olduk ve nas\u0131l h\u00e2l\u00e2 var\u0131z? Tanr\u0131 ger\u00e7ekten var<span class=\"excerpt-hellip\"> [\u2026]<\/span><\/p>\n","protected":false},"featured_media":0,"template":"","meta":{"_monsterinsights_skip_tracking":false,"_monsterinsights_sitenote_active":false,"_monsterinsights_sitenote_note":"","_monsterinsights_sitenote_category":0},"product_brand":[],"product_cat":[12364,12376],"product_tag":[],"class_list":{"0":"post-742284","1":"product","2":"type-product","3":"status-publish","5":"product_cat-genel-konular","6":"product_cat-kisisel-gelisim","7":"pa_cilt-ciltsiz","8":"pa_tur-kitap","9":"pa_yayinevi-destek-yayinlari","10":"pa_yazar-baran-saldanli","12":"first","13":"instock","14":"sale","15":"shipping-taxable","16":"purchasable","17":"product-type-simple"},"_links":{"self":[{"href":"https:\/\/roveyayinevi.com.tr\/index.php\/wp-json\/wp\/v2\/product\/742284","targetHints":{"allow":["GET"]}}],"collection":[{"href":"https:\/\/roveyayinevi.com.tr\/index.php\/wp-json\/wp\/v2\/product"}],"about":[{"href":"https:\/\/roveyayinevi.com.tr\/index.php\/wp-json\/wp\/v2\/types\/product"}],"wp:attachment":[{"href":"https:\/\/roveyayinevi.com.tr\/index.php\/wp-json\/wp\/v2\/media?parent=742284"}],"wp:term":[{"taxonomy":"product_brand","embeddable":true,"href":"https:\/\/roveyayinevi.com.tr\/index.php\/wp-json\/wp\/v2\/product_brand?post=742284"},{"taxonomy":"product_cat","embeddable":true,"href":"https:\/\/roveyayinevi.com.tr\/index.php\/wp-json\/wp\/v2\/product_cat?post=742284"},{"taxonomy":"product_tag","embeddable":true,"href":"https:\/\/roveyayinevi.com.tr\/index.php\/wp-json\/wp\/v2\/product_tag?post=742284"}],"curies":[{"name":"wp","href":"https:\/\/api.w.org\/{rel}","templated":true}]}}