{"id":742283,"date":"2025-08-28T01:08:19","date_gmt":"2025-08-27T22:08:19","guid":{"rendered":"https:\/\/roveyayinevi.com.tr\/index.php\/urun\/major-socio-economic-issues-and-solutions\/"},"modified":"2026-04-16T02:53:23","modified_gmt":"2026-04-15T23:53:23","slug":"major-socio-economic-issues-and-solutions","status":"publish","type":"product","link":"https:\/\/roveyayinevi.com.tr\/index.php\/urun\/major-socio-economic-issues-and-solutions\/","title":{"rendered":"Major Socio-Economic Issues And Solutions"},"content":{"rendered":"<p>Kitap Tan\u0131t\u0131m Yaz\u0131s\u0131 :                                                                                                                    \u0130\u00e7indekiler   1-      Analysis of the Integration of Qatar&#8217;s Economy into World Trade with the Gravity Model   2-      Strategic Planning In Public Administration: The Case Of Ministry Of Family And Social Services   3-      Measuring the Effectiveness of Gender Responsive Budgeting in Municipalities: The Case of Province Eski\u015fehir   4-      The Effect Of Cultural Shock International Students Experienced On Their Academic Success: Sakarya University Example   5-      The Individual Dynamics of Wage Income in Turkey: 2014 and 2020 Years   6-      From Seashells to Central Bank Digital Currency: Central Banking in a Digital Age 7-      Governance With A New Perspective   8-      The Role And Importance Of Flow Experience In Management Science   9-      Investigation Of The Status Of Social Media Usage And Marketing Before The Covid-19 Pandemic And During The Pandemic Period   10-  A Content Analysis Of The Studies On Determining The Quality Of Services in Municipalities In Turkey   11-  Examination Of Leisure Participation According To Demograph\u0131c Variables   12-  An Evaluation Of Digital Detox Approaches In Gastronomy   13-  Financial Inclusion in Turkey: A Comparative Analysis <\/p>\n","protected":false},"excerpt":{"rendered":"<p>Kitap Tan\u0131t\u0131m Yaz\u0131s\u0131 : \u0130\u00e7indekiler 1- Analysis of the Integration of Qatar&#8217;s Economy into World Trade with the Gravity Model 2- Strategic Planning In Public Administration:<span class=\"excerpt-hellip\"> [\u2026]<\/span><\/p>\n","protected":false},"featured_media":0,"template":"","meta":{"_monsterinsights_skip_tracking":false,"_monsterinsights_sitenote_active":false,"_monsterinsights_sitenote_note":"","_monsterinsights_sitenote_category":0},"product_brand":[],"product_cat":[13043,14381],"product_tag":[],"class_list":{"0":"post-742283","1":"product","2":"type-product","3":"status-publish","5":"product_cat-ekonomi","6":"product_cat-isletme-muhasebe-maliye","7":"pa_cilt-ciltsiz","8":"pa_tur-kitap","9":"pa_yayinevi-gazi-kitabevi","10":"pa_yazar-prof-dr-umit-guner-dr-bulent-adil","12":"first","13":"instock","14":"sale","15":"shipping-taxable","16":"purchasable","17":"product-type-simple"},"_links":{"self":[{"href":"https:\/\/roveyayinevi.com.tr\/index.php\/wp-json\/wp\/v2\/product\/742283","targetHints":{"allow":["GET"]}}],"collection":[{"href":"https:\/\/roveyayinevi.com.tr\/index.php\/wp-json\/wp\/v2\/product"}],"about":[{"href":"https:\/\/roveyayinevi.com.tr\/index.php\/wp-json\/wp\/v2\/types\/product"}],"wp:attachment":[{"href":"https:\/\/roveyayinevi.com.tr\/index.php\/wp-json\/wp\/v2\/media?parent=742283"}],"wp:term":[{"taxonomy":"product_brand","embeddable":true,"href":"https:\/\/roveyayinevi.com.tr\/index.php\/wp-json\/wp\/v2\/product_brand?post=742283"},{"taxonomy":"product_cat","embeddable":true,"href":"https:\/\/roveyayinevi.com.tr\/index.php\/wp-json\/wp\/v2\/product_cat?post=742283"},{"taxonomy":"product_tag","embeddable":true,"href":"https:\/\/roveyayinevi.com.tr\/index.php\/wp-json\/wp\/v2\/product_tag?post=742283"}],"curies":[{"name":"wp","href":"https:\/\/api.w.org\/{rel}","templated":true}]}}