{"id":742280,"date":"2025-08-28T01:08:15","date_gmt":"2025-08-27T22:08:15","guid":{"rendered":"https:\/\/roveyayinevi.com.tr\/index.php\/urun\/padya\/"},"modified":"2026-04-16T02:53:23","modified_gmt":"2026-04-15T23:53:23","slug":"padya","status":"publish","type":"product","link":"https:\/\/roveyayinevi.com.tr\/index.php\/urun\/padya\/","title":{"rendered":"Padya"},"content":{"rendered":"<p>Yazar, m\u00fcstakil denemeleri ile ruhi bunal\u0131mlar\u0131n ve g\u00fcnl\u00fck tela\u015flar\u0131n aras\u0131nda ke\u015ffetti\u011fi s\u0131\u011f\u0131n\u0131klardan; hayata, insanl\u0131\u011fa, \u201cinsan olma\u201d halinin kudretine ve dahi acizli\u011fine vurgu yapar. \u0130mgeleri ve serzeni\u015fleri ile bir h\u00fcz\u00fcn poetikas\u0131 imaj\u0131 ta\u015f\u0131yan denemelerde; a\u015fk\u0131n imkanlar\u0131ndan, Yusuf\u2019un lacivert g\u00f6mle\u011fine; annelik aynas\u0131ndan, evlatl\u0131\u011f\u0131n ac\u0131 suyuna; yaln\u0131zl\u0131ktan yan\u0131lg\u0131ya, hasretten gurbete kadar derin bir i\u00e7 muhasebeyi okurun g\u00f6zleri \u00f6n\u00fcnde te\u015fhir eder. Ba\u015ftan sona \u201cyolda olma\u201d halinin verdi\u011fi imkanlarla kaleme al\u0131nan bu denemeler yazar\u0131n i\u00e7 sesinin d\u0131\u015favurumudur. G\u00f6r\u00fcnenin \u00f6tesini arayan ve kelimenin alt\u0131ndaki manay\u0131 kaz\u0131yan bu yaz\u0131lar yazar\u0131n hayat aynas\u0131na yans\u0131yanlard\u0131r. Kelimelerin aras\u0131nda kendi \u00f6z benli\u011fini g\u00f6ren yazar denemeler boyunca okurla beraber \u015fa\u015f\u0131r\u0131r, okurla beraber d\u00fc\u015f\u00fcn\u00fcr. Dahas\u0131 okurla beraber kendine ve \u00e7aresizli\u011fine tesad\u00fcf eder.<\/p>\n","protected":false},"excerpt":{"rendered":"<p>Yazar, m\u00fcstakil denemeleri ile ruhi bunal\u0131mlar\u0131n ve g\u00fcnl\u00fck tela\u015flar\u0131n aras\u0131nda ke\u015ffetti\u011fi s\u0131\u011f\u0131n\u0131klardan; hayata, insanl\u0131\u011fa, \u201cinsan olma\u201d halinin kudretine ve dahi acizli\u011fine vurgu yapar. \u0130mgeleri ve serzeni\u015fleri<span class=\"excerpt-hellip\"> [\u2026]<\/span><\/p>\n","protected":false},"featured_media":0,"template":"","meta":{"_monsterinsights_skip_tracking":false,"_monsterinsights_sitenote_active":false,"_monsterinsights_sitenote_note":"","_monsterinsights_sitenote_category":0},"product_brand":[],"product_cat":[12777,12291],"product_tag":[],"class_list":{"0":"post-742280","1":"product","2":"type-product","3":"status-publish","5":"product_cat-deneme","6":"product_cat-edebiyat","7":"pa_cilt-ciltsiz","8":"pa_tur-kitap","9":"pa_yayinevi-karakum-yayinevi","10":"pa_yazar-numan-keser","12":"first","13":"instock","14":"sale","15":"shipping-taxable","16":"purchasable","17":"product-type-simple"},"_links":{"self":[{"href":"https:\/\/roveyayinevi.com.tr\/index.php\/wp-json\/wp\/v2\/product\/742280","targetHints":{"allow":["GET"]}}],"collection":[{"href":"https:\/\/roveyayinevi.com.tr\/index.php\/wp-json\/wp\/v2\/product"}],"about":[{"href":"https:\/\/roveyayinevi.com.tr\/index.php\/wp-json\/wp\/v2\/types\/product"}],"wp:attachment":[{"href":"https:\/\/roveyayinevi.com.tr\/index.php\/wp-json\/wp\/v2\/media?parent=742280"}],"wp:term":[{"taxonomy":"product_brand","embeddable":true,"href":"https:\/\/roveyayinevi.com.tr\/index.php\/wp-json\/wp\/v2\/product_brand?post=742280"},{"taxonomy":"product_cat","embeddable":true,"href":"https:\/\/roveyayinevi.com.tr\/index.php\/wp-json\/wp\/v2\/product_cat?post=742280"},{"taxonomy":"product_tag","embeddable":true,"href":"https:\/\/roveyayinevi.com.tr\/index.php\/wp-json\/wp\/v2\/product_tag?post=742280"}],"curies":[{"name":"wp","href":"https:\/\/api.w.org\/{rel}","templated":true}]}}