{"id":742279,"date":"2025-08-28T01:08:14","date_gmt":"2025-08-27T22:08:14","guid":{"rendered":"https:\/\/roveyayinevi.com.tr\/index.php\/urun\/ucan-kopek-macerasi\/"},"modified":"2026-04-16T02:53:23","modified_gmt":"2026-04-15T23:53:23","slug":"ucan-kopek-macerasi","status":"publish","type":"product","link":"https:\/\/roveyayinevi.com.tr\/index.php\/urun\/ucan-kopek-macerasi\/","title":{"rendered":"U\u00e7an K\u00f6pek Maceras\u0131"},"content":{"rendered":"<p>Sihir ve macera dolu bir yolculu\u011fa haz\u0131r olun!   Periler \u00dclkesi\u2019nden Prenses Fenella, Mary ve Peter, oyun oynarken B\u00fcy\u00fck Sinsi\u2019nin tuza\u011f\u0131na d\u00fc\u015ferler. Prenses Fenella ortadan kaybolur. Mary ve Peter ise onu bulmaya kararl\u0131d\u0131r. Sihirli Uzaklar A\u011fac\u0131\u2019na t\u0131rman\u0131p arkada\u015flar\u0131n\u0131n izinde \u00fclke \u00fclke gezerler. Sonunda yollar\u0131 u\u00e7an bir k\u00f6pe\u011fin ma\u011faras\u0131na d\u00fc\u015fer.   U\u00e7an K\u00f6pek Maceras\u0131 bizi Sihirli Uzaklar A\u011fac\u0131&#8217;n\u0131n Periler \u00dclkesi\u2019ne g\u00f6t\u00fcr\u00fcyor. T\u0131ls\u0131ml\u0131 Orman\u2019a bir de oradan bakmam\u0131z\u0131 sa\u011flayan ve bizi efsanevi masal canl\u0131lar\u0131yla tan\u0131\u015ft\u0131ran bu kitap, d\u00fcnyan\u0131n en sevilen \u00e7ocuk kitab\u0131 yazarlar\u0131ndan biri olan Enid Blyton\u2019un sihirli d\u00fcnyas\u0131na bir giri\u015f niteli\u011finde. <\/p>\n","protected":false},"excerpt":{"rendered":"<p>Sihir ve macera dolu bir yolculu\u011fa haz\u0131r olun! Periler \u00dclkesi\u2019nden Prenses Fenella, Mary ve Peter, oyun oynarken B\u00fcy\u00fck Sinsi\u2019nin tuza\u011f\u0131na d\u00fc\u015ferler. Prenses Fenella ortadan kaybolur. Mary<span class=\"excerpt-hellip\"> [\u2026]<\/span><\/p>\n","protected":false},"featured_media":0,"template":"","meta":{"_monsterinsights_skip_tracking":false,"_monsterinsights_sitenote_active":false,"_monsterinsights_sitenote_note":"","_monsterinsights_sitenote_category":0},"product_brand":[],"product_cat":[12689,12274],"product_tag":[],"class_list":{"0":"post-742279","1":"product","2":"type-product","3":"status-publish","5":"product_cat-cizgi-roman-cocuk-ve-genclik-kitaplari","6":"product_cat-cocuk-ve-genclik-kitaplari","7":"pa_cilt-ciltsiz","8":"pa_tur-kitap","9":"pa_yayinevi-redhouse-kidz-yayinlari","10":"pa_yazar-enid-blyton","12":"first","13":"instock","14":"sale","15":"shipping-taxable","16":"purchasable","17":"product-type-simple"},"_links":{"self":[{"href":"https:\/\/roveyayinevi.com.tr\/index.php\/wp-json\/wp\/v2\/product\/742279","targetHints":{"allow":["GET"]}}],"collection":[{"href":"https:\/\/roveyayinevi.com.tr\/index.php\/wp-json\/wp\/v2\/product"}],"about":[{"href":"https:\/\/roveyayinevi.com.tr\/index.php\/wp-json\/wp\/v2\/types\/product"}],"wp:attachment":[{"href":"https:\/\/roveyayinevi.com.tr\/index.php\/wp-json\/wp\/v2\/media?parent=742279"}],"wp:term":[{"taxonomy":"product_brand","embeddable":true,"href":"https:\/\/roveyayinevi.com.tr\/index.php\/wp-json\/wp\/v2\/product_brand?post=742279"},{"taxonomy":"product_cat","embeddable":true,"href":"https:\/\/roveyayinevi.com.tr\/index.php\/wp-json\/wp\/v2\/product_cat?post=742279"},{"taxonomy":"product_tag","embeddable":true,"href":"https:\/\/roveyayinevi.com.tr\/index.php\/wp-json\/wp\/v2\/product_tag?post=742279"}],"curies":[{"name":"wp","href":"https:\/\/api.w.org\/{rel}","templated":true}]}}