{"id":742278,"date":"2025-08-28T01:08:13","date_gmt":"2025-08-27T22:08:13","guid":{"rendered":"https:\/\/roveyayinevi.com.tr\/index.php\/urun\/uzaklar-agacinin-tepesinde\/"},"modified":"2026-04-16T02:53:23","modified_gmt":"2026-04-15T23:53:23","slug":"uzaklar-agacinin-tepesinde","status":"publish","type":"product","link":"https:\/\/roveyayinevi.com.tr\/index.php\/urun\/uzaklar-agacinin-tepesinde\/","title":{"rendered":"Uzaklar A\u011fac\u0131n\u0131n Tepesinde"},"content":{"rendered":"<p>Robin ve Joy, Sihirli Uzaklar A\u011fac\u0131 ad\u0131nda bir kitap bulurlar. Kitap sayesinde Joe, Beth ve Frannie ile bulu\u015fup solu\u011fu Sihirli Uzaklar A\u011fac\u0131\u2019nda al\u0131r ve a\u011fac\u0131n tepesine gelen \u00fclkelerde maceradan maceraya at\u0131l\u0131rlar. \u015eatolar \u00dclkesi, Dilekler \u00dclkesi derken, iki arkada\u015f hi\u00e7 ummad\u0131klar\u0131 bir tehlikeyle kar\u015f\u0131 kar\u015f\u0131ya kal\u0131rlar. Acaba \u00fclkelerden zaman\u0131nda \u00e7\u0131k\u0131p evlerine d\u00f6nebilecekler midir?   Sihirli Uzaklar A\u011fac\u0131 hem i\u00e7inde ya\u015fayan sakinleriyle hem de tepesine gelip bir s\u00fcre orada duran \u00fclkeleriyle \u00e7ok renkli bir d\u00fcnya. Her \u00fclkenin ba\u015fka bir gizem, ba\u015fka bir d\u00fczeni var; elbette kahramanlar\u0131m\u0131z\u0131n her \u00fclkeden \u00f6\u011frenecekleri de var. K\u0131sa \u00e7izgi romanlar\u0131n yan\u0131 s\u0131ra uzunca bir \u00f6yk\u00fc de i\u00e7eren Uzaklar A\u011fac\u0131\u2019n\u0131n Tepesinde, yeni ke\u015fifleri ve maceray\u0131 seven her ya\u015ftan okura hitap ediyor. <\/p>\n","protected":false},"excerpt":{"rendered":"<p>Robin ve Joy, Sihirli Uzaklar A\u011fac\u0131 ad\u0131nda bir kitap bulurlar. Kitap sayesinde Joe, Beth ve Frannie ile bulu\u015fup solu\u011fu Sihirli Uzaklar A\u011fac\u0131\u2019nda al\u0131r ve a\u011fac\u0131n tepesine<span class=\"excerpt-hellip\"> [\u2026]<\/span><\/p>\n","protected":false},"featured_media":0,"template":"","meta":{"_monsterinsights_skip_tracking":false,"_monsterinsights_sitenote_active":false,"_monsterinsights_sitenote_note":"","_monsterinsights_sitenote_category":0},"product_brand":[],"product_cat":[12689,12274],"product_tag":[],"class_list":{"0":"post-742278","1":"product","2":"type-product","3":"status-publish","5":"product_cat-cizgi-roman-cocuk-ve-genclik-kitaplari","6":"product_cat-cocuk-ve-genclik-kitaplari","7":"pa_cilt-ciltsiz","8":"pa_tur-kitap","9":"pa_yayinevi-redhouse-kidz-yayinlari","10":"pa_yazar-enid-blyton","12":"first","13":"instock","14":"sale","15":"shipping-taxable","16":"purchasable","17":"product-type-simple"},"_links":{"self":[{"href":"https:\/\/roveyayinevi.com.tr\/index.php\/wp-json\/wp\/v2\/product\/742278","targetHints":{"allow":["GET"]}}],"collection":[{"href":"https:\/\/roveyayinevi.com.tr\/index.php\/wp-json\/wp\/v2\/product"}],"about":[{"href":"https:\/\/roveyayinevi.com.tr\/index.php\/wp-json\/wp\/v2\/types\/product"}],"wp:attachment":[{"href":"https:\/\/roveyayinevi.com.tr\/index.php\/wp-json\/wp\/v2\/media?parent=742278"}],"wp:term":[{"taxonomy":"product_brand","embeddable":true,"href":"https:\/\/roveyayinevi.com.tr\/index.php\/wp-json\/wp\/v2\/product_brand?post=742278"},{"taxonomy":"product_cat","embeddable":true,"href":"https:\/\/roveyayinevi.com.tr\/index.php\/wp-json\/wp\/v2\/product_cat?post=742278"},{"taxonomy":"product_tag","embeddable":true,"href":"https:\/\/roveyayinevi.com.tr\/index.php\/wp-json\/wp\/v2\/product_tag?post=742278"}],"curies":[{"name":"wp","href":"https:\/\/api.w.org\/{rel}","templated":true}]}}