{"id":742277,"date":"2025-08-28T01:08:12","date_gmt":"2025-08-27T22:08:12","guid":{"rendered":"https:\/\/roveyayinevi.com.tr\/index.php\/urun\/gune-bak\/"},"modified":"2026-04-16T02:53:23","modified_gmt":"2026-04-15T23:53:23","slug":"gune-bak","status":"publish","type":"product","link":"https:\/\/roveyayinevi.com.tr\/index.php\/urun\/gune-bak\/","title":{"rendered":"G\u00fcne Bak"},"content":{"rendered":"<p>Her yeni g\u00fcn\u00fcn i\u00e7inde ke\u015ffedilmeyi bekleyen k\u00fc\u00e7\u00fck s\u00fcrprizler vard\u0131r, bulup \u00e7\u0131karabilene. Ve bu k\u00fc\u00e7\u00fck s\u00fcrprizleri bulabilenler bakanlar de\u011fil g\u00f6renler, duyanlar de\u011fil dinleyenler, g\u00fcn\u00fcn i\u00e7inde g\u00fcnden \u00f6nde ko\u015fanlar de\u011fil, g\u00fcnebakanlar gibi g\u00fcnle beraber ilerleyenlerdir.<\/p>\n","protected":false},"excerpt":{"rendered":"<p>Her yeni g\u00fcn\u00fcn i\u00e7inde ke\u015ffedilmeyi bekleyen k\u00fc\u00e7\u00fck s\u00fcrprizler vard\u0131r, bulup \u00e7\u0131karabilene. Ve bu k\u00fc\u00e7\u00fck s\u00fcrprizleri bulabilenler bakanlar de\u011fil g\u00f6renler, duyanlar de\u011fil dinleyenler, g\u00fcn\u00fcn i\u00e7inde g\u00fcnden \u00f6nde<span class=\"excerpt-hellip\"> [\u2026]<\/span><\/p>\n","protected":false},"featured_media":0,"template":"","meta":{"_monsterinsights_skip_tracking":false,"_monsterinsights_sitenote_active":false,"_monsterinsights_sitenote_note":"","_monsterinsights_sitenote_category":0},"product_brand":[],"product_cat":[12777,12291],"product_tag":[],"class_list":{"0":"post-742277","1":"product","2":"type-product","3":"status-publish","5":"product_cat-deneme","6":"product_cat-edebiyat","7":"pa_cilt-ciltsiz","8":"pa_tur-kitap","9":"pa_yayinevi-platanus-publishing","10":"pa_yazar-pinar-tekin","12":"first","13":"instock","14":"sale","15":"shipping-taxable","16":"purchasable","17":"product-type-simple"},"_links":{"self":[{"href":"https:\/\/roveyayinevi.com.tr\/index.php\/wp-json\/wp\/v2\/product\/742277","targetHints":{"allow":["GET"]}}],"collection":[{"href":"https:\/\/roveyayinevi.com.tr\/index.php\/wp-json\/wp\/v2\/product"}],"about":[{"href":"https:\/\/roveyayinevi.com.tr\/index.php\/wp-json\/wp\/v2\/types\/product"}],"wp:attachment":[{"href":"https:\/\/roveyayinevi.com.tr\/index.php\/wp-json\/wp\/v2\/media?parent=742277"}],"wp:term":[{"taxonomy":"product_brand","embeddable":true,"href":"https:\/\/roveyayinevi.com.tr\/index.php\/wp-json\/wp\/v2\/product_brand?post=742277"},{"taxonomy":"product_cat","embeddable":true,"href":"https:\/\/roveyayinevi.com.tr\/index.php\/wp-json\/wp\/v2\/product_cat?post=742277"},{"taxonomy":"product_tag","embeddable":true,"href":"https:\/\/roveyayinevi.com.tr\/index.php\/wp-json\/wp\/v2\/product_tag?post=742277"}],"curies":[{"name":"wp","href":"https:\/\/api.w.org\/{rel}","templated":true}]}}