{"id":742275,"date":"2025-08-28T01:08:10","date_gmt":"2025-08-27T22:08:10","guid":{"rendered":"https:\/\/roveyayinevi.com.tr\/index.php\/urun\/doga-tarihi-2\/"},"modified":"2026-04-16T02:53:23","modified_gmt":"2026-04-15T23:53:23","slug":"doga-tarihi-2","status":"publish","type":"product","link":"https:\/\/roveyayinevi.com.tr\/index.php\/urun\/doga-tarihi-2\/","title":{"rendered":"Do\u011fa Tarihi"},"content":{"rendered":"<p>Ya\u015fl\u0131 Plinius\u2019un (MS 23-79) bu eseri, antik d\u00fcnyadaki sa\u011fl\u0131kla ilgili bilgilere yer veren \u00e7al\u0131\u015fmalardan biridir. O d\u00f6nemde, tedaviler i\u00e7in geli\u015ftirilen farkl\u0131 y\u00f6ntemlerle, \u015fifan\u0131n, do\u011fan\u0131n nimetlerinde nas\u0131l arand\u0131\u011f\u0131na, bulunan devalar\u0131 kaydedip sistemle\u015ftirme \u00e7abalar\u0131na tan\u0131kl\u0131k ederiz. Ya\u015fl\u0131 Plinius do\u011faya bak\u0131\u015f\u0131nda daima ola\u011fan\u00fcst\u00fc bir merak i\u00e7indedir, birbirinden ilgin\u00e7 g\u00f6zlemlerini aktar\u0131r. Yazar, bu kitaplar\u0131nda bizlere sa\u011fl\u0131k konusunda Antik Yunan, \u0130talya, Trakya, Anadolu, \u0130ran ve M\u0131s\u0131r\u2019daki \u00f6nceki \u00e7a\u011flara ait uygulamalar\u0131 ve \u015fifalar\u0131 ayr\u0131nt\u0131lar\u0131yla betimler. Ayr\u0131ca MS 1. y\u00fczy\u0131l itibar\u0131yla Roma\u2019da, bug\u00fcnk\u00fc t\u0131p ve eczac\u0131l\u0131k d\u00fcnyas\u0131n\u0131 do\u011frudan ilgilendiren verilerin ansiklopedik olarak kayda ge\u00e7irilmesiyle birlikte insanl\u0131\u011f\u0131n farmakololojik d\u00fczeyde nas\u0131l bir birikim sa\u011flad\u0131\u011f\u0131n\u0131 ve nerelerden gelindi\u011fini g\u00f6stermesi a\u00e7\u0131s\u0131ndan da e\u015fsiz bir eserdir.   B\u00fcy\u00fc, \u015fifa ve \u015fifac\u0131lar \u00fczerine bilgilerin aktar\u0131ld\u0131\u011f\u0131 bu eserde b\u00fcy\u00fcl\u00fc s\u00f6z, t\u00fck\u00fcrme, dokunma gibi unsurlarla insan\u0131n insana sundu\u011fu \u015fifalar\u0131n ard\u0131ndan say\u0131s\u0131z hayvan t\u00fcr\u00fcn\u00fcn s\u00fct\u00fc, idrar\u0131, kan\u0131, ba\u011f\u0131rsa\u011f\u0131, beyni, ci\u011feri, i\u00e7ya\u011f\u0131, safras\u0131, ba\u015f\u0131, aya\u011f\u0131 vb. unsurlar\u0131n\u0131n; dereotu, un, rezene, nane, kekik, zambak, \u00f6kse otu, semizotu, geven otu vb. gibi bitkilerle birlikte \u00e7e\u015fitli usullerde sirke, bal, \u015farap, balmumu, arpa suyu, re\u00e7ine, t\u00fcrl\u00fc ya\u011flara, suya ve zifte kat\u0131larak nerede ve ne \u015fekilde kullan\u0131laca\u011f\u0131 \u00fczerine bilgiler verilmektedir. B\u00f6ylece her t\u00fcrden a\u011fr\u0131lar, cilt, g\u00f6z hastal\u0131klar\u0131, yaralar, irinler, menenjit, epilepsi, yan\u0131klar, kad\u0131n, \u00e7ocuk hastal\u0131klar\u0131, gut, varis vb. gibi bir\u00e7ok rahats\u0131zl\u0131\u011fa kar\u015f\u0131 uygulanan tedavi y\u00f6ntemleri g\u00f6sterilmektedir. <\/p>\n","protected":false},"excerpt":{"rendered":"<p>Ya\u015fl\u0131 Plinius\u2019un (MS 23-79) bu eseri, antik d\u00fcnyadaki sa\u011fl\u0131kla ilgili bilgilere yer veren \u00e7al\u0131\u015fmalardan biridir. O d\u00f6nemde, tedaviler i\u00e7in geli\u015ftirilen farkl\u0131 y\u00f6ntemlerle, \u015fifan\u0131n, do\u011fan\u0131n nimetlerinde nas\u0131l<span class=\"excerpt-hellip\"> [\u2026]<\/span><\/p>\n","protected":false},"featured_media":0,"template":"","meta":{"_monsterinsights_skip_tracking":false,"_monsterinsights_sitenote_active":false,"_monsterinsights_sitenote_note":"","_monsterinsights_sitenote_category":0},"product_brand":[],"product_cat":[13397,13365],"product_tag":[],"class_list":{"0":"post-742275","1":"product","2":"type-product","3":"status-publish","5":"product_cat-alternatif-tip-sifali-bitkiler","6":"product_cat-saglik","7":"pa_cilt-ciltsiz","8":"pa_tur-kitap","9":"pa_yayinevi-dogu-bati-yayinlari","10":"pa_yazar-gaius-plinius-secundus-maior","12":"first","13":"instock","14":"sale","15":"shipping-taxable","16":"purchasable","17":"product-type-simple"},"_links":{"self":[{"href":"https:\/\/roveyayinevi.com.tr\/index.php\/wp-json\/wp\/v2\/product\/742275","targetHints":{"allow":["GET"]}}],"collection":[{"href":"https:\/\/roveyayinevi.com.tr\/index.php\/wp-json\/wp\/v2\/product"}],"about":[{"href":"https:\/\/roveyayinevi.com.tr\/index.php\/wp-json\/wp\/v2\/types\/product"}],"wp:attachment":[{"href":"https:\/\/roveyayinevi.com.tr\/index.php\/wp-json\/wp\/v2\/media?parent=742275"}],"wp:term":[{"taxonomy":"product_brand","embeddable":true,"href":"https:\/\/roveyayinevi.com.tr\/index.php\/wp-json\/wp\/v2\/product_brand?post=742275"},{"taxonomy":"product_cat","embeddable":true,"href":"https:\/\/roveyayinevi.com.tr\/index.php\/wp-json\/wp\/v2\/product_cat?post=742275"},{"taxonomy":"product_tag","embeddable":true,"href":"https:\/\/roveyayinevi.com.tr\/index.php\/wp-json\/wp\/v2\/product_tag?post=742275"}],"curies":[{"name":"wp","href":"https:\/\/api.w.org\/{rel}","templated":true}]}}