{"id":742273,"date":"2025-08-28T01:08:08","date_gmt":"2025-08-27T22:08:08","guid":{"rendered":"https:\/\/roveyayinevi.com.tr\/index.php\/urun\/degerler-prensibi\/"},"modified":"2026-04-15T03:04:10","modified_gmt":"2026-04-15T00:04:10","slug":"degerler-prensibi","status":"publish","type":"product","link":"https:\/\/roveyayinevi.com.tr\/index.php\/urun\/degerler-prensibi\/","title":{"rendered":"De\u011ferler Prensibi"},"content":{"rendered":"<p>Hayat\u0131n\u0131zda neyin yoksunlu\u011funu hissediyorsan\u0131z de\u011fer verdiklerinizi o belirler.   Hep hayalini kurdu\u011funuz hayat\u0131 elde etmek i\u00e7in atabilece\u011finiz en \u00f6nemli ad\u0131m nedir? Muhtemelen bu sorunun para biriktirmeye ba\u015flamak, daha iyi bir i\u015fe girmek, ruh e\u015fimi bulmak ya da evlili\u011fimi d\u00fczeltmek gibi bir cevab\u0131 oldu\u011funu d\u00fc\u015f\u00fcnebilirsiniz. Bu t\u00fcr \u00e7\u00f6z\u00fcmler, ge\u00e7ici bir memnuniyet sa\u011flayabilir ancak hi\u00e7biri ger\u00e7ek ve kal\u0131c\u0131 bir doyum sa\u011flayamaz ya da hayattaki e\u015fsiz amac\u0131n\u0131za ula\u015fman\u0131za yard\u0131mc\u0131 olamaz. DE\u011eERLER PRENS\u0130B\u0130, size her an\u0131n\u0131n ilham verici ve tatmin edici oldu\u011fu bir hayat\u0131 nas\u0131l yaratabilece\u011finizi g\u00f6steriyor. \u0130lk ad\u0131m ise \u00f6ncelikle en anlaml\u0131 g\u00f6rd\u00fc\u011f\u00fcn\u00fcz \u015feyleri, size g\u00f6re hayattaki en \u00f6nemli de\u011ferleri belirlemektir. Kendi e\u015fsiz de\u011ferlerinizi anlad\u0131\u011f\u0131n\u0131zda ve hayat\u0131n\u0131z\u0131 bu de\u011ferlere g\u00f6re d\u00fczenledi\u011finizde, ya\u015fam\u0131n\u0131z\u0131n her alan\u0131nda doyuma ula\u015fabilir, sevgi dolu ili\u015fkilerinizi derinle\u015ftirebilir, ilham verici bir kariyer yaratabilir, finansal ba\u011f\u0131ms\u0131zl\u0131k elde edebilir ve zengin bir manevi ya\u015fama eri\u015febilirsiniz. D\u00fcnyaca \u00fcnl\u00fc motivasyon konu\u015fmac\u0131s\u0131 Dr. John Demartini, DE\u011eERLER PRENS\u0130B\u0130 kitab\u0131nda bu kez sizi \u015fa\u015f\u0131rt\u0131c\u0131 bir yolculu\u011fa \u00e7\u0131kar\u0131yor. Dr. Demartini on \u00fc\u00e7 b\u00f6l\u00fcml\u00fck anketiyle en de\u011fer verdi\u011finiz \u015feyleri belirlemenizi sa\u011fl\u0131yor ve sizi \u015fa\u015f\u0131rtacak cevaplarla ba\u015f ba\u015fa b\u0131rak\u0131yor. Bu kitab\u0131n her b\u00f6l\u00fcm\u00fc, hayat\u0131n\u0131z\u0131n her alan\u0131n\u0131 ger\u00e7ek de\u011ferlerinizle nas\u0131l ili\u015fkilendirebilece\u011finizi a\u00e7\u0131kl\u0131yor. B\u00f6ylece ba\u015ftan beri muktedir oldu\u011funuz ba\u015far\u0131ya ula\u015fabilmenin sizin i\u00e7in biricik olan ki\u015fisel manifestosunu yazd\u0131r\u0131yor. <\/p>\n","protected":false},"excerpt":{"rendered":"<p>Hayat\u0131n\u0131zda neyin yoksunlu\u011funu hissediyorsan\u0131z de\u011fer verdiklerinizi o belirler. Hep hayalini kurdu\u011funuz hayat\u0131 elde etmek i\u00e7in atabilece\u011finiz en \u00f6nemli ad\u0131m nedir? Muhtemelen bu sorunun para biriktirmeye ba\u015flamak,<span class=\"excerpt-hellip\"> [\u2026]<\/span><\/p>\n","protected":false},"featured_media":0,"template":"","meta":{"_monsterinsights_skip_tracking":false,"_monsterinsights_sitenote_active":false,"_monsterinsights_sitenote_note":"","_monsterinsights_sitenote_category":0},"product_brand":[],"product_cat":[12755,12357],"product_tag":[],"class_list":{"0":"post-742273","1":"product","2":"type-product","3":"status-publish","5":"product_cat-gelisim-psikolojisi","6":"product_cat-psikoloji","7":"pa_cilt-ciltsiz","8":"pa_tur-kitap","9":"pa_yayinevi-destek-yayinlari","10":"pa_yazar-john-demartini","12":"first","13":"instock","14":"sale","15":"shipping-taxable","16":"purchasable","17":"product-type-simple"},"_links":{"self":[{"href":"https:\/\/roveyayinevi.com.tr\/index.php\/wp-json\/wp\/v2\/product\/742273","targetHints":{"allow":["GET"]}}],"collection":[{"href":"https:\/\/roveyayinevi.com.tr\/index.php\/wp-json\/wp\/v2\/product"}],"about":[{"href":"https:\/\/roveyayinevi.com.tr\/index.php\/wp-json\/wp\/v2\/types\/product"}],"wp:attachment":[{"href":"https:\/\/roveyayinevi.com.tr\/index.php\/wp-json\/wp\/v2\/media?parent=742273"}],"wp:term":[{"taxonomy":"product_brand","embeddable":true,"href":"https:\/\/roveyayinevi.com.tr\/index.php\/wp-json\/wp\/v2\/product_brand?post=742273"},{"taxonomy":"product_cat","embeddable":true,"href":"https:\/\/roveyayinevi.com.tr\/index.php\/wp-json\/wp\/v2\/product_cat?post=742273"},{"taxonomy":"product_tag","embeddable":true,"href":"https:\/\/roveyayinevi.com.tr\/index.php\/wp-json\/wp\/v2\/product_tag?post=742273"}],"curies":[{"name":"wp","href":"https:\/\/api.w.org\/{rel}","templated":true}]}}