{"id":742272,"date":"2025-08-28T01:08:07","date_gmt":"2025-08-27T22:08:07","guid":{"rendered":"https:\/\/roveyayinevi.com.tr\/index.php\/urun\/bakan-hoca\/"},"modified":"2026-04-16T02:53:23","modified_gmt":"2026-04-15T23:53:23","slug":"bakan-hoca","status":"publish","type":"product","link":"https:\/\/roveyayinevi.com.tr\/index.php\/urun\/bakan-hoca\/","title":{"rendered":"Bakan Hoca"},"content":{"rendered":"<p>Devlet sistemi bir b\u00fct\u00fcnd\u00fcr. Devletin her birimi ve b\u00fct\u00fcn bakanl\u0131klar devlet sisteminin par\u00e7alar\u0131d\u0131rlar. Sistemi olu\u015fturan par\u00e7alardan birinin eksik ya da yanl\u0131\u015f \u00e7al\u0131\u015fmas\u0131 b\u00fct\u00fcne zarar verir. Devletin her par\u00e7as\u0131 uyum i\u00e7erisinde \u00e7al\u0131\u015f\u0131rsa devlet g\u00fc\u00e7lenebilir. Aksi halde israf, karga\u015fa ve gecikme ka\u00e7\u0131n\u0131lmazd\u0131r. Devleti bat\u0131\u015fa s\u00fcr\u00fckleyen sadece k\u00f6t\u00fc niyet de\u011fildir, \u015fuursuz \u00e7aba da ayn\u0131 sonuca hizmet eder. Mete G\u00fcndo\u011fan\u2019\u0131n kaleme ald\u0131\u011f\u0131 bu bolca g\u00f6ndermeli hiciv roman onlarca y\u0131ld\u0131r kahramanlar\u0131 de\u011fi\u015fse de d\u00fczeni de\u011fi\u015fmeyen siyaset sahnesinde cereyan eden g\u00fc\u00e7 m\u00fccadelesine, politik entrikalara, \u00e7\u0131kar \u00e7at\u0131\u015fmalar\u0131na, ekonomik kay\u0131plara, ihanetlere, cehalete, g\u00fc\u00e7 zehirlenmesine ve b\u00fct\u00fcn bunlar\u0131n nas\u0131l ya\u015fand\u0131\u011f\u0131na odaklansa da \u00e7are aray\u0131\u015f\u0131na \u00e7ok daha geni\u015f ve g\u00fc\u00e7l\u00fc bi\u00e7imde yer veriyor. Sadece olan\u0131n de\u011fil, olmas\u0131 gerekenin de izini s\u00fcr\u00fcyor. <\/p>\n","protected":false},"excerpt":{"rendered":"<p>Devlet sistemi bir b\u00fct\u00fcnd\u00fcr. Devletin her birimi ve b\u00fct\u00fcn bakanl\u0131klar devlet sisteminin par\u00e7alar\u0131d\u0131rlar. Sistemi olu\u015fturan par\u00e7alardan birinin eksik ya da yanl\u0131\u015f \u00e7al\u0131\u015fmas\u0131 b\u00fct\u00fcne zarar verir. Devletin<span class=\"excerpt-hellip\"> [\u2026]<\/span><\/p>\n","protected":false},"featured_media":0,"template":"","meta":{"_monsterinsights_skip_tracking":false,"_monsterinsights_sitenote_active":false,"_monsterinsights_sitenote_note":"","_monsterinsights_sitenote_category":0},"product_brand":[],"product_cat":[12291,12711],"product_tag":[],"class_list":{"0":"post-742272","1":"product","2":"type-product","3":"status-publish","5":"product_cat-edebiyat","6":"product_cat-roman-oyku","7":"pa_cilt-ciltsiz","8":"pa_tur-kitap","9":"pa_yayinevi-destek-yayinlari","10":"pa_yazar-mete-gundogan","12":"first","13":"instock","14":"sale","15":"shipping-taxable","16":"purchasable","17":"product-type-simple"},"_links":{"self":[{"href":"https:\/\/roveyayinevi.com.tr\/index.php\/wp-json\/wp\/v2\/product\/742272","targetHints":{"allow":["GET"]}}],"collection":[{"href":"https:\/\/roveyayinevi.com.tr\/index.php\/wp-json\/wp\/v2\/product"}],"about":[{"href":"https:\/\/roveyayinevi.com.tr\/index.php\/wp-json\/wp\/v2\/types\/product"}],"wp:attachment":[{"href":"https:\/\/roveyayinevi.com.tr\/index.php\/wp-json\/wp\/v2\/media?parent=742272"}],"wp:term":[{"taxonomy":"product_brand","embeddable":true,"href":"https:\/\/roveyayinevi.com.tr\/index.php\/wp-json\/wp\/v2\/product_brand?post=742272"},{"taxonomy":"product_cat","embeddable":true,"href":"https:\/\/roveyayinevi.com.tr\/index.php\/wp-json\/wp\/v2\/product_cat?post=742272"},{"taxonomy":"product_tag","embeddable":true,"href":"https:\/\/roveyayinevi.com.tr\/index.php\/wp-json\/wp\/v2\/product_tag?post=742272"}],"curies":[{"name":"wp","href":"https:\/\/api.w.org\/{rel}","templated":true}]}}