{"id":742271,"date":"2025-08-28T01:08:06","date_gmt":"2025-08-27T22:08:06","guid":{"rendered":"https:\/\/roveyayinevi.com.tr\/index.php\/urun\/cevreci-uc-uc-bocegi\/"},"modified":"2026-04-16T02:53:23","modified_gmt":"2026-04-15T23:53:23","slug":"cevreci-uc-uc-bocegi","status":"publish","type":"product","link":"https:\/\/roveyayinevi.com.tr\/index.php\/urun\/cevreci-uc-uc-bocegi\/","title":{"rendered":"\u00c7evreci U\u00e7 U\u00e7 B\u00f6ce\u011fi"},"content":{"rendered":"<p>\u00c7ocuk edebiyat\u0131n\u0131n yetkin ismi \u015eahsene Cam\u0131z\u2019dan, do\u011fan\u0131n \u015fiirselli\u011finde ya\u015farken bir canl\u0131 olman\u0131n sorumluluklar\u0131n\u0131 da yerine getiren, \u00e7evre duyarl\u0131l\u0131\u011f\u0131na sahip bir u\u011furb\u00f6ce\u011finin \u00f6yk\u00fcs\u00fc\u2026 K\u00fc\u00e7\u00fcc\u00fck c\u00fcssesi ve koca y\u00fcre\u011fiyle Ka\u00e7karlar\u2019daki do\u011fa k\u0131y\u0131m\u0131n\u0131 \u00f6nleyen u\u00e7 u\u00e7 b\u00f6ce\u011fimiz, hem \u00e7ocuklar\u0131n hem de i\u00e7indeki \u00e7ocukla ya\u015fayan, ondan beslenen b\u00fcy\u00fcklerin y\u00fcreklerini \u0131s\u0131tacak. A\u011fa\u00e7lar olmasa, olmaz ki bahar!\u00c7i\u00e7ekler, b\u00f6cekler, ku\u015flar, t\u00fcm canl\u0131larVe \u015f\u0131r\u0131l \u015f\u0131r\u0131l akan \u0131rmaklarDo\u011fa ana, t\u00fcm\u00fcm\u00fcz\u00fc sevgiyle kucaklar. <\/p>\n","protected":false},"excerpt":{"rendered":"<p>\u00c7ocuk edebiyat\u0131n\u0131n yetkin ismi \u015eahsene Cam\u0131z\u2019dan, do\u011fan\u0131n \u015fiirselli\u011finde ya\u015farken bir canl\u0131 olman\u0131n sorumluluklar\u0131n\u0131 da yerine getiren, \u00e7evre duyarl\u0131l\u0131\u011f\u0131na sahip bir u\u011furb\u00f6ce\u011finin \u00f6yk\u00fcs\u00fc\u2026 K\u00fc\u00e7\u00fcc\u00fck c\u00fcssesi ve koca<span class=\"excerpt-hellip\"> [\u2026]<\/span><\/p>\n","protected":false},"featured_media":0,"template":"","meta":{"_monsterinsights_skip_tracking":false,"_monsterinsights_sitenote_active":false,"_monsterinsights_sitenote_note":"","_monsterinsights_sitenote_category":0},"product_brand":[],"product_cat":[12689,12274],"product_tag":[],"class_list":{"0":"post-742271","1":"product","2":"type-product","3":"status-publish","5":"product_cat-cizgi-roman-cocuk-ve-genclik-kitaplari","6":"product_cat-cocuk-ve-genclik-kitaplari","7":"pa_cilt-ciltsiz","8":"pa_tur-kitap","9":"pa_yayinevi-cumhuriyet-kitaplari","10":"pa_yazar-sahsene-camiz","12":"first","13":"instock","14":"sale","15":"shipping-taxable","16":"purchasable","17":"product-type-simple"},"_links":{"self":[{"href":"https:\/\/roveyayinevi.com.tr\/index.php\/wp-json\/wp\/v2\/product\/742271","targetHints":{"allow":["GET"]}}],"collection":[{"href":"https:\/\/roveyayinevi.com.tr\/index.php\/wp-json\/wp\/v2\/product"}],"about":[{"href":"https:\/\/roveyayinevi.com.tr\/index.php\/wp-json\/wp\/v2\/types\/product"}],"wp:attachment":[{"href":"https:\/\/roveyayinevi.com.tr\/index.php\/wp-json\/wp\/v2\/media?parent=742271"}],"wp:term":[{"taxonomy":"product_brand","embeddable":true,"href":"https:\/\/roveyayinevi.com.tr\/index.php\/wp-json\/wp\/v2\/product_brand?post=742271"},{"taxonomy":"product_cat","embeddable":true,"href":"https:\/\/roveyayinevi.com.tr\/index.php\/wp-json\/wp\/v2\/product_cat?post=742271"},{"taxonomy":"product_tag","embeddable":true,"href":"https:\/\/roveyayinevi.com.tr\/index.php\/wp-json\/wp\/v2\/product_tag?post=742271"}],"curies":[{"name":"wp","href":"https:\/\/api.w.org\/{rel}","templated":true}]}}