{"id":742270,"date":"2025-08-28T01:08:05","date_gmt":"2025-08-27T22:08:05","guid":{"rendered":"https:\/\/roveyayinevi.com.tr\/index.php\/urun\/aymazligin-ibretlik-oykusu\/"},"modified":"2026-04-16T02:53:23","modified_gmt":"2026-04-15T23:53:23","slug":"aymazligin-ibretlik-oykusu","status":"publish","type":"product","link":"https:\/\/roveyayinevi.com.tr\/index.php\/urun\/aymazligin-ibretlik-oykusu\/","title":{"rendered":"Aymazl\u0131\u011f\u0131n \u0130bretlik \u00d6yk\u00fcs\u00fc"},"content":{"rendered":"<p>Prof. Dr. Emre Kongar\u2019\u0131n toplumu uyaran e\u015fsiz kaleminden \u00e7\u0131kan bu kitap, tarihe \u201ctoplumsal bir aymazl\u0131\u011f\u0131n ibret verici \u00f6rne\u011fi\u201d olarak ge\u00e7ecek \u00f6nemli bir s\u00fcrecin \u00f6yk\u00fcs\u00fcd\u00fcr. Deneyimli bir toplumbilimcinin ve ayd\u0131n\u0131n 2000-2021 aras\u0131nda T\u00fcrkiye\u2019de ya\u015fananlar\u0131 y\u0131llar \u00f6ncesinden g\u00f6rerek toplumu uyarmaya \u00e7al\u0131\u015ft\u0131\u011f\u0131n\u0131 belgeleyen, felakete do\u011fru g\u00f6z g\u00f6re g\u00f6re gidi\u015fimizi \u00f6nleyememi\u015f olan uyar\u0131lar\u0131n\u0131n, de\u011ferli gazeteci-yazar \u00dcmit Aslanbay taraf\u0131ndan se\u00e7ilmi\u015f ve d\u00fczenlenmi\u015f olan derlemesidir.Bu kitab\u0131 okurken, Atat\u00fcrk\u2019\u00fcn kurdu\u011fu T\u00fcrkiye Cumhuriyeti\u2019nin ad\u0131m ad\u0131m, hangi tarihsel duraklardan ge\u00e7erek \u201c\u015eahs\u0131m Devleti\u201dne ta\u015f\u0131nd\u0131\u011f\u0131n\u0131 g\u00f6recek, hem Kongar\u2019\u0131n g\u00f6zlemlerine hayret edecek ve \u00fcz\u00fclecek, hem de gelecek i\u00e7in umutlanacaks\u0131n\u0131z. \u00dclkemizi saran karabasan\u0131n sonuna yakla\u015ft\u0131\u011f\u0131m\u0131z bir d\u00f6nemde, ayn\u0131 hatalara bir kez daha d\u00fc\u015f\u00fclmemesini sa\u011flamak a\u00e7\u0131s\u0131ndan \u00f6nemli bir belgesel kitap\u2026 <\/p>\n","protected":false},"excerpt":{"rendered":"<p>Prof. Dr. Emre Kongar\u2019\u0131n toplumu uyaran e\u015fsiz kaleminden \u00e7\u0131kan bu kitap, tarihe \u201ctoplumsal bir aymazl\u0131\u011f\u0131n ibret verici \u00f6rne\u011fi\u201d olarak ge\u00e7ecek \u00f6nemli bir s\u00fcrecin \u00f6yk\u00fcs\u00fcd\u00fcr. Deneyimli bir<span class=\"excerpt-hellip\"> [\u2026]<\/span><\/p>\n","protected":false},"featured_media":0,"template":"","meta":{"_monsterinsights_skip_tracking":false,"_monsterinsights_sitenote_active":false,"_monsterinsights_sitenote_note":"","_monsterinsights_sitenote_category":0},"product_brand":[],"product_cat":[12291,12711],"product_tag":[],"class_list":{"0":"post-742270","1":"product","2":"type-product","3":"status-publish","5":"product_cat-edebiyat","6":"product_cat-roman-oyku","7":"pa_cilt-ciltsiz","8":"pa_tur-kitap","9":"pa_yayinevi-cumhuriyet-kitaplari","10":"pa_yazar-emre-kongar","12":"first","13":"instock","14":"sale","15":"shipping-taxable","16":"purchasable","17":"product-type-simple"},"_links":{"self":[{"href":"https:\/\/roveyayinevi.com.tr\/index.php\/wp-json\/wp\/v2\/product\/742270","targetHints":{"allow":["GET"]}}],"collection":[{"href":"https:\/\/roveyayinevi.com.tr\/index.php\/wp-json\/wp\/v2\/product"}],"about":[{"href":"https:\/\/roveyayinevi.com.tr\/index.php\/wp-json\/wp\/v2\/types\/product"}],"wp:attachment":[{"href":"https:\/\/roveyayinevi.com.tr\/index.php\/wp-json\/wp\/v2\/media?parent=742270"}],"wp:term":[{"taxonomy":"product_brand","embeddable":true,"href":"https:\/\/roveyayinevi.com.tr\/index.php\/wp-json\/wp\/v2\/product_brand?post=742270"},{"taxonomy":"product_cat","embeddable":true,"href":"https:\/\/roveyayinevi.com.tr\/index.php\/wp-json\/wp\/v2\/product_cat?post=742270"},{"taxonomy":"product_tag","embeddable":true,"href":"https:\/\/roveyayinevi.com.tr\/index.php\/wp-json\/wp\/v2\/product_tag?post=742270"}],"curies":[{"name":"wp","href":"https:\/\/api.w.org\/{rel}","templated":true}]}}