{"id":742266,"date":"2025-08-28T01:08:00","date_gmt":"2025-08-27T22:08:00","guid":{"rendered":"https:\/\/roveyayinevi.com.tr\/index.php\/urun\/thuvia-marsli-kiz\/"},"modified":"2026-04-16T02:53:23","modified_gmt":"2026-04-15T23:53:23","slug":"thuvia-marsli-kiz","status":"publish","type":"product","link":"https:\/\/roveyayinevi.com.tr\/index.php\/urun\/thuvia-marsli-kiz\/","title":{"rendered":"Thuvia Marsl\u0131 K\u0131z"},"content":{"rendered":"<p>Edgar Rice Burroughs\u2019un \u00fcnl\u00fc Mars dizisinin bu d\u00f6rd\u00fcnc\u00fc kitab\u0131nda, John Carter\u2019\u0131n Kutsal Thernler\u2019in elinden kurtard\u0131\u011f\u0131 Ptarth Prensesi Thuvia ile John Carter\u2019\u0131n o\u011flu Prens Carthoris\u2019in ba\u015f\u0131ndan ge\u00e7enler anlat\u0131lmaktad\u0131r. Thuvia Marsl\u0131 K\u0131z\u2019da as\u0131l ki\u015filer, dizinin ilk \u00fc\u00e7 kitab\u0131n\u0131n kahramanlar\u0131 olan Mars\u2019\u0131n Kumandan\u0131 D\u00fcnyal\u0131 John Carter ve Helium Prensesi Dejah Thoris de\u011fil de o\u011fullar\u0131 Helium Prensi Carthoris ve Ptarth Prensesi Thuvia\u2019d\u0131r. Thuvia ile evlenmek isteyen Dusar Prensi Astok, kendisine a\u015f\u0131k olan Carthoris ve Prenses Thuvia\u2019n\u0131n s\u00f6zl\u00fcs\u00fc oldu\u011fu Kaol Jeddak\u0131 Kulan Tith\u2026 Thuvia\u2019n\u0131n ka\u00e7\u0131r\u0131lmas\u0131, imgelem g\u00fcc\u00fcyle yarat\u0131lan hayalet sava\u015f\u00e7\u0131lar, hayalet sava\u015f\u00e7\u0131larla zalim ye\u015fil sava\u015f\u00e7\u0131lar\u0131n korkun\u00e7 sava\u015f\u0131, beyaz maymunlar\u2026 Sonunda Thuvia ile Carthoris\u2019in kavu\u015fmas\u0131\u2026 B\u00fct\u00fcn bunlar ger\u00e7ek ile fantasti\u011fin i\u00e7 i\u00e7e ge\u00e7mi\u015f kurgusunda anlat\u0131lmaktad\u0131r. <\/p>\n","protected":false},"excerpt":{"rendered":"<p>Edgar Rice Burroughs\u2019un \u00fcnl\u00fc Mars dizisinin bu d\u00f6rd\u00fcnc\u00fc kitab\u0131nda, John Carter\u2019\u0131n Kutsal Thernler\u2019in elinden kurtard\u0131\u011f\u0131 Ptarth Prensesi Thuvia ile John Carter\u2019\u0131n o\u011flu Prens Carthoris\u2019in ba\u015f\u0131ndan ge\u00e7enler<span class=\"excerpt-hellip\"> [\u2026]<\/span><\/p>\n","protected":false},"featured_media":0,"template":"","meta":{"_monsterinsights_skip_tracking":false,"_monsterinsights_sitenote_active":false,"_monsterinsights_sitenote_note":"","_monsterinsights_sitenote_category":0},"product_brand":[],"product_cat":[12540,12291],"product_tag":[],"class_list":{"0":"post-742266","1":"product","2":"type-product","3":"status-publish","5":"product_cat-bilim-kurgu","6":"product_cat-edebiyat","7":"pa_cilt-ciltsiz","8":"pa_tur-kitap","9":"pa_yayinevi-bilgesu-yayincilik","10":"pa_yazar-edgar-rice-burroughs","12":"first","13":"instock","14":"sale","15":"shipping-taxable","16":"purchasable","17":"product-type-simple"},"_links":{"self":[{"href":"https:\/\/roveyayinevi.com.tr\/index.php\/wp-json\/wp\/v2\/product\/742266","targetHints":{"allow":["GET"]}}],"collection":[{"href":"https:\/\/roveyayinevi.com.tr\/index.php\/wp-json\/wp\/v2\/product"}],"about":[{"href":"https:\/\/roveyayinevi.com.tr\/index.php\/wp-json\/wp\/v2\/types\/product"}],"wp:attachment":[{"href":"https:\/\/roveyayinevi.com.tr\/index.php\/wp-json\/wp\/v2\/media?parent=742266"}],"wp:term":[{"taxonomy":"product_brand","embeddable":true,"href":"https:\/\/roveyayinevi.com.tr\/index.php\/wp-json\/wp\/v2\/product_brand?post=742266"},{"taxonomy":"product_cat","embeddable":true,"href":"https:\/\/roveyayinevi.com.tr\/index.php\/wp-json\/wp\/v2\/product_cat?post=742266"},{"taxonomy":"product_tag","embeddable":true,"href":"https:\/\/roveyayinevi.com.tr\/index.php\/wp-json\/wp\/v2\/product_tag?post=742266"}],"curies":[{"name":"wp","href":"https:\/\/api.w.org\/{rel}","templated":true}]}}