{"id":742264,"date":"2025-08-28T01:07:58","date_gmt":"2025-08-27T22:07:58","guid":{"rendered":"https:\/\/roveyayinevi.com.tr\/index.php\/urun\/mehtap-havuzu\/"},"modified":"2026-04-16T02:53:23","modified_gmt":"2026-04-15T23:53:23","slug":"mehtap-havuzu","status":"publish","type":"product","link":"https:\/\/roveyayinevi.com.tr\/index.php\/urun\/mehtap-havuzu\/","title":{"rendered":"Mehtap Havuzu"},"content":{"rendered":"<p>\u201cFantazi, a\u015fk, macera; biraz gizem, biraz do\u011fa\u00fcst\u00fc; i\u00e7 i\u00e7e ge\u00e7en kadim efsaneler ve yaz\u0131ld\u0131\u011f\u0131 d\u00f6nemin bilimsel verileri\u2026 Hepsi parlak bir hayal g\u00fcc\u00fcn\u00fcn eseri olarak bir araya geliyor.\u201d NEW YORK TIMES \u201cD\u00fcnyan\u0131n kalbine do\u011fru bir \u015fim\u015fek h\u0131z\u0131yla iniyorduk! Acaba ne gibi mucizeler gizlenmi\u015fti oraya?\u201d Kadim uygarl\u0131klar\u0131n kal\u0131nt\u0131lar\u0131yla dolu s\u0131rad\u0131\u015f\u0131 bir co\u011frafyada, hayret ve deh\u015fet verici bir varl\u0131\u011f\u0131n pen\u00e7esine do\u011fru yola koyulan Walter Goodwin \u00f6nderli\u011findeki ekip, do\u011fa\u00fcst\u00fc gizemlerin d\u00fcnyas\u0131nda ak\u0131llara durgunluk verici maceralara at\u0131l\u0131r. Lovecraft\u2019\u0131n Cthulhu mitosundan Zindanlar ve Ejderhalar\u2019a ve hatta bir d\u00f6nemin unutulmaz dizisi Lost\u2019a kadar uzanan geni\u015f bir etki a\u011f\u0131na sahip bu eserde fantastik kurgu, korku ve bilimkurgu i\u00e7 i\u00e7e ge\u00e7iyor.<\/p>\n","protected":false},"excerpt":{"rendered":"<p>\u201cFantazi, a\u015fk, macera; biraz gizem, biraz do\u011fa\u00fcst\u00fc; i\u00e7 i\u00e7e ge\u00e7en kadim efsaneler ve yaz\u0131ld\u0131\u011f\u0131 d\u00f6nemin bilimsel verileri\u2026 Hepsi parlak bir hayal g\u00fcc\u00fcn\u00fcn eseri olarak bir araya<span class=\"excerpt-hellip\"> [\u2026]<\/span><\/p>\n","protected":false},"featured_media":0,"template":"","meta":{"_monsterinsights_skip_tracking":false,"_monsterinsights_sitenote_active":false,"_monsterinsights_sitenote_note":"","_monsterinsights_sitenote_category":0},"product_brand":[],"product_cat":[12291,12711],"product_tag":[],"class_list":{"0":"post-742264","1":"product","2":"type-product","3":"status-publish","5":"product_cat-edebiyat","6":"product_cat-roman-oyku","7":"pa_cilt-ciltsiz","8":"pa_tur-kitap","9":"pa_yayinevi-cinar-yayinlari","10":"pa_yazar-abraham-merritt","12":"first","13":"instock","14":"sale","15":"shipping-taxable","16":"purchasable","17":"product-type-simple"},"_links":{"self":[{"href":"https:\/\/roveyayinevi.com.tr\/index.php\/wp-json\/wp\/v2\/product\/742264","targetHints":{"allow":["GET"]}}],"collection":[{"href":"https:\/\/roveyayinevi.com.tr\/index.php\/wp-json\/wp\/v2\/product"}],"about":[{"href":"https:\/\/roveyayinevi.com.tr\/index.php\/wp-json\/wp\/v2\/types\/product"}],"wp:attachment":[{"href":"https:\/\/roveyayinevi.com.tr\/index.php\/wp-json\/wp\/v2\/media?parent=742264"}],"wp:term":[{"taxonomy":"product_brand","embeddable":true,"href":"https:\/\/roveyayinevi.com.tr\/index.php\/wp-json\/wp\/v2\/product_brand?post=742264"},{"taxonomy":"product_cat","embeddable":true,"href":"https:\/\/roveyayinevi.com.tr\/index.php\/wp-json\/wp\/v2\/product_cat?post=742264"},{"taxonomy":"product_tag","embeddable":true,"href":"https:\/\/roveyayinevi.com.tr\/index.php\/wp-json\/wp\/v2\/product_tag?post=742264"}],"curies":[{"name":"wp","href":"https:\/\/api.w.org\/{rel}","templated":true}]}}