{"id":742263,"date":"2025-08-28T01:07:57","date_gmt":"2025-08-27T22:07:57","guid":{"rendered":"https:\/\/roveyayinevi.com.tr\/index.php\/urun\/destan-sayilir\/"},"modified":"2026-04-16T02:53:23","modified_gmt":"2026-04-15T23:53:23","slug":"destan-sayilir","status":"publish","type":"product","link":"https:\/\/roveyayinevi.com.tr\/index.php\/urun\/destan-sayilir\/","title":{"rendered":"Destan Say\u0131l\u0131r"},"content":{"rendered":"<p>Geceleri \u0131\u015f\u0131kla dolu \u0131slak a\u011flar Aydan d\u00f6n\u00fcyorum parlak renklerden \u0130zmirli yasl\u0131 terzi Aigassos\u2019ta Alk\u0131\u015flar \u0130stanbul\u2019a diye ba\u011f\u0131ran F\u0131r\u0131nc\u0131 kad\u0131n\u0131n \u00e7i\u00e7ekten y\u00fcz \u00e7izgileri S\u0131rl\u0131 \u00e7\u00f6mlekler pazaryerinde, kimsesiz Ar\u0131lar\u0131n delirdi\u011fi vakitte Bir plak d\u00f6n\u00fcyor g\u00f6kte durmadan A\u011fa\u00e7lar da g\u00fcd\u00fck, ke\u00e7iler de ve tuz Burada avdan d\u00f6n\u00fcyorum Ey Afrodit, g\u00fczelli\u011fin \u00e2\u015f\u0131\u011f\u0131 sonsuz Hi\u00e7bir \u015fey yok heybemde Yarat bizi yeniden o ilk \u00f6p\u00fc\u015fle Ac\u0131 hepimize!<\/p>\n","protected":false},"excerpt":{"rendered":"<p>Geceleri \u0131\u015f\u0131kla dolu \u0131slak a\u011flar Aydan d\u00f6n\u00fcyorum parlak renklerden \u0130zmirli yasl\u0131 terzi Aigassos\u2019ta Alk\u0131\u015flar \u0130stanbul\u2019a diye ba\u011f\u0131ran F\u0131r\u0131nc\u0131 kad\u0131n\u0131n \u00e7i\u00e7ekten y\u00fcz \u00e7izgileri S\u0131rl\u0131 \u00e7\u00f6mlekler pazaryerinde, kimsesiz<span class=\"excerpt-hellip\"> [\u2026]<\/span><\/p>\n","protected":false},"featured_media":0,"template":"","meta":{"_monsterinsights_skip_tracking":false,"_monsterinsights_sitenote_active":false,"_monsterinsights_sitenote_note":"","_monsterinsights_sitenote_category":0},"product_brand":[],"product_cat":[35958],"product_tag":[],"class_list":{"0":"post-742263","1":"product","2":"type-product","3":"status-publish","5":"product_cat-siir-2","6":"pa_cilt-ciltsiz","7":"pa_tur-kitap","8":"pa_yayinevi-kirmizi-kedi-yayinevi","9":"pa_yazar-onur-caymaz","11":"first","12":"instock","13":"sale","14":"shipping-taxable","15":"purchasable","16":"product-type-simple"},"_links":{"self":[{"href":"https:\/\/roveyayinevi.com.tr\/index.php\/wp-json\/wp\/v2\/product\/742263","targetHints":{"allow":["GET"]}}],"collection":[{"href":"https:\/\/roveyayinevi.com.tr\/index.php\/wp-json\/wp\/v2\/product"}],"about":[{"href":"https:\/\/roveyayinevi.com.tr\/index.php\/wp-json\/wp\/v2\/types\/product"}],"wp:attachment":[{"href":"https:\/\/roveyayinevi.com.tr\/index.php\/wp-json\/wp\/v2\/media?parent=742263"}],"wp:term":[{"taxonomy":"product_brand","embeddable":true,"href":"https:\/\/roveyayinevi.com.tr\/index.php\/wp-json\/wp\/v2\/product_brand?post=742263"},{"taxonomy":"product_cat","embeddable":true,"href":"https:\/\/roveyayinevi.com.tr\/index.php\/wp-json\/wp\/v2\/product_cat?post=742263"},{"taxonomy":"product_tag","embeddable":true,"href":"https:\/\/roveyayinevi.com.tr\/index.php\/wp-json\/wp\/v2\/product_tag?post=742263"}],"curies":[{"name":"wp","href":"https:\/\/api.w.org\/{rel}","templated":true}]}}