{"id":742262,"date":"2025-08-28T01:07:55","date_gmt":"2025-08-27T22:07:55","guid":{"rendered":"https:\/\/roveyayinevi.com.tr\/index.php\/urun\/kusevinin-efendisi\/"},"modified":"2026-04-16T02:53:23","modified_gmt":"2026-04-15T23:53:23","slug":"kusevinin-efendisi","status":"publish","type":"product","link":"https:\/\/roveyayinevi.com.tr\/index.php\/urun\/kusevinin-efendisi\/","title":{"rendered":"Ku\u015fevi\u2019nin Efendisi"},"content":{"rendered":"<p>\u201cBir insan\u0131 nereye kadar tan\u0131yabiliriz?\u201d \u0130brahim Y\u0131ld\u0131r\u0131m\u2019\u0131n \u201cEyl\u00fclden Sonra\u201d \u00fc\u00e7lemesinin ilk kitab\u0131 Ku\u015fevi\u2019nin Efendisi bu soruyla ba\u015fl\u0131yor. Sonra bamba\u015fka sorular ve cevaplarla seyrediyor yolculuk. Yazd\u0131klar\u0131 ve ya\u015fam\u0131 bir muammaya evrilen Asaf Cemil, Asaf Cemil\u2019in hayat\u0131n\u0131n ve metninin pe\u015finde bir yazar Yusuf B\u00fcnyamin ve onun bu maceras\u0131nda konuya dahil olan Bedrettin Melek, Belk\u0131s hatta \u0130brahim Y\u0131ld\u0131r\u0131m\u2019\u0131n da yer ald\u0131\u011f\u0131 \u00e7ok sesli bir roman Ku\u015fevi\u2019nin Efendisi. Her yazar\u0131n, her metnin, her k\u0131sm\u0131n kendi sesiyle varoldu\u011fu bir oda m\u00fczi\u011fi\u2026 G\u00f6r\u00fclen d\u00fc\u015fler, kaleme al\u0131nan d\u00fc\u015f tutanaklar\u0131 ve bir yolculu\u011fun gizemli duraklar\u0131. \u0130brahim Y\u0131ld\u0131r\u0131m\u2019\u0131n klasikle\u015fmi\u015f eserlerinden Ku\u015fevi\u2019nin Efendisi\u2019nde bizzat s\u00f6yledi\u011fi gibi: \u201c\u0130yi ki ya\u015fad\u0131n, iyi ki \u00f6ld\u00fcn Asaf Cemil!\u201d<\/p>\n","protected":false},"excerpt":{"rendered":"<p>\u201cBir insan\u0131 nereye kadar tan\u0131yabiliriz?\u201d \u0130brahim Y\u0131ld\u0131r\u0131m\u2019\u0131n \u201cEyl\u00fclden Sonra\u201d \u00fc\u00e7lemesinin ilk kitab\u0131 Ku\u015fevi\u2019nin Efendisi bu soruyla ba\u015fl\u0131yor. Sonra bamba\u015fka sorular ve cevaplarla seyrediyor yolculuk. Yazd\u0131klar\u0131 ve<span class=\"excerpt-hellip\"> [\u2026]<\/span><\/p>\n","protected":false},"featured_media":0,"template":"","meta":{"_monsterinsights_skip_tracking":false,"_monsterinsights_sitenote_active":false,"_monsterinsights_sitenote_note":"","_monsterinsights_sitenote_category":0},"product_brand":[],"product_cat":[12291,12711],"product_tag":[],"class_list":{"0":"post-742262","1":"product","2":"type-product","3":"status-publish","5":"product_cat-edebiyat","6":"product_cat-roman-oyku","7":"pa_cilt-ciltsiz","8":"pa_tur-kitap","9":"pa_yayinevi-kirmizi-kedi-yayinevi","10":"pa_yazar-ibrahim-yildirim","12":"first","13":"instock","14":"sale","15":"shipping-taxable","16":"purchasable","17":"product-type-simple"},"_links":{"self":[{"href":"https:\/\/roveyayinevi.com.tr\/index.php\/wp-json\/wp\/v2\/product\/742262","targetHints":{"allow":["GET"]}}],"collection":[{"href":"https:\/\/roveyayinevi.com.tr\/index.php\/wp-json\/wp\/v2\/product"}],"about":[{"href":"https:\/\/roveyayinevi.com.tr\/index.php\/wp-json\/wp\/v2\/types\/product"}],"wp:attachment":[{"href":"https:\/\/roveyayinevi.com.tr\/index.php\/wp-json\/wp\/v2\/media?parent=742262"}],"wp:term":[{"taxonomy":"product_brand","embeddable":true,"href":"https:\/\/roveyayinevi.com.tr\/index.php\/wp-json\/wp\/v2\/product_brand?post=742262"},{"taxonomy":"product_cat","embeddable":true,"href":"https:\/\/roveyayinevi.com.tr\/index.php\/wp-json\/wp\/v2\/product_cat?post=742262"},{"taxonomy":"product_tag","embeddable":true,"href":"https:\/\/roveyayinevi.com.tr\/index.php\/wp-json\/wp\/v2\/product_tag?post=742262"}],"curies":[{"name":"wp","href":"https:\/\/api.w.org\/{rel}","templated":true}]}}