{"id":742259,"date":"2025-08-28T01:07:51","date_gmt":"2025-08-27T22:07:51","guid":{"rendered":"https:\/\/roveyayinevi.com.tr\/index.php\/urun\/14-14\/"},"modified":"2026-04-16T02:53:23","modified_gmt":"2026-04-15T23:53:23","slug":"14-14","status":"publish","type":"product","link":"https:\/\/roveyayinevi.com.tr\/index.php\/urun\/14-14\/","title":{"rendered":"14-14"},"content":{"rendered":"<p>Sihirli bir posta kutusunun e\u015fsiz bir dostlu\u011fa yol a\u00e7t\u0131\u011f\u0131n\u0131 d\u00fc\u015f\u00fcn\u00fcn\u2026 Hadrien ve Adrien, birbirlerinden yirmi kilometre uzakta ya\u015fayan on \u00fc\u00e7 ya\u015f\u0131nda iki \u00e7ocuk. O ya\u015ftaki pek \u00e7ok \u00e7ocuk gibi, okulda, evde ve a\u015fk hayatlar\u0131nda zorluklarla, s\u0131k\u0131nt\u0131larla kar\u015f\u0131 kar\u015f\u0131yad\u0131rlar. Kaderleri gizemli bir \u015fekilde kesi\u015fir ve uzak bir kuzenlerine yazd\u0131klar\u0131n\u0131 d\u00fc\u015f\u00fcn\u00fcrken birbirleriyle mektupla\u015fmaya ba\u015flarlar; dertle\u015fir, duygular\u0131n\u0131, d\u00fc\u015f\u00fcncelerini payla\u015f\u0131p yak\u0131nla\u015f\u0131rlar. \u00c7ok ge\u00e7meden aralar\u0131nda sadece birka\u00e7 kilometre de\u011fil koskoca bir as\u0131r oldu\u011funu fark ederler: Hadrien 1914\u2019te, Adrien ise 2014\u2019te ya\u015famaktad\u0131r. Adrien\u2019\u0131n art\u0131k tek bir amac\u0131 vard\u0131r: Birinci D\u00fcnya Sava\u015f\u0131\u2019n\u0131n \u00e7ok yak\u0131nda \u00e7\u0131kaca\u011f\u0131na Hadrien\u2019\u0131 ikna etmek ve ona g\u00fcvenli bir s\u0131\u011f\u0131nak bulmak. Hadrien arkada\u015f\u0131na inanacak m\u0131? Adrien aralar\u0131ndaki as\u0131rl\u0131k mesafeye ra\u011fmen sa\u011flam bir dostluk kurdu\u011fu Hadrien\u2019\u0131n hayat\u0131n\u0131 kurtarabilecek mi? Sil\u00e8ne Edgar ve Paul Beorn\u2019un bu \u00f6zg\u00fcn hik\u00e2yesini, yaratt\u0131klar\u0131 b\u00fcy\u00fcleyici olay \u00f6rg\u00fcs\u00fc ve canl\u0131 atmosfer sayesinde b\u00fcy\u00fck bir merak ve keyifle okuyacaks\u0131n\u0131z.<\/p>\n","protected":false},"excerpt":{"rendered":"<p>Sihirli bir posta kutusunun e\u015fsiz bir dostlu\u011fa yol a\u00e7t\u0131\u011f\u0131n\u0131 d\u00fc\u015f\u00fcn\u00fcn\u2026 Hadrien ve Adrien, birbirlerinden yirmi kilometre uzakta ya\u015fayan on \u00fc\u00e7 ya\u015f\u0131nda iki \u00e7ocuk. O ya\u015ftaki pek<span class=\"excerpt-hellip\"> [\u2026]<\/span><\/p>\n","protected":false},"featured_media":0,"template":"","meta":{"_monsterinsights_skip_tracking":false,"_monsterinsights_sitenote_active":false,"_monsterinsights_sitenote_note":"","_monsterinsights_sitenote_category":0},"product_brand":[],"product_cat":[12689,12274],"product_tag":[],"class_list":{"0":"post-742259","1":"product","2":"type-product","3":"status-publish","5":"product_cat-cizgi-roman-cocuk-ve-genclik-kitaplari","6":"product_cat-cocuk-ve-genclik-kitaplari","7":"pa_cilt-ciltsiz","8":"pa_tur-kitap","9":"pa_yayinevi-kuraldisi-yayinevi","10":"pa_yazar-silene-edgar-paul-beorn","12":"first","13":"instock","14":"sale","15":"shipping-taxable","16":"purchasable","17":"product-type-simple"},"_links":{"self":[{"href":"https:\/\/roveyayinevi.com.tr\/index.php\/wp-json\/wp\/v2\/product\/742259","targetHints":{"allow":["GET"]}}],"collection":[{"href":"https:\/\/roveyayinevi.com.tr\/index.php\/wp-json\/wp\/v2\/product"}],"about":[{"href":"https:\/\/roveyayinevi.com.tr\/index.php\/wp-json\/wp\/v2\/types\/product"}],"wp:attachment":[{"href":"https:\/\/roveyayinevi.com.tr\/index.php\/wp-json\/wp\/v2\/media?parent=742259"}],"wp:term":[{"taxonomy":"product_brand","embeddable":true,"href":"https:\/\/roveyayinevi.com.tr\/index.php\/wp-json\/wp\/v2\/product_brand?post=742259"},{"taxonomy":"product_cat","embeddable":true,"href":"https:\/\/roveyayinevi.com.tr\/index.php\/wp-json\/wp\/v2\/product_cat?post=742259"},{"taxonomy":"product_tag","embeddable":true,"href":"https:\/\/roveyayinevi.com.tr\/index.php\/wp-json\/wp\/v2\/product_tag?post=742259"}],"curies":[{"name":"wp","href":"https:\/\/api.w.org\/{rel}","templated":true}]}}