{"id":742258,"date":"2025-08-28T01:07:51","date_gmt":"2025-08-27T22:07:51","guid":{"rendered":"https:\/\/roveyayinevi.com.tr\/index.php\/urun\/meleklerinizden-her-gun-rehberlik-kartlari\/"},"modified":"2026-04-16T02:53:23","modified_gmt":"2026-04-15T23:53:23","slug":"meleklerinizden-her-gun-rehberlik-kartlari","status":"publish","type":"product","link":"https:\/\/roveyayinevi.com.tr\/index.php\/urun\/meleklerinizden-her-gun-rehberlik-kartlari\/","title":{"rendered":"Meleklerinizden Her G\u00fcn Rehberlik Kartlar\u0131"},"content":{"rendered":"<p>Doreen Virtue\u2019nun bu kartlar\u0131 (beraberindeki kitap\u00e7\u0131kla birlikte) koruyucu meleklerinizden mesajlar verir, onlar\u0131n g\u00fcvenilir ve sevgi dolu varl\u0131\u011f\u0131n\u0131 hat\u0131rlat\u0131r. Melekleriniz size her g\u00fcn sorular\u0131n\u0131z\u0131 cevaplamak, olumlu niyetler ekmek, iyile\u015ftirmenize ve arzu etti\u011finiz \u015feyi tezah\u00fcr ettirmenize yard\u0131mc\u0131 olmak i\u00e7in m\u00fckemmel kart\u0131 verecektir. Size meleklerinizin rehberli\u011fini hat\u0131rlatmas\u0131 i\u00e7in \u00e7ekti\u011finiz bir kart\u0131 yak\u0131n\u0131n\u0131zda tutmak isteyebilirsiniz.<\/p>\n","protected":false},"excerpt":{"rendered":"<p>Doreen Virtue\u2019nun bu kartlar\u0131 (beraberindeki kitap\u00e7\u0131kla birlikte) koruyucu meleklerinizden mesajlar verir, onlar\u0131n g\u00fcvenilir ve sevgi dolu varl\u0131\u011f\u0131n\u0131 hat\u0131rlat\u0131r. Melekleriniz size her g\u00fcn sorular\u0131n\u0131z\u0131 cevaplamak, olumlu niyetler<span class=\"excerpt-hellip\"> [\u2026]<\/span><\/p>\n","protected":false},"featured_media":0,"template":"","meta":{"_monsterinsights_skip_tracking":false,"_monsterinsights_sitenote_active":false,"_monsterinsights_sitenote_note":"","_monsterinsights_sitenote_category":0},"product_brand":[],"product_cat":[18082,15563],"product_tag":[],"class_list":{"0":"post-742258","1":"product","2":"type-product","3":"status-publish","5":"product_cat-astroloji-fal-ruya","6":"product_cat-hobi","7":"pa_cilt-ciltsiz","8":"pa_tur-kitap","9":"pa_yayinevi-butik-yayinlari","10":"pa_yazar-doreen-virtue","12":"first","13":"instock","14":"sale","15":"shipping-taxable","16":"purchasable","17":"product-type-simple"},"_links":{"self":[{"href":"https:\/\/roveyayinevi.com.tr\/index.php\/wp-json\/wp\/v2\/product\/742258","targetHints":{"allow":["GET"]}}],"collection":[{"href":"https:\/\/roveyayinevi.com.tr\/index.php\/wp-json\/wp\/v2\/product"}],"about":[{"href":"https:\/\/roveyayinevi.com.tr\/index.php\/wp-json\/wp\/v2\/types\/product"}],"wp:attachment":[{"href":"https:\/\/roveyayinevi.com.tr\/index.php\/wp-json\/wp\/v2\/media?parent=742258"}],"wp:term":[{"taxonomy":"product_brand","embeddable":true,"href":"https:\/\/roveyayinevi.com.tr\/index.php\/wp-json\/wp\/v2\/product_brand?post=742258"},{"taxonomy":"product_cat","embeddable":true,"href":"https:\/\/roveyayinevi.com.tr\/index.php\/wp-json\/wp\/v2\/product_cat?post=742258"},{"taxonomy":"product_tag","embeddable":true,"href":"https:\/\/roveyayinevi.com.tr\/index.php\/wp-json\/wp\/v2\/product_tag?post=742258"}],"curies":[{"name":"wp","href":"https:\/\/api.w.org\/{rel}","templated":true}]}}