{"id":742257,"date":"2025-08-28T01:07:50","date_gmt":"2025-08-27T22:07:50","guid":{"rendered":"https:\/\/roveyayinevi.com.tr\/index.php\/urun\/meleklerin-cevabi-kehanet-kartlari\/"},"modified":"2026-04-16T02:53:23","modified_gmt":"2026-04-15T23:53:23","slug":"meleklerin-cevabi-kehanet-kartlari","status":"publish","type":"product","link":"https:\/\/roveyayinevi.com.tr\/index.php\/urun\/meleklerin-cevabi-kehanet-kartlari\/","title":{"rendered":"Meleklerin Cevab\u0131 Kehanet Kartlar\u0131"},"content":{"rendered":"<p>Bazen sorular\u0131n\u0131za \u201cevet\u201d veya \u201chay\u0131r\u201d gibi basit ve net bir cevap almaya ihtiya\u00e7 duyars\u0131n\u0131z. \u201cNe zaman bu i\u015fi alaca\u011f\u0131m, ruh e\u015fimle kar\u015f\u0131la\u015faca\u011f\u0131m, daha iyi bir yere ta\u015f\u0131naca\u011f\u0131m?\u201d vb. Meleklerin Cevab\u0131 Kehanet Kartlar\u0131 rehber kitab\u0131 k\u0131sa ve tatl\u0131 bir cevap almak istedi\u011finiz zamanlarda size g\u00fcvenilir bir \u015fekilde yol g\u00f6steren ayr\u0131nt\u0131l\u0131 talimatlar i\u00e7eriyor. \u00c7ok g\u00fczel resmedilmi\u015f bu 44 kart koruyucu meleklerinizin anla\u015f\u0131l\u0131r ve sevgi dolu mesajlar\u0131n\u0131 net bir \u015fekilde alabilmeniz i\u00e7in size dolamba\u00e7s\u0131z cevaplar veriyor. (Tan\u0131t\u0131m B\u00fclteninden) <\/p>\n","protected":false},"excerpt":{"rendered":"<p>Bazen sorular\u0131n\u0131za \u201cevet\u201d veya \u201chay\u0131r\u201d gibi basit ve net bir cevap almaya ihtiya\u00e7 duyars\u0131n\u0131z. \u201cNe zaman bu i\u015fi alaca\u011f\u0131m, ruh e\u015fimle kar\u015f\u0131la\u015faca\u011f\u0131m, daha iyi bir yere<span class=\"excerpt-hellip\"> [\u2026]<\/span><\/p>\n","protected":false},"featured_media":0,"template":"","meta":{"_monsterinsights_skip_tracking":false,"_monsterinsights_sitenote_active":false,"_monsterinsights_sitenote_note":"","_monsterinsights_sitenote_category":0},"product_brand":[],"product_cat":[18082,15563],"product_tag":[],"class_list":{"0":"post-742257","1":"product","2":"type-product","3":"status-publish","5":"product_cat-astroloji-fal-ruya","6":"product_cat-hobi","7":"pa_cilt-ciltsiz","8":"pa_tur-kitap","9":"pa_yayinevi-butik-yayinlari","10":"pa_yazar-radleigh-valentine","12":"first","13":"instock","14":"sale","15":"shipping-taxable","16":"purchasable","17":"product-type-simple"},"_links":{"self":[{"href":"https:\/\/roveyayinevi.com.tr\/index.php\/wp-json\/wp\/v2\/product\/742257","targetHints":{"allow":["GET"]}}],"collection":[{"href":"https:\/\/roveyayinevi.com.tr\/index.php\/wp-json\/wp\/v2\/product"}],"about":[{"href":"https:\/\/roveyayinevi.com.tr\/index.php\/wp-json\/wp\/v2\/types\/product"}],"wp:attachment":[{"href":"https:\/\/roveyayinevi.com.tr\/index.php\/wp-json\/wp\/v2\/media?parent=742257"}],"wp:term":[{"taxonomy":"product_brand","embeddable":true,"href":"https:\/\/roveyayinevi.com.tr\/index.php\/wp-json\/wp\/v2\/product_brand?post=742257"},{"taxonomy":"product_cat","embeddable":true,"href":"https:\/\/roveyayinevi.com.tr\/index.php\/wp-json\/wp\/v2\/product_cat?post=742257"},{"taxonomy":"product_tag","embeddable":true,"href":"https:\/\/roveyayinevi.com.tr\/index.php\/wp-json\/wp\/v2\/product_tag?post=742257"}],"curies":[{"name":"wp","href":"https:\/\/api.w.org\/{rel}","templated":true}]}}