{"id":742256,"date":"2025-08-28T01:07:49","date_gmt":"2025-08-27T22:07:49","guid":{"rendered":"https:\/\/roveyayinevi.com.tr\/index.php\/urun\/meleklerden-mesajlar\/"},"modified":"2026-04-16T02:53:23","modified_gmt":"2026-04-15T23:53:23","slug":"meleklerden-mesajlar","status":"publish","type":"product","link":"https:\/\/roveyayinevi.com.tr\/index.php\/urun\/meleklerden-mesajlar\/","title":{"rendered":"Meleklerden Mesajlar"},"content":{"rendered":"<p>44 Kartl\u0131k Deste ve A\u00e7\u0131klama Kitap\u00e7\u0131\u011f\u0131 Bu kart destesi, kendiniz ve ba\u015fkalar\u0131 i\u00e7in \u015fa\u015f\u0131rt\u0131c\u0131 do\u011frulukta bir melek okumas\u0131 yapman\u0131z\u0131 hi\u00e7 olmad\u0131\u011f\u0131 kadar kolay hale getiriyor. Her kart\u0131n \u00fczerinde muhte\u015fem bir melek resmiyle birlikte bir iki c\u00fcmlelik mesajlar var. Bu kartlar ba\u015fkalar\u0131n\u0131n ve sizin do\u011fru ya\u015fam amac\u0131n\u0131z\u0131n ne oldu\u011funu, bir insan\u0131n ruh e\u015finiz olup olmad\u0131\u011f\u0131n\u0131, i\u015finiz ve ya\u015fam ko\u015fullar\u0131n\u0131z ve hayata dair di\u011fer \u00f6nemli sorularla ilgili ne yap\u0131lmas\u0131 gerekti\u011fini bilmenize yard\u0131m edecek. Doreen, kendi ger\u00e7ek melek okumalar\u0131ndan yola \u00e7\u0131karak haz\u0131rlad\u0131\u011f\u0131 kartlarda, hem yeni ba\u015flayanlar hem de deneyimli ki\u015filer i\u00e7in en iyi desteyi olu\u015fturmak amac\u0131yla en \u00e7ok sorulan sorular\u0131 ve meleklerin cevaplar\u0131n\u0131 kulland\u0131. <\/p>\n","protected":false},"excerpt":{"rendered":"<p>44 Kartl\u0131k Deste ve A\u00e7\u0131klama Kitap\u00e7\u0131\u011f\u0131 Bu kart destesi, kendiniz ve ba\u015fkalar\u0131 i\u00e7in \u015fa\u015f\u0131rt\u0131c\u0131 do\u011frulukta bir melek okumas\u0131 yapman\u0131z\u0131 hi\u00e7 olmad\u0131\u011f\u0131 kadar kolay hale getiriyor. Her<span class=\"excerpt-hellip\"> [\u2026]<\/span><\/p>\n","protected":false},"featured_media":0,"template":"","meta":{"_monsterinsights_skip_tracking":false,"_monsterinsights_sitenote_active":false,"_monsterinsights_sitenote_note":"","_monsterinsights_sitenote_category":0},"product_brand":[],"product_cat":[18082,15563],"product_tag":[],"class_list":{"0":"post-742256","1":"product","2":"type-product","3":"status-publish","5":"product_cat-astroloji-fal-ruya","6":"product_cat-hobi","7":"pa_cilt-ciltsiz","8":"pa_tur-kitap","9":"pa_yayinevi-butik-yayinlari","10":"pa_yazar-doreen-virtue","12":"first","13":"instock","14":"sale","15":"shipping-taxable","16":"purchasable","17":"product-type-simple"},"_links":{"self":[{"href":"https:\/\/roveyayinevi.com.tr\/index.php\/wp-json\/wp\/v2\/product\/742256","targetHints":{"allow":["GET"]}}],"collection":[{"href":"https:\/\/roveyayinevi.com.tr\/index.php\/wp-json\/wp\/v2\/product"}],"about":[{"href":"https:\/\/roveyayinevi.com.tr\/index.php\/wp-json\/wp\/v2\/types\/product"}],"wp:attachment":[{"href":"https:\/\/roveyayinevi.com.tr\/index.php\/wp-json\/wp\/v2\/media?parent=742256"}],"wp:term":[{"taxonomy":"product_brand","embeddable":true,"href":"https:\/\/roveyayinevi.com.tr\/index.php\/wp-json\/wp\/v2\/product_brand?post=742256"},{"taxonomy":"product_cat","embeddable":true,"href":"https:\/\/roveyayinevi.com.tr\/index.php\/wp-json\/wp\/v2\/product_cat?post=742256"},{"taxonomy":"product_tag","embeddable":true,"href":"https:\/\/roveyayinevi.com.tr\/index.php\/wp-json\/wp\/v2\/product_tag?post=742256"}],"curies":[{"name":"wp","href":"https:\/\/api.w.org\/{rel}","templated":true}]}}