{"id":742255,"date":"2025-08-28T01:07:49","date_gmt":"2025-08-27T22:07:49","guid":{"rendered":"https:\/\/roveyayinevi.com.tr\/index.php\/urun\/melek-terapisi\/"},"modified":"2026-04-16T02:53:23","modified_gmt":"2026-04-15T23:53:23","slug":"melek-terapisi","status":"publish","type":"product","link":"https:\/\/roveyayinevi.com.tr\/index.php\/urun\/melek-terapisi\/","title":{"rendered":"Melek Terapisi"},"content":{"rendered":"<p>44 Kartl\u0131k Deste ve A\u00e7\u0131klama Kitap\u00e7\u0131\u011f\u0131 Bu kullan\u0131m\u0131 kolay kart destesi yeni ba\u015flayanlar kadar deneyimli olanlar i\u00e7in de uygundur. Melek Terapisi, koruyucu melekleriniz ve ba\u015fmeleklerle \u00e7al\u0131\u015fmay\u0131 i\u00e7eren (\u00f6zellikle Mikail ve \u0130srafil) g\u00fc\u00e7l\u00fc bir \u015fifa ve rehberlik s\u00fcrecidir. Bu kartlar ve beraberindeki k\u0131lavuz size \u015fifay\u0131 ba\u015flatacak ad\u0131mlar\u0131 verir, korkulardan ve duygusal t\u0131kan\u0131kl\u0131klardan kurtulman\u0131za yard\u0131m eder ve size ya\u015fam amac\u0131n\u0131z, ili\u015fkiler, tezah\u00fcrler ve daha fazlas\u0131 i\u00e7in mesajlar verir. Kartlar\u0131n \u00fczerinde muhte\u015fem peri resimleri ve sizin i\u00e7in bir mesaj ya da cevap bulacaks\u0131n\u0131z. Resim ve mesajlar\u0131n hepsi yeti\u015fkinler kadar \u00e7ocuklar i\u00e7in de uygundur. K\u0131lavuz, kendinize ve ba\u015fkalar\u0131na kart okumas\u0131 yaparken izleyece\u011finiz ad\u0131mlar\u0131 g\u00f6sterir ve her kart\u0131n geni\u015fletilmi\u015f anlam\u0131n\u0131 verir. <\/p>\n","protected":false},"excerpt":{"rendered":"<p>44 Kartl\u0131k Deste ve A\u00e7\u0131klama Kitap\u00e7\u0131\u011f\u0131 Bu kullan\u0131m\u0131 kolay kart destesi yeni ba\u015flayanlar kadar deneyimli olanlar i\u00e7in de uygundur. Melek Terapisi, koruyucu melekleriniz ve ba\u015fmeleklerle \u00e7al\u0131\u015fmay\u0131<span class=\"excerpt-hellip\"> [\u2026]<\/span><\/p>\n","protected":false},"featured_media":0,"template":"","meta":{"_monsterinsights_skip_tracking":false,"_monsterinsights_sitenote_active":false,"_monsterinsights_sitenote_note":"","_monsterinsights_sitenote_category":0},"product_brand":[],"product_cat":[18082,15563],"product_tag":[],"class_list":{"0":"post-742255","1":"product","2":"type-product","3":"status-publish","5":"product_cat-astroloji-fal-ruya","6":"product_cat-hobi","7":"pa_cilt-ciltsiz","8":"pa_tur-kitap","9":"pa_yayinevi-butik-yayinlari","10":"pa_yazar-doreen-virtue","12":"first","13":"instock","14":"sale","15":"shipping-taxable","16":"purchasable","17":"product-type-simple"},"_links":{"self":[{"href":"https:\/\/roveyayinevi.com.tr\/index.php\/wp-json\/wp\/v2\/product\/742255","targetHints":{"allow":["GET"]}}],"collection":[{"href":"https:\/\/roveyayinevi.com.tr\/index.php\/wp-json\/wp\/v2\/product"}],"about":[{"href":"https:\/\/roveyayinevi.com.tr\/index.php\/wp-json\/wp\/v2\/types\/product"}],"wp:attachment":[{"href":"https:\/\/roveyayinevi.com.tr\/index.php\/wp-json\/wp\/v2\/media?parent=742255"}],"wp:term":[{"taxonomy":"product_brand","embeddable":true,"href":"https:\/\/roveyayinevi.com.tr\/index.php\/wp-json\/wp\/v2\/product_brand?post=742255"},{"taxonomy":"product_cat","embeddable":true,"href":"https:\/\/roveyayinevi.com.tr\/index.php\/wp-json\/wp\/v2\/product_cat?post=742255"},{"taxonomy":"product_tag","embeddable":true,"href":"https:\/\/roveyayinevi.com.tr\/index.php\/wp-json\/wp\/v2\/product_tag?post=742255"}],"curies":[{"name":"wp","href":"https:\/\/api.w.org\/{rel}","templated":true}]}}