{"id":742254,"date":"2025-08-28T01:07:48","date_gmt":"2025-08-27T22:07:48","guid":{"rendered":"https:\/\/roveyayinevi.com.tr\/index.php\/urun\/melek-tarot-kartlari\/"},"modified":"2026-04-16T02:53:23","modified_gmt":"2026-04-15T23:53:23","slug":"melek-tarot-kartlari","status":"publish","type":"product","link":"https:\/\/roveyayinevi.com.tr\/index.php\/urun\/melek-tarot-kartlari\/","title":{"rendered":"Melek Tarot Kartlar\u0131"},"content":{"rendered":"<p>Pozitif, Sevgi Dolu ve Hassas\u2026 Tarot&#8217;a, uzun y\u0131llard\u0131r detayl\u0131 ve do\u011fru tahminler yapmaya yard\u0131mc\u0131 oldu\u011fu i\u00e7in sayg\u0131 duyulmu\u015ftur. Doreen Virtue ve Radleigh Valentine, %100 hassas, kesin ve gu?venilir ilk Tarot kart\u0131 destesini yaratt\u0131lar! Bu destedeki tu?m kelimeler ve Steve A. Roberts&#8217;in \u00e7izimleri, geleneksel tarotun sihirli ge\u00e7erlili\u011fini korumakla beraber pozitif ve gu?zeldir. Desteye e\u015flik eden rehber kitap\u00e7\u0131k, kendiniz ve ba\u015fkalar\u0131 i\u00e7in do\u011fru bir yorumlama yapman\u0131n ad\u0131mlar\u0131n\u0131 size anlat\u0131r ve her bir kart\u0131n genel anlam\u0131n\u0131 a\u00e7\u0131klar. Sembolizm ve melekleri, ba\u015fmelekleri, tekboynuzlu atlar\u0131, perileri ve deniz k\u0131zlar\u0131n\u0131 i\u00e7eren g\u00f6rsellerle zenginle\u015ftirilmi\u015f Melek Tarot Kartlar\u0131, hayat yolculu\u011funuzda ilham verici bir rehberlik sa\u011flayacakt\u0131r!<\/p>\n","protected":false},"excerpt":{"rendered":"<p>Pozitif, Sevgi Dolu ve Hassas\u2026 Tarot&#8217;a, uzun y\u0131llard\u0131r detayl\u0131 ve do\u011fru tahminler yapmaya yard\u0131mc\u0131 oldu\u011fu i\u00e7in sayg\u0131 duyulmu\u015ftur. Doreen Virtue ve Radleigh Valentine, %100 hassas, kesin<span class=\"excerpt-hellip\"> [\u2026]<\/span><\/p>\n","protected":false},"featured_media":0,"template":"","meta":{"_monsterinsights_skip_tracking":false,"_monsterinsights_sitenote_active":false,"_monsterinsights_sitenote_note":"","_monsterinsights_sitenote_category":0},"product_brand":[],"product_cat":[18082,15563],"product_tag":[],"class_list":{"0":"post-742254","1":"product","2":"type-product","3":"status-publish","5":"product_cat-astroloji-fal-ruya","6":"product_cat-hobi","7":"pa_cilt-set","8":"pa_tur-kitap","9":"pa_yayinevi-butik-yayinlari","10":"pa_yazar-radleigh-valentine-doreen-virtue","12":"first","13":"instock","14":"sale","15":"shipping-taxable","16":"purchasable","17":"product-type-simple"},"_links":{"self":[{"href":"https:\/\/roveyayinevi.com.tr\/index.php\/wp-json\/wp\/v2\/product\/742254","targetHints":{"allow":["GET"]}}],"collection":[{"href":"https:\/\/roveyayinevi.com.tr\/index.php\/wp-json\/wp\/v2\/product"}],"about":[{"href":"https:\/\/roveyayinevi.com.tr\/index.php\/wp-json\/wp\/v2\/types\/product"}],"wp:attachment":[{"href":"https:\/\/roveyayinevi.com.tr\/index.php\/wp-json\/wp\/v2\/media?parent=742254"}],"wp:term":[{"taxonomy":"product_brand","embeddable":true,"href":"https:\/\/roveyayinevi.com.tr\/index.php\/wp-json\/wp\/v2\/product_brand?post=742254"},{"taxonomy":"product_cat","embeddable":true,"href":"https:\/\/roveyayinevi.com.tr\/index.php\/wp-json\/wp\/v2\/product_cat?post=742254"},{"taxonomy":"product_tag","embeddable":true,"href":"https:\/\/roveyayinevi.com.tr\/index.php\/wp-json\/wp\/v2\/product_tag?post=742254"}],"curies":[{"name":"wp","href":"https:\/\/api.w.org\/{rel}","templated":true}]}}