{"id":742253,"date":"2025-08-28T01:07:47","date_gmt":"2025-08-27T22:07:47","guid":{"rendered":"https:\/\/roveyayinevi.com.tr\/index.php\/urun\/enerji-kehanet-kartlari\/"},"modified":"2026-04-16T02:53:23","modified_gmt":"2026-04-15T23:53:23","slug":"enerji-kehanet-kartlari","status":"publish","type":"product","link":"https:\/\/roveyayinevi.com.tr\/index.php\/urun\/enerji-kehanet-kartlari\/","title":{"rendered":"Enerji Kehanet Kartlar\u0131"},"content":{"rendered":"<p>53 Kartl\u0131k Deste ve A\u00e7\u0131klama Kitap\u00e7\u0131\u011f\u0131 Bu rehber kitap size, bu kart destesini, sizi ku\u015fatan ve her daim etraf\u0131n\u0131zda olan enerji ak\u0131\u015f\u0131na eri\u015fim kazanarak ya\u015fam\u0131n\u0131zdaki olas\u0131 gelecek y\u00f6nleri ke\u015ffetmek i\u00e7in nas\u0131l kullanabilece\u011finizi g\u00f6stermektedir. Bu kitapla kendiniz ve ba\u015fkalar\u0131 i\u00e7in okumalara nas\u0131l haz\u0131rlanaca\u011f\u0131n\u0131z ve okumalar\u0131 nas\u0131l y\u00fcr\u00fctece\u011finiz konusunda ad\u0131m ad\u0131m talimatlar bulacak, Y\u00fcce Ruh&#8217;un her zaman yan\u0131n\u0131zda olan enerji ve bilgeli\u011finden rehberlik alacak, kendi sezgisel bilgilerinize nas\u0131l eri\u015febilece\u011finizi de \u00f6\u011freneceksiniz. 53 kart\u0131n her biri i\u00e7in hem d\u00fcz hem de ters a\u00e7\u0131ld\u0131klar\u0131 takdirde ba\u015fvurabilece\u011finiz ayr\u0131nt\u0131l\u0131 a\u00e7\u0131klamalar bulunmaktad\u0131r. Her kart i\u00e7in ilham verici bir olumlama, g\u00fcnl\u00fck ya\u015fam\u0131n\u0131z\u0131n enerjisini yeniden kodlaman\u0131za yard\u0131mc\u0131 olarak ilk okuman\u0131n \u00f6tesindeki enerji mesaj\u0131n\u0131n g\u00fcc\u00fcn\u00fc size getirecektir! Sandra Anne Taylor, Quantum Success, The Hidden Power of Your Past Lives; Truth, Triumph and Transformation ve Hay House ile yay\u0131nlad\u0131\u011f\u0131 daha pek \u00e7ok kitab\u0131yla bir New York Times \u00e7ok-satanlar yazar\u0131d\u0131r. Psikoloji alan\u0131nda dan\u0131\u015fman olarak ge\u00e7en 25 y\u0131ll\u0131k kariyerinden sonra \u015fimdi sezgisel ko\u00e7luk, ge\u00e7mi\u015f ya\u015fam anlay\u0131\u015flar\u0131yla enerji okumalar\u0131n\u0131 entegre etmeye odaklan\u0131r. Kitaplar\u0131 t\u00fcm d\u00fcnyada 26 dilde yay\u0131nlanm\u0131\u015ft\u0131r. Enerji Kehanet Kartlar\u0131, hem y\u00f6nlendirdi\u011finiz mevcut enerjiyi hem de kendinize \u00e7ekmeniz muhtemel olan sonu\u00e7lar\u0131 ortaya \u00e7\u0131karmak \u00fczere tasarlanm\u0131\u015ft\u0131r. Kendi bilincinizin sonsuz g\u00fcc\u00fc Evren&#8217;de ilerleyen ve kaderinizin tohumlar\u0131n\u0131 d\u00f6rt bir yana eken ya\u015famsal bir kuvvettir. Bu kullan\u0131m\u0131 kolay kartlar, bilincinizin ne yaratt\u0131\u011f\u0131n\u0131 anlaman\u0131za ve ilerleyi\u015finizi sekteye u\u011frat\u0131yor olabilecek her t\u00fcrl\u00fc gizli engeli ortaya \u00e7\u0131karman\u0131za yard\u0131mc\u0131 olacakt\u0131r. Bu kartlar\u0131n size sunaca\u011f\u0131 bilgiler sizi g\u00fc\u00e7lendirecek ve size ilham verecektir, \u00e7\u00fcnk\u00fc bu bilgiler kutsal el\u00e7ilerden, manevi \u00e2lemlerdeki dostlardan ve kendi y\u00fcce benli\u011finizden gelmektedir. \u0130htiyac\u0131n\u0131z olan her \u015fey parmaklar\u0131n\u0131z\u0131n ucundad\u0131r, bu y\u00fczden sezgilerinizin y\u00fccelmesine izin verin. Onlar\u0131n getirdi\u011fi mesajlar\u0131 dinleyin ve hayat\u0131n\u0131z\u0131 muazzam zirvelere ta\u015f\u0131y\u0131n! (Tan\u0131t\u0131m B\u00fclteninden)<\/p>\n","protected":false},"excerpt":{"rendered":"<p>53 Kartl\u0131k Deste ve A\u00e7\u0131klama Kitap\u00e7\u0131\u011f\u0131 Bu rehber kitap size, bu kart destesini, sizi ku\u015fatan ve her daim etraf\u0131n\u0131zda olan enerji ak\u0131\u015f\u0131na eri\u015fim kazanarak ya\u015fam\u0131n\u0131zdaki olas\u0131<span class=\"excerpt-hellip\"> [\u2026]<\/span><\/p>\n","protected":false},"featured_media":0,"template":"","meta":{"_monsterinsights_skip_tracking":false,"_monsterinsights_sitenote_active":false,"_monsterinsights_sitenote_note":"","_monsterinsights_sitenote_category":0},"product_brand":[],"product_cat":[18082,15563],"product_tag":[],"class_list":{"0":"post-742253","1":"product","2":"type-product","3":"status-publish","5":"product_cat-astroloji-fal-ruya","6":"product_cat-hobi","7":"pa_cilt-ciltsiz","8":"pa_tur-kitap","9":"pa_yayinevi-butik-yayinlari","10":"pa_yazar-sandra-anne-taylor","12":"first","13":"instock","14":"sale","15":"shipping-taxable","16":"purchasable","17":"product-type-simple"},"_links":{"self":[{"href":"https:\/\/roveyayinevi.com.tr\/index.php\/wp-json\/wp\/v2\/product\/742253","targetHints":{"allow":["GET"]}}],"collection":[{"href":"https:\/\/roveyayinevi.com.tr\/index.php\/wp-json\/wp\/v2\/product"}],"about":[{"href":"https:\/\/roveyayinevi.com.tr\/index.php\/wp-json\/wp\/v2\/types\/product"}],"wp:attachment":[{"href":"https:\/\/roveyayinevi.com.tr\/index.php\/wp-json\/wp\/v2\/media?parent=742253"}],"wp:term":[{"taxonomy":"product_brand","embeddable":true,"href":"https:\/\/roveyayinevi.com.tr\/index.php\/wp-json\/wp\/v2\/product_brand?post=742253"},{"taxonomy":"product_cat","embeddable":true,"href":"https:\/\/roveyayinevi.com.tr\/index.php\/wp-json\/wp\/v2\/product_cat?post=742253"},{"taxonomy":"product_tag","embeddable":true,"href":"https:\/\/roveyayinevi.com.tr\/index.php\/wp-json\/wp\/v2\/product_tag?post=742253"}],"curies":[{"name":"wp","href":"https:\/\/api.w.org\/{rel}","templated":true}]}}