{"id":742252,"date":"2025-08-28T01:07:46","date_gmt":"2025-08-27T22:07:46","guid":{"rendered":"https:\/\/roveyayinevi.com.tr\/index.php\/urun\/donusum-tarotu\/"},"modified":"2026-04-16T02:53:23","modified_gmt":"2026-04-15T23:53:23","slug":"donusum-tarotu","status":"publish","type":"product","link":"https:\/\/roveyayinevi.com.tr\/index.php\/urun\/donusum-tarotu\/","title":{"rendered":"D\u00f6n\u00fc\u015f\u00fcm Tarotu"},"content":{"rendered":"<p>Y\u00fczy\u0131llar boyunca mistikler ve bilgeler hayat\u0131n en derin s\u0131rlar\u0131n\u0131 daha kolay hat\u0131rlamam\u0131za ve d\u00fc\u015f\u00fcnmemize yard\u0131m etmenin bir yolu olarak hikayeleri kulland\u0131lar. Osho bizim \u00e7a\u011f\u0131m\u0131z\u0131n, eski \u00e7a\u011f hikayelerinin zamand\u0131\u015f\u0131 bilgeli\u011fini, bize \u00e7a\u011fda\u015f ya\u015fam\u0131n ger\u00e7ekliklerine dair anl\u0131k ve pratik i\u00e7g\u00f6r\u00fcler verecek \u015fekilde 21. y\u00fczy\u0131la uyarlama konusunda s\u0131ra d\u0131\u015f\u0131 h\u00fcnere sahip usta bir hikaye anlat\u0131c\u0131s\u0131d\u0131r. 60 kartl\u0131k destenin amac\u0131 kehanet ya da gelece\u011fi tahmin etmek de\u011fildir; bu deste bizi g\u00fcnl\u00fck ya\u015fam\u0131m\u0131z\u0131n her alan\u0131nda d\u00f6n\u00fc\u015f\u00fcm ve yenilenmenin gizli potansiyeline y\u00f6nlendirir. Her g\u00fcn bir kart se\u00e7in ve \u00fczerine d\u00fc\u015f\u00fcnmek i\u00e7in bir konu olarak ona kar\u015f\u0131l\u0131k gelen hikayeyi okuyun. Bir ili\u015fkinin dinamiklerini ke\u015ffetmek ya da belirli bir soruya dair i\u00e7g\u00f6r\u00fc kazanmak i\u00e7in basit bir kart dizilimi de kullanabilirsiniz.Osho D\u00f6n\u00fc\u015f\u00fcm Tarotu, Zen, Budizm, Sufizm, Tantra, Tao, H\u0131ristiyanl\u0131k ve Yahudi mistisizmi gibi d\u00fcnyan\u0131n en b\u00fcy\u00fck bilgelik geleneklerinden hik\u00e2yeler ve k\u0131ssalar i\u00e7erir. Bu kitap ve hik\u00e2yeleri simgeleyen 60 g\u00fczel kart, okurun anlamlar\u0131n\u0131 daha iyi kavramas\u0131na yard\u0131mc\u0131 olmaktad\u0131r.\u00d6rneklerden baz\u0131lar\u0131:Merhamet &#8211; \u0130sa tap\u0131naktaki t\u00fcccarlar\u0131n tezg\u00e2hlar\u0131n\u0131 devirir ve bize ger\u00e7ek merhametin niteliklerini \u00f6\u011fretir.Asla \u00d6lmeyen \u015eey &#8211; Buda&#8217;n\u0131n hayat\u0131ndan az bilinen bir hik\u00e2ye ve yasl\u0131 bir annenin \u00f6len \u00e7ocu\u011funu hayata geri d\u00f6nd\u00fcrme ricas\u0131na verdi\u011fi yan\u0131t.Taklit &#8211; kendi e\u015fsiz bireyselli\u011fimizi geli\u015ftirmenin \u00f6nemine dair uzla\u015fmac\u0131 olmayan bir Zen k\u0131ssas\u0131.Yapmak &#8211; Bir Sufi hik\u00e2yesi \u015f\u00f6yle tavsiye eder: &#8220;Tanr\u0131&#8217;ya g\u00fcven&#8230; Ama \u00f6nce deveni ba\u011fla.&#8221;Bu kitap bir dizi basit kart okumas\u0131 i\u00e7in \u00f6neriler verirken Osho&#8217;nun i\u00e7g\u00f6r\u00fcleri okura anlay\u0131\u015f ve d\u00f6n\u00fc\u015f\u00fcm\u00fcn yeni boyutlar\u0131n\u0131 sunar. (Tan\u0131t\u0131m B\u00fclteninden)<\/p>\n","protected":false},"excerpt":{"rendered":"<p>Y\u00fczy\u0131llar boyunca mistikler ve bilgeler hayat\u0131n en derin s\u0131rlar\u0131n\u0131 daha kolay hat\u0131rlamam\u0131za ve d\u00fc\u015f\u00fcnmemize yard\u0131m etmenin bir yolu olarak hikayeleri kulland\u0131lar. Osho bizim \u00e7a\u011f\u0131m\u0131z\u0131n, eski \u00e7a\u011f<span class=\"excerpt-hellip\"> [\u2026]<\/span><\/p>\n","protected":false},"featured_media":0,"template":"","meta":{"_monsterinsights_skip_tracking":false,"_monsterinsights_sitenote_active":false,"_monsterinsights_sitenote_note":"","_monsterinsights_sitenote_category":0},"product_brand":[],"product_cat":[18082,15563],"product_tag":[],"class_list":{"0":"post-742252","1":"product","2":"type-product","3":"status-publish","5":"product_cat-astroloji-fal-ruya","6":"product_cat-hobi","7":"pa_cilt-ciltsiz","8":"pa_tur-kitap","9":"pa_yayinevi-butik-yayinlari","10":"pa_yazar-osho","12":"first","13":"instock","14":"sale","15":"shipping-taxable","16":"purchasable","17":"product-type-simple"},"_links":{"self":[{"href":"https:\/\/roveyayinevi.com.tr\/index.php\/wp-json\/wp\/v2\/product\/742252","targetHints":{"allow":["GET"]}}],"collection":[{"href":"https:\/\/roveyayinevi.com.tr\/index.php\/wp-json\/wp\/v2\/product"}],"about":[{"href":"https:\/\/roveyayinevi.com.tr\/index.php\/wp-json\/wp\/v2\/types\/product"}],"wp:attachment":[{"href":"https:\/\/roveyayinevi.com.tr\/index.php\/wp-json\/wp\/v2\/media?parent=742252"}],"wp:term":[{"taxonomy":"product_brand","embeddable":true,"href":"https:\/\/roveyayinevi.com.tr\/index.php\/wp-json\/wp\/v2\/product_brand?post=742252"},{"taxonomy":"product_cat","embeddable":true,"href":"https:\/\/roveyayinevi.com.tr\/index.php\/wp-json\/wp\/v2\/product_cat?post=742252"},{"taxonomy":"product_tag","embeddable":true,"href":"https:\/\/roveyayinevi.com.tr\/index.php\/wp-json\/wp\/v2\/product_tag?post=742252"}],"curies":[{"name":"wp","href":"https:\/\/api.w.org\/{rel}","templated":true}]}}