{"id":742250,"date":"2025-08-28T01:07:45","date_gmt":"2025-08-27T22:07:45","guid":{"rendered":"https:\/\/roveyayinevi.com.tr\/index.php\/urun\/nereden-cikti-bu-korona\/"},"modified":"2026-04-16T02:53:22","modified_gmt":"2026-04-15T23:53:22","slug":"nereden-cikti-bu-korona","status":"publish","type":"product","link":"https:\/\/roveyayinevi.com.tr\/index.php\/urun\/nereden-cikti-bu-korona\/","title":{"rendered":"Nereden \u00c7\u0131kt\u0131 Bu Korona"},"content":{"rendered":"<p>Emre, b\u00fct\u00fcn d\u00fcnyay\u0131 etkisi alt\u0131na alan Korona salg\u0131n\u0131 sebebiyle evde kapal\u0131d\u0131r. Fazlas\u0131yla s\u0131k\u0131ld\u0131\u011f\u0131 bir g\u00fcn gizemli bir paket al\u0131r ve i\u00e7inden \u00e7\u0131kan zihin anahtar\u0131yla kendisini aniden Sinan Amca\u2019n\u0131n laboratuvar\u0131nda bulur!Sen de Emre\u2019yi zamanda bir yolculu\u011fa \u00e7\u0131karan Sinan Amca ile birlikte insanl\u0131k tarihinde hepimizin hayat\u0131n\u0131 de\u011fi\u015ftiren salg\u0131n hastal\u0131klara dair pek \u00e7ok \u015fey \u00f6\u011frenmeye haz\u0131r m\u0131s\u0131n? Hem de G\u00f6k\u00e7e Akg\u00fcl\u2019\u00fcn \u00e7ok keyifli \u00e7izgi roman tad\u0131ndaki \u00e7izimleriyle!\u00c7ocuklar bilim insanlar\u0131 gibi merakl\u0131d\u0131r. \u00c7ok k\u00fc\u00e7\u00fck ya\u015flarda sorular sormaya, yeni \u015feyler ke\u015ffetmeye, ara\u015ft\u0131rmaya ba\u015flarlar. Biz de sevgili \u00e7ocuklar\u0131m\u0131z\u0131n bilimle ilgilenmesi, bilimi sevmesi ve hayat\u0131na yerle\u015ftirmesi i\u00e7in bir Bilim Maceralar\u0131 dizisi haz\u0131rlad\u0131k. Sinan Canan bu dizide \u00e7ocuklar i\u00e7in ilk defa yaz\u0131yor! (Tan\u0131t\u0131m B\u00fclteninden)<\/p>\n","protected":false},"excerpt":{"rendered":"<p>Emre, b\u00fct\u00fcn d\u00fcnyay\u0131 etkisi alt\u0131na alan Korona salg\u0131n\u0131 sebebiyle evde kapal\u0131d\u0131r. Fazlas\u0131yla s\u0131k\u0131ld\u0131\u011f\u0131 bir g\u00fcn gizemli bir paket al\u0131r ve i\u00e7inden \u00e7\u0131kan zihin anahtar\u0131yla kendisini aniden<span class=\"excerpt-hellip\"> [\u2026]<\/span><\/p>\n","protected":false},"featured_media":0,"template":"","meta":{"_monsterinsights_skip_tracking":false,"_monsterinsights_sitenote_active":false,"_monsterinsights_sitenote_note":"","_monsterinsights_sitenote_category":0},"product_brand":[],"product_cat":[13829,12274],"product_tag":[],"class_list":{"0":"post-742250","1":"product","2":"type-product","3":"status-publish","5":"product_cat-bilimsel-kitaplar","6":"product_cat-cocuk-ve-genclik-kitaplari","7":"pa_cilt-ciltsiz","8":"pa_tur-kitap","9":"pa_yayinevi-tuti-kitap","10":"pa_yazar-derya-edis-sinan-canan","12":"first","13":"instock","14":"sale","15":"shipping-taxable","16":"purchasable","17":"product-type-simple"},"_links":{"self":[{"href":"https:\/\/roveyayinevi.com.tr\/index.php\/wp-json\/wp\/v2\/product\/742250","targetHints":{"allow":["GET"]}}],"collection":[{"href":"https:\/\/roveyayinevi.com.tr\/index.php\/wp-json\/wp\/v2\/product"}],"about":[{"href":"https:\/\/roveyayinevi.com.tr\/index.php\/wp-json\/wp\/v2\/types\/product"}],"wp:attachment":[{"href":"https:\/\/roveyayinevi.com.tr\/index.php\/wp-json\/wp\/v2\/media?parent=742250"}],"wp:term":[{"taxonomy":"product_brand","embeddable":true,"href":"https:\/\/roveyayinevi.com.tr\/index.php\/wp-json\/wp\/v2\/product_brand?post=742250"},{"taxonomy":"product_cat","embeddable":true,"href":"https:\/\/roveyayinevi.com.tr\/index.php\/wp-json\/wp\/v2\/product_cat?post=742250"},{"taxonomy":"product_tag","embeddable":true,"href":"https:\/\/roveyayinevi.com.tr\/index.php\/wp-json\/wp\/v2\/product_tag?post=742250"}],"curies":[{"name":"wp","href":"https:\/\/api.w.org\/{rel}","templated":true}]}}