{"id":742249,"date":"2025-08-28T01:07:44","date_gmt":"2025-08-27T22:07:44","guid":{"rendered":"https:\/\/roveyayinevi.com.tr\/index.php\/urun\/hayalet-tofu-ve-cadi-ciya-1-kitap\/"},"modified":"2026-04-16T02:53:22","modified_gmt":"2026-04-15T23:53:22","slug":"hayalet-tofu-ve-cadi-ciya-1-kitap","status":"publish","type":"product","link":"https:\/\/roveyayinevi.com.tr\/index.php\/urun\/hayalet-tofu-ve-cadi-ciya-1-kitap\/","title":{"rendered":"Hayalet Tofu ve Cad\u0131 \u00c7iya &#8211; 1. Kitap"},"content":{"rendered":"<p>Tofu resim yapmaya \u00e2\u015f\u0131k, ressam olmay\u0131 hayal eden bir hayalet; \u00c7iya ise kasvetli \u015fiirler okumaya bay\u0131lan k\u00fc\u00e7\u00fck bir cad\u0131yd\u0131. Y\u0131ld\u0131ztozu Kasabas\u0131\u2019nda kar\u015f\u0131la\u015fmalar\u0131yla ba\u015flayan dostluklar\u0131, tamamen farkl\u0131 karakterlere sahip ikilinin hayat\u0131nda yepyeni bir sayfa a\u00e7m\u0131\u015ft\u0131.Bir g\u00fcn kasaban\u0131n m\u00fczesinde Tofu\u2019nun hep ka\u00e7\u0131nd\u0131\u011f\u0131 insanlardan biri, k\u00fc\u00e7\u00fck bir k\u0131z cesurca yan\u0131na gelip onunla konu\u015fmaya ba\u015flad\u0131. \u00c7iya\u2019dan ba\u015fka kimseyle konu\u015fmayan Tofu i\u00e7in son derece \u015fa\u015f\u0131rt\u0131c\u0131 bir and\u0131 bu. Bu k\u00fc\u00e7\u00fck k\u0131z\u0131n \u00e7\u0131kagelmesiyle Tofu ve \u00c7iya, zor da olsa insan-\u00e7ocuklara yeni bir g\u00f6zle bakmaya ba\u015flayacaklard\u0131.Zeynep Alpaslan bu kitab\u0131nda dostluk, fedak\u00e2rl\u0131k, \u00e7o\u011funluktan farkl\u0131 hissetme gibi konular\u0131 irdelerken okurunu yer yer karanl\u0131k ama \u0131\u015f\u0131lt\u0131l\u0131 ve umut dolu bir hik\u00e2yeye davet ediyor.<\/p>\n","protected":false},"excerpt":{"rendered":"<p>Tofu resim yapmaya \u00e2\u015f\u0131k, ressam olmay\u0131 hayal eden bir hayalet; \u00c7iya ise kasvetli \u015fiirler okumaya bay\u0131lan k\u00fc\u00e7\u00fck bir cad\u0131yd\u0131. Y\u0131ld\u0131ztozu Kasabas\u0131\u2019nda kar\u015f\u0131la\u015fmalar\u0131yla ba\u015flayan dostluklar\u0131, tamamen farkl\u0131<span class=\"excerpt-hellip\"> [\u2026]<\/span><\/p>\n","protected":false},"featured_media":0,"template":"","meta":{"_monsterinsights_skip_tracking":false,"_monsterinsights_sitenote_active":false,"_monsterinsights_sitenote_note":"","_monsterinsights_sitenote_category":0},"product_brand":[],"product_cat":[12689,12274],"product_tag":[],"class_list":{"0":"post-742249","1":"product","2":"type-product","3":"status-publish","5":"product_cat-cizgi-roman-cocuk-ve-genclik-kitaplari","6":"product_cat-cocuk-ve-genclik-kitaplari","7":"pa_cilt-ciltsiz","8":"pa_tur-kitap","9":"pa_yayinevi-ithaki-yayinlari","10":"pa_yazar-zeynep-alpaslan","12":"first","13":"instock","14":"sale","15":"shipping-taxable","16":"purchasable","17":"product-type-simple"},"_links":{"self":[{"href":"https:\/\/roveyayinevi.com.tr\/index.php\/wp-json\/wp\/v2\/product\/742249","targetHints":{"allow":["GET"]}}],"collection":[{"href":"https:\/\/roveyayinevi.com.tr\/index.php\/wp-json\/wp\/v2\/product"}],"about":[{"href":"https:\/\/roveyayinevi.com.tr\/index.php\/wp-json\/wp\/v2\/types\/product"}],"wp:attachment":[{"href":"https:\/\/roveyayinevi.com.tr\/index.php\/wp-json\/wp\/v2\/media?parent=742249"}],"wp:term":[{"taxonomy":"product_brand","embeddable":true,"href":"https:\/\/roveyayinevi.com.tr\/index.php\/wp-json\/wp\/v2\/product_brand?post=742249"},{"taxonomy":"product_cat","embeddable":true,"href":"https:\/\/roveyayinevi.com.tr\/index.php\/wp-json\/wp\/v2\/product_cat?post=742249"},{"taxonomy":"product_tag","embeddable":true,"href":"https:\/\/roveyayinevi.com.tr\/index.php\/wp-json\/wp\/v2\/product_tag?post=742249"}],"curies":[{"name":"wp","href":"https:\/\/api.w.org\/{rel}","templated":true}]}}