{"id":742248,"date":"2025-08-28T01:07:42","date_gmt":"2025-08-27T22:07:42","guid":{"rendered":"https:\/\/roveyayinevi.com.tr\/index.php\/urun\/evelyn-hugonun-yedi-kocasi\/"},"modified":"2026-01-23T03:05:41","modified_gmt":"2026-01-23T00:05:41","slug":"evelyn-hugonun-yedi-kocasi","status":"publish","type":"product","link":"https:\/\/roveyayinevi.com.tr\/index.php\/urun\/evelyn-hugonun-yedi-kocasi\/","title":{"rendered":"Evelyn Hugo\u2019nun Yedi Kocas\u0131"},"content":{"rendered":"<p>Sana t\u00fcm hik\u00e2yeyi anlataca\u011f\u0131ma s\u00f6z vermi\u015ftim. Haz\u0131rsan ba\u015flayal\u0131m. Sevgilerimle, Evelyn.Hollywood\u2019un en parlak ikonlar\u0131ndan olan Evelyn Hugo, \u015fa\u015faal\u0131 ve skandallarla dolu hayat\u0131yla ilgili ger\u00e7ekleri anlatmaya nihayet haz\u0131rd\u0131. Fakat bunun i\u00e7in tan\u0131nmam\u0131\u015f bir muhabir olan Monique Grant\u2019i se\u00e7ti\u011finde, buna ne i\u015f ne a\u015fk hayat\u0131nda ba\u015far\u0131l\u0131 olabilmi\u015f Monique\u2019ten daha fazla kimse \u015fa\u015f\u0131ramazd\u0131. Ancak Evelyn\u2019in neden onu se\u00e7ti\u011fine kafa yormaktansa bunu bir s\u0131\u00e7rama tahtas\u0131 olarak kullanman\u0131n tam s\u0131ras\u0131yd\u0131.Evelyn, kendisini 50\u2019li y\u0131llarda Los Angeles\u2019a s\u00fcr\u00fckleyip 80\u2019lerde \u015fov d\u00fcnyas\u0131ndan ayr\u0131lmas\u0131na yol a\u00e7an sebepleri ve tabii ki bu s\u00fcre\u00e7teki yedi evlili\u011finin ard\u0131ndaki s\u0131r perdesini kald\u0131r\u0131rken, b\u00fcy\u00fck yasak a\u015fklar\u0131n ve onulmaz h\u0131rslar\u0131n ger\u00e7ek y\u00fcz\u00fc ortaya \u00e7\u0131kacakt\u0131. Efsanevi y\u0131ld\u0131zla aras\u0131nda bir ba\u011f kurulurken Monique, kendi ya\u015fam\u0131n\u0131 da yepyeni bir bak\u0131\u015f a\u00e7\u0131s\u0131yla g\u00f6zden ge\u00e7irmek zorunda kalacakt\u0131.\u201cEvelyn Hugo, gecenin sonunda y\u00fcz\u00fcnden makyaj\u0131n\u0131 siler gibi en karanl\u0131k s\u0131rlar\u0131ndan kurtuluyor. \u0130\u00e7imizdeki Marilyn Monroe\u2019ya sesleniyor.\u201d \u2014Kirkus\u201cHollywood\u2019un eski \u015fa\u015faal\u0131 g\u00fcnleriyle dolu s\u00fcr\u00fckleyici bir hik\u00e2ye.\u201d \u2014Buzzfeed\u201cO kadar merak uyand\u0131r\u0131c\u0131 ve duygusal ki elinizden b\u0131rakamayacaks\u0131n\u0131z. Taylor Jenkins Reid\u2019in a\u00e7\u0131k ara en iyi roman\u0131.\u201d \u2014Associated PressTaylor Jenkins Reid bu ba\u015f d\u00f6nd\u00fcr\u00fcc\u00fc hik\u00e2yede, Hollywood\u2019un alt\u0131n \u00e7a\u011f\u0131n\u0131 Elizabeth Taylor\u2019\u0131 and\u0131ran bir ba\u015fkarakter \u00fczerinden anlat\u0131yor. Sinema y\u0131ld\u0131z\u0131 Evelyn Hugo, 79 ya\u015f\u0131n\u0131 bitirmek \u00fczereyken g\u00f6z kama\u015ft\u0131r\u0131c\u0131 ya\u015fam\u0131n\u0131 ve skandallarla dolu yedi evlili\u011fini g\u00f6zler \u00f6n\u00fcne seriyor.\u201d \u2014Us Weekly\u201cG\u00f6steri\u015f, dedikodu ve \u015fok edici s\u0131r ihtiyac\u0131n\u0131z\u0131 tamamen kar\u015f\u0131layacak.\u201d \u2014People\u201cA\u011flamaktan t\u00fcm makyaj\u0131n\u0131z\u0131n ak\u0131p gitmesine haz\u0131rsan\u0131z bu kitaba ba\u015flayabilirsiniz \u00e7\u00fcnk\u00fc beklentilerinizin \u00f6tesinde bir duygusall\u0131kla kar\u015f\u0131la\u015facaks\u0131n\u0131z. Evelyn\u2019in her evlili\u011fi kalp k\u0131r\u0131kl\u0131\u011f\u0131, ihanet ve aile i\u00e7i \u015fiddet gibi i\u00e7inizi parampar\u00e7a edecek bir ac\u0131yla y\u00fczle\u015ftiriyor. Fakat ger\u00e7ek a\u015fk\u0131n\u0131 g\u00f6rd\u00fc\u011f\u00fcn\u00fczde, art\u0131k eski siz olmayacaks\u0131n\u0131z.\u201d \u2014Bustle\u201cEvelyn\u2019in hayat\u0131 boyunca ba\u015f\u0131ndan ge\u00e7en muhte\u015fem maceralar, okuyan herkesi b\u00fcy\u00fcs\u00fcyle avucunun i\u00e7ine alacak.\u201d \u2014PopSugar\u201cEvelyn Hugo\u2019nun Yedi Kocas\u0131, bir kitaptan bekleyebilece\u011finiz her \u015feyi size sunuyor: Hollywood entrikalar\u0131, \u00e7arp\u0131c\u0131 bir ters k\u00f6\u015fe, dokunakl\u0131 bir anlat\u0131m.\u201d \u2014Anne Helen Petersen\u201cTaylor Jenkins Reid, bu nefes kesici hik\u00e2yesiyle alan\u0131nda bir numara oldu\u011funu tekrar kan\u0131tl\u0131yor.\u201d \u2014Redbook\u201cOkuru ilk sayfada avucunun i\u00e7ine almay\u0131 Taylor Jenkins Reid\u2019e b\u0131rak\u0131n.\u201d \u2014Working Mother\u201cReid\u2019in karakterleri, ge\u00e7mi\u015fin s\u0131rlarla dolu hik\u00e2yeleri ve y\u00fczle\u015fmek zorunda kalacaklar\u0131 ger\u00e7ekler boyunca okurlar\u0131 pe\u015flerinden s\u00fcr\u00fckleyecek.\u201d \u2014Real Simple\u201cBitirmenizin \u00fczerinden aylar ge\u00e7se bile etkisi s\u00fcrecek.\u201d \u2014Brit&amp;Co<\/p>\n","protected":false},"excerpt":{"rendered":"<p>Sana t\u00fcm hik\u00e2yeyi anlataca\u011f\u0131ma s\u00f6z vermi\u015ftim. Haz\u0131rsan ba\u015flayal\u0131m. Sevgilerimle, Evelyn.Hollywood\u2019un en parlak ikonlar\u0131ndan olan Evelyn Hugo, \u015fa\u015faal\u0131 ve skandallarla dolu hayat\u0131yla ilgili ger\u00e7ekleri anlatmaya nihayet haz\u0131rd\u0131.<span class=\"excerpt-hellip\"> [\u2026]<\/span><\/p>\n","protected":false},"featured_media":0,"template":"","meta":{"_monsterinsights_skip_tracking":false,"_monsterinsights_sitenote_active":false,"_monsterinsights_sitenote_note":"","_monsterinsights_sitenote_category":0},"product_brand":[],"product_cat":[12291,12711],"product_tag":[],"class_list":{"0":"post-742248","1":"product","2":"type-product","3":"status-publish","5":"product_cat-edebiyat","6":"product_cat-roman-oyku","7":"pa_cilt-ciltsiz","8":"pa_tur-kitap","9":"pa_yayinevi-yabanci-yayinevi","10":"pa_yazar-taylor-jenkins-reid","12":"first","13":"instock","14":"sale","15":"shipping-taxable","16":"purchasable","17":"product-type-simple"},"_links":{"self":[{"href":"https:\/\/roveyayinevi.com.tr\/index.php\/wp-json\/wp\/v2\/product\/742248","targetHints":{"allow":["GET"]}}],"collection":[{"href":"https:\/\/roveyayinevi.com.tr\/index.php\/wp-json\/wp\/v2\/product"}],"about":[{"href":"https:\/\/roveyayinevi.com.tr\/index.php\/wp-json\/wp\/v2\/types\/product"}],"wp:attachment":[{"href":"https:\/\/roveyayinevi.com.tr\/index.php\/wp-json\/wp\/v2\/media?parent=742248"}],"wp:term":[{"taxonomy":"product_brand","embeddable":true,"href":"https:\/\/roveyayinevi.com.tr\/index.php\/wp-json\/wp\/v2\/product_brand?post=742248"},{"taxonomy":"product_cat","embeddable":true,"href":"https:\/\/roveyayinevi.com.tr\/index.php\/wp-json\/wp\/v2\/product_cat?post=742248"},{"taxonomy":"product_tag","embeddable":true,"href":"https:\/\/roveyayinevi.com.tr\/index.php\/wp-json\/wp\/v2\/product_tag?post=742248"}],"curies":[{"name":"wp","href":"https:\/\/api.w.org\/{rel}","templated":true}]}}