{"id":742246,"date":"2025-08-28T01:07:40","date_gmt":"2025-08-27T22:07:40","guid":{"rendered":"https:\/\/roveyayinevi.com.tr\/index.php\/urun\/ay-bizimken\/"},"modified":"2026-04-16T02:53:22","modified_gmt":"2026-04-15T23:53:22","slug":"ay-bizimken","status":"publish","type":"product","link":"https:\/\/roveyayinevi.com.tr\/index.php\/urun\/ay-bizimken\/","title":{"rendered":"Ay Bizimken"},"content":{"rendered":"<p>2016 Gen\u00e7lik Edebiyat\u0131 Dal\u0131nda Ulusal Kitap \u00d6d\u00fclleri Kazanan\u01312016 Tiptree \u00d6d\u00fcl\u00fc Kazanan\u01312017 Stonewall Onur \u00d6d\u00fcl\u00fc Kazanan\u0131Kasabal\u0131lar\u0131n Bal ve Ay lakab\u0131n\u0131 takt\u0131klar\u0131 Miel ile Sam, t\u00fcm tuhafl\u0131klar\u0131yla birbirlerine kenetlenmi\u015flerdi. Miel\u2019in bile\u011finde g\u00fcller b\u00fcy\u00fcyordu ve dedikodulara g\u00f6re, be\u015f ya\u015f\u0131ndayken kasaban\u0131n eski su kulesinden d\u00f6k\u00fcl\u00fcvermi\u015fti. Sam ise boyay\u0131p a\u011fa\u00e7lara ast\u0131\u011f\u0131 aylar ve annesiyle birlikte kasabaya ta\u015f\u0131nmadan \u00f6nceki hayat\u0131n\u0131n gizemli olu\u015fu nedeniyle dikkat \u00e7ekiyordu.T\u00fcm garipliklerine ra\u011fmen onlar bile, cad\u0131 olduklar\u0131 rivayet edilen Bonner k\u0131zlar\u0131ndan uzak duruyordu. Fakat g\u00fczellikleriyle nam salm\u0131\u015f d\u00f6rt k\u0131z karde\u015fin bir g\u00fcn Miel\u2019in bile\u011finde b\u00fcy\u00fcyen g\u00fclleri istemesiyle bu durum k\u00f6kten de\u011fi\u015fecekti. Bu g\u00fcllerin herkesi kendilerine \u00e2\u015f\u0131k edebilece\u011fine inan\u0131yorlard\u0131 ve onlar istediklerini alana kadar, Miel\u2019in can\u0131 pahas\u0131na sak\u0131nd\u0131\u011f\u0131 hi\u00e7bir s\u0131r g\u00fcvende de\u011fildi.\u201cKlasik oldu\u011fu kadar modern, fantastik oldu\u011fu kadar da ger\u00e7ek bir a\u015fk hik\u00e2yesi&#8230;\u201d \u2014School Library Journal\u201cLatin efsaneleri ve b\u00fcy\u00fcl\u00fc ger\u00e7ekli\u011fe sar\u0131l\u0131 g\u00f6rkemli \u00fcslubuyla, Ay Bizimken peri masal\u0131 unsurlar\u0131n\u0131 bir a\u015fk hik\u00e2yesinin zarafetiyle birle\u015ftiriyor. Hik\u00e2yenin \u00f6z\u00fc ger\u00e7ekten derin bir h\u00fcmanizmde yat\u0131yor. Sevimli, gerekli ve ger\u00e7ek.\u201d \u2014Booklist (starred review)\u201cMcLemore adanm\u0131\u015fl\u0131k, aile ve kimlik konular\u0131n\u0131n k\u0131y\u0131s\u0131na kurdu\u011fu zengin anlat\u0131m\u0131yla bir kez daha b\u00fcy\u00fcl\u00fcyor\u2026 Okurlar hi\u00e7 fark\u0131na varmadan bu \u00f6l\u00fcms\u00fcz anlat\u0131ya kap\u0131lacaklar.\u201d \u2014Kirkus (starred review)\u201cS\u0131rlar\u0131n, onlar\u0131 anlatman\u0131n, kendi ger\u00e7e\u011fini cesurca ya\u015faman\u0131n ve s\u00f6ylemenin g\u00fcc\u00fcne dair bir hik\u00e2ye bu.\u201d \u2014Lambda Literary\u201cMcLemore \u00e7arp\u0131c\u0131 ve modern bir peri masal\u0131 yaratmak i\u00e7in b\u00fcy\u00fcl\u00fc \u00f6\u011feleri ve etnik karakterleri bir araya getiriyor\u2026 Zengin ve sayg\u0131 dolu anlat\u0131m\u0131 McLemore\u2019un alameti farikas\u0131\u2026 Cinsel kimlik, aile ve tarihin ki\u015fi \u00fczerindeki bask\u0131s\u0131yla ilgilenen okurlar, Ay Bizimken\u2019de bunlara ve ba\u015fka g\u00fc\u00e7l\u00fc temalara de\u011finen s\u00fcr\u00fckleyici bir hik\u00e2ye bulacaklar.\u201d \u2014Publishers Weekly\u201cDaha \u00f6nce b\u00f6yle bir kitap okumad\u0131n\u0131z\u2026 S\u0131cak ve b\u00fcy\u00fcl\u00fc bu hik\u00e2ye son derece modern bir peri masal\u0131nda tutsak kalm\u0131\u015fs\u0131n\u0131z gibi hissettirecek.\u201d \u2014Bustle\u201cEn s\u0131rad\u0131\u015f\u0131 gen\u00e7 yeti\u015fkin fantastik romanlardan. Kara b\u00fcy\u00fc, dostluk ve kuir a\u015fk, usta bir anlat\u0131mla birbirine \u00f6r\u00fclm\u00fc\u015f.\u201d \u2014Tor.com\u201cEnfes yaz\u0131lm\u0131\u015f ve \u015fa\u015f\u0131rt\u0131c\u0131 bi\u00e7imde gerilimli bu b\u00fcy\u00fcl\u00fc kitap sadece bir a\u015fk hik\u00e2yesini de\u011fil, saklad\u0131\u011f\u0131m\u0131z s\u0131rlar\u0131 ve s\u00f6yledi\u011fimiz yalanlar\u0131, birbirimize ve d\u00fcnyaya \u00f6zg\u00fcn kimliklerimizi a\u00e7\u0131klaman\u0131n ne kadar cesaret gerektirdi\u011fini anlat\u0131yor.\u201d \u2014Laura Ruby\u201cMcLemore\u2019un leziz \u00fcslubu, cinsiyet, cinsellik ve \u0131rk konular\u0131na uzanarak a\u015fk ve ger\u00e7eklik \u00fczerine anlat\u0131lmas\u0131 gereken bir hik\u00e2yeyi ortaya koyuyor. Tabii i\u00e7ine bir par\u00e7a b\u00fcy\u00fc eklemekten de geri durmuyor.\u201d \u2014Entertainment Weekly\u201cMcLemore t\u00fcrler aras\u0131nda ustal\u0131kla dans ediyor; k\u00fclt\u00fcr, efsane, r\u00fcya, a\u015fk ve cinsiyet kimli\u011finin par\u0131ldayan a\u011flar\u0131n\u0131 birbirine \u00f6yle e\u015fsiz bir \u015fekilde \u00f6rm\u00fc\u015f ki Ay Bizimken\u2019i y\u00fcre\u011fimin derinlerinde hissettim. Keyfine vararak, m\u00fckemmel c\u00fcmlelerinin tad\u0131n\u0131 \u00e7\u0131kararak yava\u015f yava\u015f okumak isteyece\u011finiz o \u00f6zel kitaplardan biri. Bu kitaba hayran kald\u0131m.\u201d \u2014Laura Resau<\/p>\n","protected":false},"excerpt":{"rendered":"<p>2016 Gen\u00e7lik Edebiyat\u0131 Dal\u0131nda Ulusal Kitap \u00d6d\u00fclleri Kazanan\u01312016 Tiptree \u00d6d\u00fcl\u00fc Kazanan\u01312017 Stonewall Onur \u00d6d\u00fcl\u00fc Kazanan\u0131Kasabal\u0131lar\u0131n Bal ve Ay lakab\u0131n\u0131 takt\u0131klar\u0131 Miel ile Sam, t\u00fcm tuhafl\u0131klar\u0131yla birbirlerine<span class=\"excerpt-hellip\"> [\u2026]<\/span><\/p>\n","protected":false},"featured_media":0,"template":"","meta":{"_monsterinsights_skip_tracking":false,"_monsterinsights_sitenote_active":false,"_monsterinsights_sitenote_note":"","_monsterinsights_sitenote_category":0},"product_brand":[],"product_cat":[12291,12711],"product_tag":[],"class_list":{"0":"post-742246","1":"product","2":"type-product","3":"status-publish","5":"product_cat-edebiyat","6":"product_cat-roman-oyku","7":"pa_cilt-ciltsiz","8":"pa_tur-kitap","9":"pa_yayinevi-yabanci-yayinevi","10":"pa_yazar-anna-marie-mclemore","12":"first","13":"instock","14":"sale","15":"shipping-taxable","16":"purchasable","17":"product-type-simple"},"_links":{"self":[{"href":"https:\/\/roveyayinevi.com.tr\/index.php\/wp-json\/wp\/v2\/product\/742246","targetHints":{"allow":["GET"]}}],"collection":[{"href":"https:\/\/roveyayinevi.com.tr\/index.php\/wp-json\/wp\/v2\/product"}],"about":[{"href":"https:\/\/roveyayinevi.com.tr\/index.php\/wp-json\/wp\/v2\/types\/product"}],"wp:attachment":[{"href":"https:\/\/roveyayinevi.com.tr\/index.php\/wp-json\/wp\/v2\/media?parent=742246"}],"wp:term":[{"taxonomy":"product_brand","embeddable":true,"href":"https:\/\/roveyayinevi.com.tr\/index.php\/wp-json\/wp\/v2\/product_brand?post=742246"},{"taxonomy":"product_cat","embeddable":true,"href":"https:\/\/roveyayinevi.com.tr\/index.php\/wp-json\/wp\/v2\/product_cat?post=742246"},{"taxonomy":"product_tag","embeddable":true,"href":"https:\/\/roveyayinevi.com.tr\/index.php\/wp-json\/wp\/v2\/product_tag?post=742246"}],"curies":[{"name":"wp","href":"https:\/\/api.w.org\/{rel}","templated":true}]}}