{"id":742245,"date":"2025-08-28T01:07:39","date_gmt":"2025-08-27T22:07:39","guid":{"rendered":"https:\/\/roveyayinevi.com.tr\/index.php\/urun\/tospaanin-bir-hayali-var\/"},"modified":"2025-11-06T08:05:46","modified_gmt":"2025-11-06T05:05:46","slug":"tospaanin-bir-hayali-var","status":"publish","type":"product","link":"https:\/\/roveyayinevi.com.tr\/index.php\/urun\/tospaanin-bir-hayali-var\/","title":{"rendered":"Tospaa&#8217;n\u0131n Bir Hayali Var"},"content":{"rendered":"<p>Tospaa Kodlama Giri\u015fimi sizleri Tospaa&#8217;n\u0131n cesaret, dayan\u0131\u015fma ve dostluklarla dolu d\u00fcnyas\u0131na davet ediyor. Tospaa&#8217;n\u0131n hayallerine kavu\u015fmak i\u00e7in \u00e7\u0131kt\u0131\u011f\u0131 bu yolculukta ona e\u015flik edecek, yeni arkada\u015flar\u0131 ile tan\u0131\u015facak ve t\u00fcrl\u00fc engelleri birlikte a\u015facaks\u0131n\u0131z.   <\/p>\n","protected":false},"excerpt":{"rendered":"<p>Tospaa Kodlama Giri\u015fimi sizleri Tospaa&#8217;n\u0131n cesaret, dayan\u0131\u015fma ve dostluklarla dolu d\u00fcnyas\u0131na davet ediyor. Tospaa&#8217;n\u0131n hayallerine kavu\u015fmak i\u00e7in \u00e7\u0131kt\u0131\u011f\u0131 bu yolculukta ona e\u015flik edecek, yeni arkada\u015flar\u0131 ile<span class=\"excerpt-hellip\"> [\u2026]<\/span><\/p>\n","protected":false},"featured_media":0,"template":"","meta":{"_monsterinsights_skip_tracking":false,"_monsterinsights_sitenote_active":false,"_monsterinsights_sitenote_note":"","_monsterinsights_sitenote_category":0},"product_brand":[],"product_cat":[12913,12274],"product_tag":[],"class_list":{"0":"post-742245","1":"product","2":"type-product","3":"status-publish","5":"product_cat-3-6-yas-kitaplari","6":"product_cat-cocuk-ve-genclik-kitaplari","7":"pa_cilt-ciltsiz","8":"pa_tur-kitap","9":"pa_yayinevi-abakus-kitap","10":"pa_yazar-zeynep-seyma-keles","12":"first","13":"instock","14":"sale","15":"shipping-taxable","16":"purchasable","17":"product-type-simple"},"_links":{"self":[{"href":"https:\/\/roveyayinevi.com.tr\/index.php\/wp-json\/wp\/v2\/product\/742245","targetHints":{"allow":["GET"]}}],"collection":[{"href":"https:\/\/roveyayinevi.com.tr\/index.php\/wp-json\/wp\/v2\/product"}],"about":[{"href":"https:\/\/roveyayinevi.com.tr\/index.php\/wp-json\/wp\/v2\/types\/product"}],"wp:attachment":[{"href":"https:\/\/roveyayinevi.com.tr\/index.php\/wp-json\/wp\/v2\/media?parent=742245"}],"wp:term":[{"taxonomy":"product_brand","embeddable":true,"href":"https:\/\/roveyayinevi.com.tr\/index.php\/wp-json\/wp\/v2\/product_brand?post=742245"},{"taxonomy":"product_cat","embeddable":true,"href":"https:\/\/roveyayinevi.com.tr\/index.php\/wp-json\/wp\/v2\/product_cat?post=742245"},{"taxonomy":"product_tag","embeddable":true,"href":"https:\/\/roveyayinevi.com.tr\/index.php\/wp-json\/wp\/v2\/product_tag?post=742245"}],"curies":[{"name":"wp","href":"https:\/\/api.w.org\/{rel}","templated":true}]}}